{"id":943,"date":"2025-01-07T17:46:09","date_gmt":"2025-01-07T16:46:09","guid":{"rendered":"https:\/\/detente-aupaysdelauzun.fr\/?post_type=product&#038;p=943"},"modified":"2025-11-25T16:15:44","modified_gmt":"2025-11-25T15:15:44","slug":"massage-minceur","status":"publish","type":"product","link":"https:\/\/detente-aupaysdelauzun.fr\/index.php\/produit\/massage-minceur\/","title":{"rendered":"Massage minceur"},"content":{"rendered":"<p>en solo uniquement<br \/>\nLe massage minceur, \u00e9galement appel\u00e9 massage drainant ou amincissant, est une technique manuelle visant \u00e0 r\u00e9duire les amas graisseux, am\u00e9liorer la circulation sanguine et lymphatique, et tonifier la peau. Il s\u2019inscrit souvent dans un programme global de remise en forme incluant une alimentation \u00e9quilibr\u00e9e et une activit\u00e9 physique r\u00e9guli\u00e8re.<br \/>\nLe massage minceur s\u2019adresse \u00e0 toute personne souhaitant affiner sa silhouette, r\u00e9duire l\u2019apparence de la cellulite ou relancer la circulation. Il est particuli\u00e8rement recommand\u00e9 en compl\u00e9ment d\u2019un mode de vie sain.<\/p>\n<p>&nbsp;<\/p>\n","protected":false},"excerpt":{"rendered":"<p>en solo uniquement Le massage minceur, \u00e9galement appel\u00e9 massage drainant ou amincissant, est une technique manuelle visant \u00e0 r\u00e9duire les amas graisseux, am\u00e9liorer la circulation sanguine et lymphatique, et tonifier <a class=\"more-link\" href=\"https:\/\/detente-aupaysdelauzun.fr\/index.php\/produit\/massage-minceur\/\">Continuer la lecture &rarr;<\/a><\/p>\n","protected":false},"featured_media":944,"template":"","meta":[],"product_brand":[],"product_cat":[32,38],"product_tag":[],"class_list":{"0":"post-943","1":"product","2":"type-product","3":"status-publish","4":"has-post-thumbnail","6":"product_cat-massage-specifique","7":"product_cat-minceur","9":"first","10":"instock","11":"downloadable","12":"shipping-taxable","13":"purchasable","14":"product-type-simple"},"yoast_head":"<!-- This site is optimized with the Yoast SEO plugin v27.2 - https:\/\/yoast.com\/product\/yoast-seo-wordpress\/ -->\n<title>Massage minceur - D\u00e9tente Bien-\u00eatre Th\u00e9rapies \u00e0 St Colomb de Lauzun<\/title>\n<meta name=\"robots\" content=\"index, follow, max-snippet:-1, max-image-preview:large, max-video-preview:-1\" \/>\n<link rel=\"canonical\" href=\"https:\/\/detente-aupaysdelauzun.fr\/index.php\/produit\/massage-minceur\/\" \/>\n<meta property=\"og:locale\" content=\"fr_FR\" \/>\n<meta property=\"og:type\" content=\"article\" \/>\n<meta property=\"og:title\" content=\"Massage minceur - D\u00e9tente Bien-\u00eatre Th\u00e9rapies \u00e0 St Colomb de Lauzun\" \/>\n<meta property=\"og:description\" content=\"en solo uniquement Le massage minceur, \u00e9galement appel\u00e9 massage drainant ou amincissant, est une technique manuelle visant \u00e0 r\u00e9duire les amas graisseux, am\u00e9liorer la circulation sanguine et lymphatique, et tonifier Continuer la lecture &rarr;\" \/>\n<meta property=\"og:url\" content=\"https:\/\/detente-aupaysdelauzun.fr\/index.php\/produit\/massage-minceur\/\" \/>\n<meta property=\"og:site_name\" content=\"D\u00e9tente Bien-\u00eatre Th\u00e9rapies \u00e0 St Colomb de Lauzun\" \/>\n<meta property=\"article:modified_time\" content=\"2025-11-25T15:15:44+00:00\" \/>\n<meta property=\"og:image\" content=\"https:\/\/detente-aupaysdelauzun.fr\/wp-content\/uploads\/2025\/01\/belly-2354_1280-1024x682-1.jpg\" \/>\n\t<meta property=\"og:image:width\" content=\"1024\" \/>\n\t<meta property=\"og:image:height\" content=\"682\" \/>\n\t<meta property=\"og:image:type\" content=\"image\/jpeg\" \/>\n<meta name=\"twitter:card\" content=\"summary_large_image\" \/>\n<meta name=\"twitter:label1\" content=\"Dur\u00e9e de lecture estim\u00e9e\" \/>\n\t<meta name=\"twitter:data1\" content=\"1 minute\" \/>\n<script type=\"application\/ld+json\" class=\"yoast-schema-graph\">{\"@context\":\"https:\/\/schema.org\",\"@graph\":[{\"@type\":\"WebPage\",\"@id\":\"https:\/\/detente-aupaysdelauzun.fr\/index.php\/produit\/massage-minceur\/\",\"url\":\"https:\/\/detente-aupaysdelauzun.fr\/index.php\/produit\/massage-minceur\/\",\"name\":\"Massage minceur - D\u00e9tente Bien-\u00eatre Th\u00e9rapies \u00e0 St Colomb de Lauzun\",\"isPartOf\":{\"@id\":\"https:\/\/detente-aupaysdelauzun.fr\/#website\"},\"primaryImageOfPage\":{\"@id\":\"https:\/\/detente-aupaysdelauzun.fr\/index.php\/produit\/massage-minceur\/#primaryimage\"},\"image\":{\"@id\":\"https:\/\/detente-aupaysdelauzun.fr\/index.php\/produit\/massage-minceur\/#primaryimage\"},\"thumbnailUrl\":\"https:\/\/detente-aupaysdelauzun.fr\/wp-content\/uploads\/2025\/01\/belly-2354_1280-1024x682-1.jpg\",\"datePublished\":\"2025-01-07T16:46:09+00:00\",\"dateModified\":\"2025-11-25T15:15:44+00:00\",\"breadcrumb\":{\"@id\":\"https:\/\/detente-aupaysdelauzun.fr\/index.php\/produit\/massage-minceur\/#breadcrumb\"},\"inLanguage\":\"fr-FR\",\"potentialAction\":[{\"@type\":\"ReadAction\",\"target\":[\"https:\/\/detente-aupaysdelauzun.fr\/index.php\/produit\/massage-minceur\/\"]}]},{\"@type\":\"ImageObject\",\"inLanguage\":\"fr-FR\",\"@id\":\"https:\/\/detente-aupaysdelauzun.fr\/index.php\/produit\/massage-minceur\/#primaryimage\",\"url\":\"https:\/\/detente-aupaysdelauzun.fr\/wp-content\/uploads\/2025\/01\/belly-2354_1280-1024x682-1.jpg\",\"contentUrl\":\"https:\/\/detente-aupaysdelauzun.fr\/wp-content\/uploads\/2025\/01\/belly-2354_1280-1024x682-1.jpg\",\"width\":1024,\"height\":682},{\"@type\":\"BreadcrumbList\",\"@id\":\"https:\/\/detente-aupaysdelauzun.fr\/index.php\/produit\/massage-minceur\/#breadcrumb\",\"itemListElement\":[{\"@type\":\"ListItem\",\"position\":1,\"name\":\"Accueil\",\"item\":\"https:\/\/detente-aupaysdelauzun.fr\/\"},{\"@type\":\"ListItem\",\"position\":2,\"name\":\"Boutique\",\"item\":\"https:\/\/detente-aupaysdelauzun.fr\/index.php\/boutique\/\"},{\"@type\":\"ListItem\",\"position\":3,\"name\":\"Massage minceur\"}]},{\"@type\":\"WebSite\",\"@id\":\"https:\/\/detente-aupaysdelauzun.fr\/#website\",\"url\":\"https:\/\/detente-aupaysdelauzun.fr\/\",\"name\":\"D\u00e9tente Bien-\u00eatre Th\u00e9rapies \u00e0 St Colomb de Lauzun\",\"description\":\"Lieu propice \u00e0 la d\u00e9tente et aux d\u00e9couvertes au triangle de la Dordogne de la Gironde et du Lot et Garonne\",\"potentialAction\":[{\"@type\":\"SearchAction\",\"target\":{\"@type\":\"EntryPoint\",\"urlTemplate\":\"https:\/\/detente-aupaysdelauzun.fr\/?s={search_term_string}\"},\"query-input\":{\"@type\":\"PropertyValueSpecification\",\"valueRequired\":true,\"valueName\":\"search_term_string\"}}],\"inLanguage\":\"fr-FR\"}]}<\/script>\n<!-- \/ Yoast SEO plugin. -->","yoast_head_json":{"title":"Massage minceur - D\u00e9tente Bien-\u00eatre Th\u00e9rapies \u00e0 St Colomb de Lauzun","robots":{"index":"index","follow":"follow","max-snippet":"max-snippet:-1","max-image-preview":"max-image-preview:large","max-video-preview":"max-video-preview:-1"},"canonical":"https:\/\/detente-aupaysdelauzun.fr\/index.php\/produit\/massage-minceur\/","og_locale":"fr_FR","og_type":"article","og_title":"Massage minceur - D\u00e9tente Bien-\u00eatre Th\u00e9rapies \u00e0 St Colomb de Lauzun","og_description":"en solo uniquement Le massage minceur, \u00e9galement appel\u00e9 massage drainant ou amincissant, est une technique manuelle visant \u00e0 r\u00e9duire les amas graisseux, am\u00e9liorer la circulation sanguine et lymphatique, et tonifier Continuer la lecture &rarr;","og_url":"https:\/\/detente-aupaysdelauzun.fr\/index.php\/produit\/massage-minceur\/","og_site_name":"D\u00e9tente Bien-\u00eatre Th\u00e9rapies \u00e0 St Colomb de Lauzun","article_modified_time":"2025-11-25T15:15:44+00:00","og_image":[{"width":1024,"height":682,"url":"https:\/\/detente-aupaysdelauzun.fr\/wp-content\/uploads\/2025\/01\/belly-2354_1280-1024x682-1.jpg","type":"image\/jpeg"}],"twitter_card":"summary_large_image","twitter_misc":{"Dur\u00e9e de lecture estim\u00e9e":"1 minute"},"schema":{"@context":"https:\/\/schema.org","@graph":[{"@type":"WebPage","@id":"https:\/\/detente-aupaysdelauzun.fr\/index.php\/produit\/massage-minceur\/","url":"https:\/\/detente-aupaysdelauzun.fr\/index.php\/produit\/massage-minceur\/","name":"Massage minceur - D\u00e9tente Bien-\u00eatre Th\u00e9rapies \u00e0 St Colomb de Lauzun","isPartOf":{"@id":"https:\/\/detente-aupaysdelauzun.fr\/#website"},"primaryImageOfPage":{"@id":"https:\/\/detente-aupaysdelauzun.fr\/index.php\/produit\/massage-minceur\/#primaryimage"},"image":{"@id":"https:\/\/detente-aupaysdelauzun.fr\/index.php\/produit\/massage-minceur\/#primaryimage"},"thumbnailUrl":"https:\/\/detente-aupaysdelauzun.fr\/wp-content\/uploads\/2025\/01\/belly-2354_1280-1024x682-1.jpg","datePublished":"2025-01-07T16:46:09+00:00","dateModified":"2025-11-25T15:15:44+00:00","breadcrumb":{"@id":"https:\/\/detente-aupaysdelauzun.fr\/index.php\/produit\/massage-minceur\/#breadcrumb"},"inLanguage":"fr-FR","potentialAction":[{"@type":"ReadAction","target":["https:\/\/detente-aupaysdelauzun.fr\/index.php\/produit\/massage-minceur\/"]}]},{"@type":"ImageObject","inLanguage":"fr-FR","@id":"https:\/\/detente-aupaysdelauzun.fr\/index.php\/produit\/massage-minceur\/#primaryimage","url":"https:\/\/detente-aupaysdelauzun.fr\/wp-content\/uploads\/2025\/01\/belly-2354_1280-1024x682-1.jpg","contentUrl":"https:\/\/detente-aupaysdelauzun.fr\/wp-content\/uploads\/2025\/01\/belly-2354_1280-1024x682-1.jpg","width":1024,"height":682},{"@type":"BreadcrumbList","@id":"https:\/\/detente-aupaysdelauzun.fr\/index.php\/produit\/massage-minceur\/#breadcrumb","itemListElement":[{"@type":"ListItem","position":1,"name":"Accueil","item":"https:\/\/detente-aupaysdelauzun.fr\/"},{"@type":"ListItem","position":2,"name":"Boutique","item":"https:\/\/detente-aupaysdelauzun.fr\/index.php\/boutique\/"},{"@type":"ListItem","position":3,"name":"Massage minceur"}]},{"@type":"WebSite","@id":"https:\/\/detente-aupaysdelauzun.fr\/#website","url":"https:\/\/detente-aupaysdelauzun.fr\/","name":"D\u00e9tente Bien-\u00eatre Th\u00e9rapies \u00e0 St Colomb de Lauzun","description":"Lieu propice \u00e0 la d\u00e9tente et aux d\u00e9couvertes au triangle de la Dordogne de la Gironde et du Lot et Garonne","potentialAction":[{"@type":"SearchAction","target":{"@type":"EntryPoint","urlTemplate":"https:\/\/detente-aupaysdelauzun.fr\/?s={search_term_string}"},"query-input":{"@type":"PropertyValueSpecification","valueRequired":true,"valueName":"search_term_string"}}],"inLanguage":"fr-FR"}]}},"_links":{"self":[{"href":"https:\/\/detente-aupaysdelauzun.fr\/index.php\/wp-json\/wp\/v2\/product\/943","targetHints":{"allow":["GET"]}}],"collection":[{"href":"https:\/\/detente-aupaysdelauzun.fr\/index.php\/wp-json\/wp\/v2\/product"}],"about":[{"href":"https:\/\/detente-aupaysdelauzun.fr\/index.php\/wp-json\/wp\/v2\/types\/product"}],"wp:featuredmedia":[{"embeddable":true,"href":"https:\/\/detente-aupaysdelauzun.fr\/index.php\/wp-json\/wp\/v2\/media\/944"}],"wp:attachment":[{"href":"https:\/\/detente-aupaysdelauzun.fr\/index.php\/wp-json\/wp\/v2\/media?parent=943"}],"wp:term":[{"taxonomy":"product_brand","embeddable":true,"href":"https:\/\/detente-aupaysdelauzun.fr\/index.php\/wp-json\/wp\/v2\/product_brand?post=943"},{"taxonomy":"product_cat","embeddable":true,"href":"https:\/\/detente-aupaysdelauzun.fr\/index.php\/wp-json\/wp\/v2\/product_cat?post=943"},{"taxonomy":"product_tag","embeddable":true,"href":"https:\/\/detente-aupaysdelauzun.fr\/index.php\/wp-json\/wp\/v2\/product_tag?post=943"}],"curies":[{"name":"wp","href":"https:\/\/api.w.org\/{rel}","templated":true}]}}