{"id":937,"date":"2025-01-07T17:37:03","date_gmt":"2025-01-07T16:37:03","guid":{"rendered":"https:\/\/detente-aupaysdelauzun.fr\/?post_type=product&#038;p=937"},"modified":"2025-11-24T20:27:33","modified_gmt":"2025-11-24T19:27:33","slug":"journee-tantra-couple-2-jours","status":"publish","type":"product","link":"https:\/\/detente-aupaysdelauzun.fr\/index.php\/produit\/journee-tantra-couple-2-jours\/","title":{"rendered":"Journ\u00e9es Tantra couple 2 jours"},"content":{"rendered":"<p>Cette journ\u00e9e s\u2019organise dans un cadre de grande bienveillance, respect, convivialit\u00e9, responsabilit\u00e9 et absence de jugement, Un moment o\u00f9 l\u2019\u00e9nergie sera au centre de toutes les attentions .Plusieurs exercices vous seront propos\u00e9s comme le massage, des techniques permettant de d\u00e9velopper la sensibilit\u00e9 et l\u2019ouverture du corps, Nous travaillerons \u00e9galement sur les chakras, la m\u00e9ditation. Une autre fa\u00e7on de d\u00e9couvrir son corps et le corps de l\u2019autre. Vous explorerez \u00e9galement votre \u00ab Moi \u00bb int\u00e9rieur. Pr\u00e9voir : un par\u00e9o, une grande serviette<\/p>\n<p><strong>Un programme personnalis\u00e9 en fonction de vos limites, attentes<\/strong>\u2026<br \/>\navec plusieurs possibilit\u00e9s :<br \/>\nRecevoir un massage tantra<br \/>\nM\u00e9ditation<br \/>\nLe toucher en conscience<br \/>\nRespiration circulaire<br \/>\nDanse m\u00e9ditative en couple<br \/>\nExercice de regard m\u00e9ditatif<br \/>\nCr\u00e9ation artistique en duo<br \/>\nRituel d\u2019union<br \/>\nRepas sensuel<\/p>\n<p><strong>Nos options :<\/strong><br \/>\nOption : Repas du midi (entr\u00e9e plat et dessert) hors boissons 25 \u20ac\/pers entr\u00e9e Plat Dessert<br \/>\nOption : Nuit\u00e9e 70 \u20ac (petit d\u00e9jeun\u00e9 inclus) taxe s\u00e9jour 0.80 \u20ac\/pers\/jour<\/p>\n","protected":false},"excerpt":{"rendered":"<p>Cette journ\u00e9e s\u2019organise dans un cadre de grande bienveillance, respect, convivialit\u00e9, responsabilit\u00e9 et absence de jugement, Un moment o\u00f9 l\u2019\u00e9nergie sera au centre de toutes les attentions .Plusieurs exercices vous <a class=\"more-link\" href=\"https:\/\/detente-aupaysdelauzun.fr\/index.php\/produit\/journee-tantra-couple-2-jours\/\">Continuer la lecture &rarr;<\/a><\/p>\n","protected":false},"featured_media":936,"template":"","meta":[],"product_brand":[],"product_cat":[31],"product_tag":[],"class_list":{"0":"post-937","1":"product","2":"type-product","3":"status-publish","4":"has-post-thumbnail","6":"product_cat-journee-couple","8":"first","9":"instock","10":"downloadable","11":"shipping-taxable","12":"purchasable","13":"product-type-simple"},"yoast_head":"<!-- This site is optimized with the Yoast SEO plugin v27.2 - https:\/\/yoast.com\/product\/yoast-seo-wordpress\/ -->\n<title>Journ\u00e9es Tantra couple 2 jours - D\u00e9tente Bien-\u00eatre Th\u00e9rapies \u00e0 St Colomb de Lauzun<\/title>\n<meta name=\"robots\" content=\"index, follow, max-snippet:-1, max-image-preview:large, max-video-preview:-1\" \/>\n<link rel=\"canonical\" href=\"https:\/\/detente-aupaysdelauzun.fr\/index.php\/produit\/journee-tantra-couple-2-jours\/\" \/>\n<meta property=\"og:locale\" content=\"fr_FR\" \/>\n<meta property=\"og:type\" content=\"article\" \/>\n<meta property=\"og:title\" content=\"Journ\u00e9es Tantra couple 2 jours - D\u00e9tente Bien-\u00eatre Th\u00e9rapies \u00e0 St Colomb de Lauzun\" \/>\n<meta property=\"og:description\" content=\"Cette journ\u00e9e s\u2019organise dans un cadre de grande bienveillance, respect, convivialit\u00e9, responsabilit\u00e9 et absence de jugement, Un moment o\u00f9 l\u2019\u00e9nergie sera au centre de toutes les attentions .Plusieurs exercices vous Continuer la lecture &rarr;\" \/>\n<meta property=\"og:url\" content=\"https:\/\/detente-aupaysdelauzun.fr\/index.php\/produit\/journee-tantra-couple-2-jours\/\" \/>\n<meta property=\"og:site_name\" content=\"D\u00e9tente Bien-\u00eatre Th\u00e9rapies \u00e0 St Colomb de Lauzun\" \/>\n<meta property=\"article:modified_time\" content=\"2025-11-24T19:27:33+00:00\" \/>\n<meta property=\"og:image\" content=\"https:\/\/detente-aupaysdelauzun.fr\/wp-content\/uploads\/2025\/01\/DALL\u00b7E-2024-12-28-21.43.05-A-serene-and-intimate-scene-depicting-a-couple-engaging-in-a-tantra-inspired-day.-The-setting-is-a-tranquil-nature-filled-environment-with-soft-sunli-1.webp\" \/>\n\t<meta property=\"og:image:width\" content=\"1024\" \/>\n\t<meta property=\"og:image:height\" content=\"1024\" \/>\n\t<meta property=\"og:image:type\" content=\"image\/webp\" \/>\n<meta name=\"twitter:card\" content=\"summary_large_image\" \/>\n<meta name=\"twitter:label1\" content=\"Dur\u00e9e de lecture estim\u00e9e\" \/>\n\t<meta name=\"twitter:data1\" content=\"1 minute\" \/>\n<script type=\"application\/ld+json\" class=\"yoast-schema-graph\">{\"@context\":\"https:\/\/schema.org\",\"@graph\":[{\"@type\":\"WebPage\",\"@id\":\"https:\/\/detente-aupaysdelauzun.fr\/index.php\/produit\/journee-tantra-couple-2-jours\/\",\"url\":\"https:\/\/detente-aupaysdelauzun.fr\/index.php\/produit\/journee-tantra-couple-2-jours\/\",\"name\":\"Journ\u00e9es Tantra couple 2 jours - D\u00e9tente Bien-\u00eatre Th\u00e9rapies \u00e0 St Colomb de Lauzun\",\"isPartOf\":{\"@id\":\"https:\/\/detente-aupaysdelauzun.fr\/#website\"},\"primaryImageOfPage\":{\"@id\":\"https:\/\/detente-aupaysdelauzun.fr\/index.php\/produit\/journee-tantra-couple-2-jours\/#primaryimage\"},\"image\":{\"@id\":\"https:\/\/detente-aupaysdelauzun.fr\/index.php\/produit\/journee-tantra-couple-2-jours\/#primaryimage\"},\"thumbnailUrl\":\"https:\/\/detente-aupaysdelauzun.fr\/wp-content\/uploads\/2025\/01\/DALL\u00b7E-2024-12-28-21.43.05-A-serene-and-intimate-scene-depicting-a-couple-engaging-in-a-tantra-inspired-day.-The-setting-is-a-tranquil-nature-filled-environment-with-soft-sunli-1.webp\",\"datePublished\":\"2025-01-07T16:37:03+00:00\",\"dateModified\":\"2025-11-24T19:27:33+00:00\",\"breadcrumb\":{\"@id\":\"https:\/\/detente-aupaysdelauzun.fr\/index.php\/produit\/journee-tantra-couple-2-jours\/#breadcrumb\"},\"inLanguage\":\"fr-FR\",\"potentialAction\":[{\"@type\":\"ReadAction\",\"target\":[\"https:\/\/detente-aupaysdelauzun.fr\/index.php\/produit\/journee-tantra-couple-2-jours\/\"]}]},{\"@type\":\"ImageObject\",\"inLanguage\":\"fr-FR\",\"@id\":\"https:\/\/detente-aupaysdelauzun.fr\/index.php\/produit\/journee-tantra-couple-2-jours\/#primaryimage\",\"url\":\"https:\/\/detente-aupaysdelauzun.fr\/wp-content\/uploads\/2025\/01\/DALL\u00b7E-2024-12-28-21.43.05-A-serene-and-intimate-scene-depicting-a-couple-engaging-in-a-tantra-inspired-day.-The-setting-is-a-tranquil-nature-filled-environment-with-soft-sunli-1.webp\",\"contentUrl\":\"https:\/\/detente-aupaysdelauzun.fr\/wp-content\/uploads\/2025\/01\/DALL\u00b7E-2024-12-28-21.43.05-A-serene-and-intimate-scene-depicting-a-couple-engaging-in-a-tantra-inspired-day.-The-setting-is-a-tranquil-nature-filled-environment-with-soft-sunli-1.webp\",\"width\":1024,\"height\":1024},{\"@type\":\"BreadcrumbList\",\"@id\":\"https:\/\/detente-aupaysdelauzun.fr\/index.php\/produit\/journee-tantra-couple-2-jours\/#breadcrumb\",\"itemListElement\":[{\"@type\":\"ListItem\",\"position\":1,\"name\":\"Accueil\",\"item\":\"https:\/\/detente-aupaysdelauzun.fr\/\"},{\"@type\":\"ListItem\",\"position\":2,\"name\":\"Boutique\",\"item\":\"https:\/\/detente-aupaysdelauzun.fr\/index.php\/boutique\/\"},{\"@type\":\"ListItem\",\"position\":3,\"name\":\"Journ\u00e9es Tantra couple 2 jours\"}]},{\"@type\":\"WebSite\",\"@id\":\"https:\/\/detente-aupaysdelauzun.fr\/#website\",\"url\":\"https:\/\/detente-aupaysdelauzun.fr\/\",\"name\":\"D\u00e9tente Bien-\u00eatre Th\u00e9rapies \u00e0 St Colomb de Lauzun\",\"description\":\"Lieu propice \u00e0 la d\u00e9tente et aux d\u00e9couvertes au triangle de la Dordogne de la Gironde et du Lot et Garonne\",\"potentialAction\":[{\"@type\":\"SearchAction\",\"target\":{\"@type\":\"EntryPoint\",\"urlTemplate\":\"https:\/\/detente-aupaysdelauzun.fr\/?s={search_term_string}\"},\"query-input\":{\"@type\":\"PropertyValueSpecification\",\"valueRequired\":true,\"valueName\":\"search_term_string\"}}],\"inLanguage\":\"fr-FR\"}]}<\/script>\n<!-- \/ Yoast SEO plugin. -->","yoast_head_json":{"title":"Journ\u00e9es Tantra couple 2 jours - D\u00e9tente Bien-\u00eatre Th\u00e9rapies \u00e0 St Colomb de Lauzun","robots":{"index":"index","follow":"follow","max-snippet":"max-snippet:-1","max-image-preview":"max-image-preview:large","max-video-preview":"max-video-preview:-1"},"canonical":"https:\/\/detente-aupaysdelauzun.fr\/index.php\/produit\/journee-tantra-couple-2-jours\/","og_locale":"fr_FR","og_type":"article","og_title":"Journ\u00e9es Tantra couple 2 jours - D\u00e9tente Bien-\u00eatre Th\u00e9rapies \u00e0 St Colomb de Lauzun","og_description":"Cette journ\u00e9e s\u2019organise dans un cadre de grande bienveillance, respect, convivialit\u00e9, responsabilit\u00e9 et absence de jugement, Un moment o\u00f9 l\u2019\u00e9nergie sera au centre de toutes les attentions .Plusieurs exercices vous Continuer la lecture &rarr;","og_url":"https:\/\/detente-aupaysdelauzun.fr\/index.php\/produit\/journee-tantra-couple-2-jours\/","og_site_name":"D\u00e9tente Bien-\u00eatre Th\u00e9rapies \u00e0 St Colomb de Lauzun","article_modified_time":"2025-11-24T19:27:33+00:00","og_image":[{"width":1024,"height":1024,"url":"https:\/\/detente-aupaysdelauzun.fr\/wp-content\/uploads\/2025\/01\/DALL\u00b7E-2024-12-28-21.43.05-A-serene-and-intimate-scene-depicting-a-couple-engaging-in-a-tantra-inspired-day.-The-setting-is-a-tranquil-nature-filled-environment-with-soft-sunli-1.webp","type":"image\/webp"}],"twitter_card":"summary_large_image","twitter_misc":{"Dur\u00e9e de lecture estim\u00e9e":"1 minute"},"schema":{"@context":"https:\/\/schema.org","@graph":[{"@type":"WebPage","@id":"https:\/\/detente-aupaysdelauzun.fr\/index.php\/produit\/journee-tantra-couple-2-jours\/","url":"https:\/\/detente-aupaysdelauzun.fr\/index.php\/produit\/journee-tantra-couple-2-jours\/","name":"Journ\u00e9es Tantra couple 2 jours - D\u00e9tente Bien-\u00eatre Th\u00e9rapies \u00e0 St Colomb de Lauzun","isPartOf":{"@id":"https:\/\/detente-aupaysdelauzun.fr\/#website"},"primaryImageOfPage":{"@id":"https:\/\/detente-aupaysdelauzun.fr\/index.php\/produit\/journee-tantra-couple-2-jours\/#primaryimage"},"image":{"@id":"https:\/\/detente-aupaysdelauzun.fr\/index.php\/produit\/journee-tantra-couple-2-jours\/#primaryimage"},"thumbnailUrl":"https:\/\/detente-aupaysdelauzun.fr\/wp-content\/uploads\/2025\/01\/DALL\u00b7E-2024-12-28-21.43.05-A-serene-and-intimate-scene-depicting-a-couple-engaging-in-a-tantra-inspired-day.-The-setting-is-a-tranquil-nature-filled-environment-with-soft-sunli-1.webp","datePublished":"2025-01-07T16:37:03+00:00","dateModified":"2025-11-24T19:27:33+00:00","breadcrumb":{"@id":"https:\/\/detente-aupaysdelauzun.fr\/index.php\/produit\/journee-tantra-couple-2-jours\/#breadcrumb"},"inLanguage":"fr-FR","potentialAction":[{"@type":"ReadAction","target":["https:\/\/detente-aupaysdelauzun.fr\/index.php\/produit\/journee-tantra-couple-2-jours\/"]}]},{"@type":"ImageObject","inLanguage":"fr-FR","@id":"https:\/\/detente-aupaysdelauzun.fr\/index.php\/produit\/journee-tantra-couple-2-jours\/#primaryimage","url":"https:\/\/detente-aupaysdelauzun.fr\/wp-content\/uploads\/2025\/01\/DALL\u00b7E-2024-12-28-21.43.05-A-serene-and-intimate-scene-depicting-a-couple-engaging-in-a-tantra-inspired-day.-The-setting-is-a-tranquil-nature-filled-environment-with-soft-sunli-1.webp","contentUrl":"https:\/\/detente-aupaysdelauzun.fr\/wp-content\/uploads\/2025\/01\/DALL\u00b7E-2024-12-28-21.43.05-A-serene-and-intimate-scene-depicting-a-couple-engaging-in-a-tantra-inspired-day.-The-setting-is-a-tranquil-nature-filled-environment-with-soft-sunli-1.webp","width":1024,"height":1024},{"@type":"BreadcrumbList","@id":"https:\/\/detente-aupaysdelauzun.fr\/index.php\/produit\/journee-tantra-couple-2-jours\/#breadcrumb","itemListElement":[{"@type":"ListItem","position":1,"name":"Accueil","item":"https:\/\/detente-aupaysdelauzun.fr\/"},{"@type":"ListItem","position":2,"name":"Boutique","item":"https:\/\/detente-aupaysdelauzun.fr\/index.php\/boutique\/"},{"@type":"ListItem","position":3,"name":"Journ\u00e9es Tantra couple 2 jours"}]},{"@type":"WebSite","@id":"https:\/\/detente-aupaysdelauzun.fr\/#website","url":"https:\/\/detente-aupaysdelauzun.fr\/","name":"D\u00e9tente Bien-\u00eatre Th\u00e9rapies \u00e0 St Colomb de Lauzun","description":"Lieu propice \u00e0 la d\u00e9tente et aux d\u00e9couvertes au triangle de la Dordogne de la Gironde et du Lot et Garonne","potentialAction":[{"@type":"SearchAction","target":{"@type":"EntryPoint","urlTemplate":"https:\/\/detente-aupaysdelauzun.fr\/?s={search_term_string}"},"query-input":{"@type":"PropertyValueSpecification","valueRequired":true,"valueName":"search_term_string"}}],"inLanguage":"fr-FR"}]}},"_links":{"self":[{"href":"https:\/\/detente-aupaysdelauzun.fr\/index.php\/wp-json\/wp\/v2\/product\/937","targetHints":{"allow":["GET"]}}],"collection":[{"href":"https:\/\/detente-aupaysdelauzun.fr\/index.php\/wp-json\/wp\/v2\/product"}],"about":[{"href":"https:\/\/detente-aupaysdelauzun.fr\/index.php\/wp-json\/wp\/v2\/types\/product"}],"wp:featuredmedia":[{"embeddable":true,"href":"https:\/\/detente-aupaysdelauzun.fr\/index.php\/wp-json\/wp\/v2\/media\/936"}],"wp:attachment":[{"href":"https:\/\/detente-aupaysdelauzun.fr\/index.php\/wp-json\/wp\/v2\/media?parent=937"}],"wp:term":[{"taxonomy":"product_brand","embeddable":true,"href":"https:\/\/detente-aupaysdelauzun.fr\/index.php\/wp-json\/wp\/v2\/product_brand?post=937"},{"taxonomy":"product_cat","embeddable":true,"href":"https:\/\/detente-aupaysdelauzun.fr\/index.php\/wp-json\/wp\/v2\/product_cat?post=937"},{"taxonomy":"product_tag","embeddable":true,"href":"https:\/\/detente-aupaysdelauzun.fr\/index.php\/wp-json\/wp\/v2\/product_tag?post=937"}],"curies":[{"name":"wp","href":"https:\/\/api.w.org\/{rel}","templated":true}]}}