{"id":933,"date":"2025-01-07T17:31:10","date_gmt":"2025-01-07T16:31:10","guid":{"rendered":"https:\/\/detente-aupaysdelauzun.fr\/?post_type=product&#038;p=933"},"modified":"2025-11-24T21:26:23","modified_gmt":"2025-11-24T20:26:23","slug":"journees-reconnexion-couple-2-jours","status":"publish","type":"product","link":"https:\/\/detente-aupaysdelauzun.fr\/index.php\/produit\/journees-reconnexion-couple-2-jours\/","title":{"rendered":"Journ\u00e9es reconnexion couple 2 jours"},"content":{"rendered":"<p>La vie quotidienne peut parfois nous \u00e9loigner de notre partenaire. Une journ\u00e9e de reconnexion est une opportunit\u00e9 pr\u00e9cieuse pour renforcer les liens, raviver l\u2019intimit\u00e9 et c\u00e9l\u00e9brer votre relation. Ce programme, con\u00e7u autour de la pleine conscience, de l\u2019intimit\u00e9 et de la communication, offre un cadre propice pour se retrouver et cr\u00e9er des souvenirs pr\u00e9cieux.<\/p>\n<p><strong>Objectifs de la journ\u00e9e<\/strong><br \/>\nRenforcer la connexion \u00e9motionnelle :<br \/>\nCultiver une meilleure compr\u00e9hension et une \u00e9coute attentive.<br \/>\nun espace de parole seul(e) et en couple<br \/>\nEncourager l\u2019intimit\u00e9 physique : Cr\u00e9er des moments de proximit\u00e9 et de partage.<br \/>\nFavoriser la d\u00e9tente : \u00c9liminer le stress et savourer la pr\u00e9sence de l\u2019autre.<br \/>\nC\u00e9l\u00e9brer votre relation : Reconna\u00eetre et appr\u00e9cier le chemin parcouru ensemble.<\/p>\n<p><strong>Nos options :<\/strong><br \/>\nOption : Repas du midi (entr\u00e9e plat et dessert) hors boissons 25 \u20ac\/pers entr\u00e9e Plat Dessert<br \/>\nOption : Nuit\u00e9e 70 \u20ac (petit d\u00e9jeun\u00e9 inclus) taxe s\u00e9jour 0.80 \u20ac\/pers\/jour<\/p>\n","protected":false},"excerpt":{"rendered":"<p>La vie quotidienne peut parfois nous \u00e9loigner de notre partenaire. Une journ\u00e9e de reconnexion est une opportunit\u00e9 pr\u00e9cieuse pour renforcer les liens, raviver l\u2019intimit\u00e9 et c\u00e9l\u00e9brer votre relation. Ce programme, <a class=\"more-link\" href=\"https:\/\/detente-aupaysdelauzun.fr\/index.php\/produit\/journees-reconnexion-couple-2-jours\/\">Continuer la lecture &rarr;<\/a><\/p>\n","protected":false},"featured_media":932,"template":"","meta":[],"product_brand":[],"product_cat":[31],"product_tag":[],"class_list":{"0":"post-933","1":"product","2":"type-product","3":"status-publish","4":"has-post-thumbnail","6":"product_cat-journee-couple","8":"first","9":"instock","10":"downloadable","11":"shipping-taxable","12":"purchasable","13":"product-type-simple"},"yoast_head":"<!-- This site is optimized with the Yoast SEO plugin v27.2 - https:\/\/yoast.com\/product\/yoast-seo-wordpress\/ -->\n<title>Journ\u00e9es reconnexion couple 2 jours - D\u00e9tente Bien-\u00eatre Th\u00e9rapies \u00e0 St Colomb de Lauzun<\/title>\n<meta name=\"robots\" content=\"index, follow, max-snippet:-1, max-image-preview:large, max-video-preview:-1\" \/>\n<link rel=\"canonical\" href=\"https:\/\/detente-aupaysdelauzun.fr\/index.php\/produit\/journees-reconnexion-couple-2-jours\/\" \/>\n<meta property=\"og:locale\" content=\"fr_FR\" \/>\n<meta property=\"og:type\" content=\"article\" \/>\n<meta property=\"og:title\" content=\"Journ\u00e9es reconnexion couple 2 jours - D\u00e9tente Bien-\u00eatre Th\u00e9rapies \u00e0 St Colomb de Lauzun\" \/>\n<meta property=\"og:description\" content=\"La vie quotidienne peut parfois nous \u00e9loigner de notre partenaire. Une journ\u00e9e de reconnexion est une opportunit\u00e9 pr\u00e9cieuse pour renforcer les liens, raviver l\u2019intimit\u00e9 et c\u00e9l\u00e9brer votre relation. Ce programme, Continuer la lecture &rarr;\" \/>\n<meta property=\"og:url\" content=\"https:\/\/detente-aupaysdelauzun.fr\/index.php\/produit\/journees-reconnexion-couple-2-jours\/\" \/>\n<meta property=\"og:site_name\" content=\"D\u00e9tente Bien-\u00eatre Th\u00e9rapies \u00e0 St Colomb de Lauzun\" \/>\n<meta property=\"article:modified_time\" content=\"2025-11-24T20:26:23+00:00\" \/>\n<meta property=\"og:image\" content=\"https:\/\/detente-aupaysdelauzun.fr\/wp-content\/uploads\/2025\/01\/coaching-pour-couple-sz33643572969.webp\" \/>\n\t<meta property=\"og:image:width\" content=\"990\" \/>\n\t<meta property=\"og:image:height\" content=\"660\" \/>\n\t<meta property=\"og:image:type\" content=\"image\/webp\" \/>\n<meta name=\"twitter:card\" content=\"summary_large_image\" \/>\n<meta name=\"twitter:label1\" content=\"Dur\u00e9e de lecture estim\u00e9e\" \/>\n\t<meta name=\"twitter:data1\" content=\"1 minute\" \/>\n<script type=\"application\/ld+json\" class=\"yoast-schema-graph\">{\"@context\":\"https:\/\/schema.org\",\"@graph\":[{\"@type\":\"WebPage\",\"@id\":\"https:\/\/detente-aupaysdelauzun.fr\/index.php\/produit\/journees-reconnexion-couple-2-jours\/\",\"url\":\"https:\/\/detente-aupaysdelauzun.fr\/index.php\/produit\/journees-reconnexion-couple-2-jours\/\",\"name\":\"Journ\u00e9es reconnexion couple 2 jours - D\u00e9tente Bien-\u00eatre Th\u00e9rapies \u00e0 St Colomb de Lauzun\",\"isPartOf\":{\"@id\":\"https:\/\/detente-aupaysdelauzun.fr\/#website\"},\"primaryImageOfPage\":{\"@id\":\"https:\/\/detente-aupaysdelauzun.fr\/index.php\/produit\/journees-reconnexion-couple-2-jours\/#primaryimage\"},\"image\":{\"@id\":\"https:\/\/detente-aupaysdelauzun.fr\/index.php\/produit\/journees-reconnexion-couple-2-jours\/#primaryimage\"},\"thumbnailUrl\":\"https:\/\/detente-aupaysdelauzun.fr\/wp-content\/uploads\/2025\/01\/coaching-pour-couple-sz33643572969.webp\",\"datePublished\":\"2025-01-07T16:31:10+00:00\",\"dateModified\":\"2025-11-24T20:26:23+00:00\",\"breadcrumb\":{\"@id\":\"https:\/\/detente-aupaysdelauzun.fr\/index.php\/produit\/journees-reconnexion-couple-2-jours\/#breadcrumb\"},\"inLanguage\":\"fr-FR\",\"potentialAction\":[{\"@type\":\"ReadAction\",\"target\":[\"https:\/\/detente-aupaysdelauzun.fr\/index.php\/produit\/journees-reconnexion-couple-2-jours\/\"]}]},{\"@type\":\"ImageObject\",\"inLanguage\":\"fr-FR\",\"@id\":\"https:\/\/detente-aupaysdelauzun.fr\/index.php\/produit\/journees-reconnexion-couple-2-jours\/#primaryimage\",\"url\":\"https:\/\/detente-aupaysdelauzun.fr\/wp-content\/uploads\/2025\/01\/coaching-pour-couple-sz33643572969.webp\",\"contentUrl\":\"https:\/\/detente-aupaysdelauzun.fr\/wp-content\/uploads\/2025\/01\/coaching-pour-couple-sz33643572969.webp\",\"width\":990,\"height\":660},{\"@type\":\"BreadcrumbList\",\"@id\":\"https:\/\/detente-aupaysdelauzun.fr\/index.php\/produit\/journees-reconnexion-couple-2-jours\/#breadcrumb\",\"itemListElement\":[{\"@type\":\"ListItem\",\"position\":1,\"name\":\"Accueil\",\"item\":\"https:\/\/detente-aupaysdelauzun.fr\/\"},{\"@type\":\"ListItem\",\"position\":2,\"name\":\"Boutique\",\"item\":\"https:\/\/detente-aupaysdelauzun.fr\/index.php\/boutique\/\"},{\"@type\":\"ListItem\",\"position\":3,\"name\":\"Journ\u00e9es reconnexion couple 2 jours\"}]},{\"@type\":\"WebSite\",\"@id\":\"https:\/\/detente-aupaysdelauzun.fr\/#website\",\"url\":\"https:\/\/detente-aupaysdelauzun.fr\/\",\"name\":\"D\u00e9tente Bien-\u00eatre Th\u00e9rapies \u00e0 St Colomb de Lauzun\",\"description\":\"Lieu propice \u00e0 la d\u00e9tente et aux d\u00e9couvertes au triangle de la Dordogne de la Gironde et du Lot et Garonne\",\"potentialAction\":[{\"@type\":\"SearchAction\",\"target\":{\"@type\":\"EntryPoint\",\"urlTemplate\":\"https:\/\/detente-aupaysdelauzun.fr\/?s={search_term_string}\"},\"query-input\":{\"@type\":\"PropertyValueSpecification\",\"valueRequired\":true,\"valueName\":\"search_term_string\"}}],\"inLanguage\":\"fr-FR\"}]}<\/script>\n<!-- \/ Yoast SEO plugin. -->","yoast_head_json":{"title":"Journ\u00e9es reconnexion couple 2 jours - D\u00e9tente Bien-\u00eatre Th\u00e9rapies \u00e0 St Colomb de Lauzun","robots":{"index":"index","follow":"follow","max-snippet":"max-snippet:-1","max-image-preview":"max-image-preview:large","max-video-preview":"max-video-preview:-1"},"canonical":"https:\/\/detente-aupaysdelauzun.fr\/index.php\/produit\/journees-reconnexion-couple-2-jours\/","og_locale":"fr_FR","og_type":"article","og_title":"Journ\u00e9es reconnexion couple 2 jours - D\u00e9tente Bien-\u00eatre Th\u00e9rapies \u00e0 St Colomb de Lauzun","og_description":"La vie quotidienne peut parfois nous \u00e9loigner de notre partenaire. Une journ\u00e9e de reconnexion est une opportunit\u00e9 pr\u00e9cieuse pour renforcer les liens, raviver l\u2019intimit\u00e9 et c\u00e9l\u00e9brer votre relation. Ce programme, Continuer la lecture &rarr;","og_url":"https:\/\/detente-aupaysdelauzun.fr\/index.php\/produit\/journees-reconnexion-couple-2-jours\/","og_site_name":"D\u00e9tente Bien-\u00eatre Th\u00e9rapies \u00e0 St Colomb de Lauzun","article_modified_time":"2025-11-24T20:26:23+00:00","og_image":[{"width":990,"height":660,"url":"https:\/\/detente-aupaysdelauzun.fr\/wp-content\/uploads\/2025\/01\/coaching-pour-couple-sz33643572969.webp","type":"image\/webp"}],"twitter_card":"summary_large_image","twitter_misc":{"Dur\u00e9e de lecture estim\u00e9e":"1 minute"},"schema":{"@context":"https:\/\/schema.org","@graph":[{"@type":"WebPage","@id":"https:\/\/detente-aupaysdelauzun.fr\/index.php\/produit\/journees-reconnexion-couple-2-jours\/","url":"https:\/\/detente-aupaysdelauzun.fr\/index.php\/produit\/journees-reconnexion-couple-2-jours\/","name":"Journ\u00e9es reconnexion couple 2 jours - D\u00e9tente Bien-\u00eatre Th\u00e9rapies \u00e0 St Colomb de Lauzun","isPartOf":{"@id":"https:\/\/detente-aupaysdelauzun.fr\/#website"},"primaryImageOfPage":{"@id":"https:\/\/detente-aupaysdelauzun.fr\/index.php\/produit\/journees-reconnexion-couple-2-jours\/#primaryimage"},"image":{"@id":"https:\/\/detente-aupaysdelauzun.fr\/index.php\/produit\/journees-reconnexion-couple-2-jours\/#primaryimage"},"thumbnailUrl":"https:\/\/detente-aupaysdelauzun.fr\/wp-content\/uploads\/2025\/01\/coaching-pour-couple-sz33643572969.webp","datePublished":"2025-01-07T16:31:10+00:00","dateModified":"2025-11-24T20:26:23+00:00","breadcrumb":{"@id":"https:\/\/detente-aupaysdelauzun.fr\/index.php\/produit\/journees-reconnexion-couple-2-jours\/#breadcrumb"},"inLanguage":"fr-FR","potentialAction":[{"@type":"ReadAction","target":["https:\/\/detente-aupaysdelauzun.fr\/index.php\/produit\/journees-reconnexion-couple-2-jours\/"]}]},{"@type":"ImageObject","inLanguage":"fr-FR","@id":"https:\/\/detente-aupaysdelauzun.fr\/index.php\/produit\/journees-reconnexion-couple-2-jours\/#primaryimage","url":"https:\/\/detente-aupaysdelauzun.fr\/wp-content\/uploads\/2025\/01\/coaching-pour-couple-sz33643572969.webp","contentUrl":"https:\/\/detente-aupaysdelauzun.fr\/wp-content\/uploads\/2025\/01\/coaching-pour-couple-sz33643572969.webp","width":990,"height":660},{"@type":"BreadcrumbList","@id":"https:\/\/detente-aupaysdelauzun.fr\/index.php\/produit\/journees-reconnexion-couple-2-jours\/#breadcrumb","itemListElement":[{"@type":"ListItem","position":1,"name":"Accueil","item":"https:\/\/detente-aupaysdelauzun.fr\/"},{"@type":"ListItem","position":2,"name":"Boutique","item":"https:\/\/detente-aupaysdelauzun.fr\/index.php\/boutique\/"},{"@type":"ListItem","position":3,"name":"Journ\u00e9es reconnexion couple 2 jours"}]},{"@type":"WebSite","@id":"https:\/\/detente-aupaysdelauzun.fr\/#website","url":"https:\/\/detente-aupaysdelauzun.fr\/","name":"D\u00e9tente Bien-\u00eatre Th\u00e9rapies \u00e0 St Colomb de Lauzun","description":"Lieu propice \u00e0 la d\u00e9tente et aux d\u00e9couvertes au triangle de la Dordogne de la Gironde et du Lot et Garonne","potentialAction":[{"@type":"SearchAction","target":{"@type":"EntryPoint","urlTemplate":"https:\/\/detente-aupaysdelauzun.fr\/?s={search_term_string}"},"query-input":{"@type":"PropertyValueSpecification","valueRequired":true,"valueName":"search_term_string"}}],"inLanguage":"fr-FR"}]}},"_links":{"self":[{"href":"https:\/\/detente-aupaysdelauzun.fr\/index.php\/wp-json\/wp\/v2\/product\/933","targetHints":{"allow":["GET"]}}],"collection":[{"href":"https:\/\/detente-aupaysdelauzun.fr\/index.php\/wp-json\/wp\/v2\/product"}],"about":[{"href":"https:\/\/detente-aupaysdelauzun.fr\/index.php\/wp-json\/wp\/v2\/types\/product"}],"wp:featuredmedia":[{"embeddable":true,"href":"https:\/\/detente-aupaysdelauzun.fr\/index.php\/wp-json\/wp\/v2\/media\/932"}],"wp:attachment":[{"href":"https:\/\/detente-aupaysdelauzun.fr\/index.php\/wp-json\/wp\/v2\/media?parent=933"}],"wp:term":[{"taxonomy":"product_brand","embeddable":true,"href":"https:\/\/detente-aupaysdelauzun.fr\/index.php\/wp-json\/wp\/v2\/product_brand?post=933"},{"taxonomy":"product_cat","embeddable":true,"href":"https:\/\/detente-aupaysdelauzun.fr\/index.php\/wp-json\/wp\/v2\/product_cat?post=933"},{"taxonomy":"product_tag","embeddable":true,"href":"https:\/\/detente-aupaysdelauzun.fr\/index.php\/wp-json\/wp\/v2\/product_tag?post=933"}],"curies":[{"name":"wp","href":"https:\/\/api.w.org\/{rel}","templated":true}]}}