{"id":917,"date":"2025-01-07T16:54:15","date_gmt":"2025-01-07T15:54:15","guid":{"rendered":"https:\/\/detente-aupaysdelauzun.fr\/?post_type=product&#038;p=917"},"modified":"2025-11-24T20:42:09","modified_gmt":"2025-11-24T19:42:09","slug":"magnetisme","status":"publish","type":"product","link":"https:\/\/detente-aupaysdelauzun.fr\/index.php\/produit\/magnetisme\/","title":{"rendered":"Magn\u00e9tisme"},"content":{"rendered":"<p>Le Magn\u00e9tisme permet par simple imposition des mains, de soulager en r\u00e9-harmonisant les \u00e9nergies.<\/p>\n<p>D\u00e9couvrez, comprenez et contr\u00f4lez ces incroyables pouvoirs qui sont cach\u00e9s en vous !\u00a0\u00a0Le magn\u00e9tisme est l\u2019ensemble des proc\u00e9d\u00e9s (passes, souffle magn\u00e9tique, imposition des mains\u2026) utilisant le fluide magn\u00e9tique \u00e0 des fins de soulagement et de gu\u00e9rison des maux et maladies. Ce n\u2019est pas simplement un don au sens de \u00ab facult\u00e9 \u00bb, m\u00eame si certaines personnes ont plus la capacit\u00e9 de magn\u00e9tiser que d\u2019autres, mais bien plut\u00f4t un don en termes de \u00ab donner son \u00e9nergie aux autres \u00bb.<\/p>\n","protected":false},"excerpt":{"rendered":"<p>Le Magn\u00e9tisme permet par simple imposition des mains, de soulager en r\u00e9-harmonisant les \u00e9nergies. D\u00e9couvrez, comprenez et contr\u00f4lez ces incroyables pouvoirs qui sont cach\u00e9s en vous !\u00a0\u00a0Le magn\u00e9tisme est l\u2019ensemble <a class=\"more-link\" href=\"https:\/\/detente-aupaysdelauzun.fr\/index.php\/produit\/magnetisme\/\">Continuer la lecture &rarr;<\/a><\/p>\n","protected":false},"featured_media":918,"template":"","meta":[],"product_brand":[],"product_cat":[30],"product_tag":[],"class_list":{"0":"post-917","1":"product","2":"type-product","3":"status-publish","4":"has-post-thumbnail","6":"product_cat-soins-energetiques","8":"first","9":"instock","10":"downloadable","11":"shipping-taxable","12":"purchasable","13":"product-type-simple"},"yoast_head":"<!-- This site is optimized with the Yoast SEO plugin v27.2 - https:\/\/yoast.com\/product\/yoast-seo-wordpress\/ -->\n<title>Magn\u00e9tisme - D\u00e9tente Bien-\u00eatre Th\u00e9rapies \u00e0 St Colomb de Lauzun<\/title>\n<meta name=\"robots\" content=\"index, follow, max-snippet:-1, max-image-preview:large, max-video-preview:-1\" \/>\n<link rel=\"canonical\" href=\"https:\/\/detente-aupaysdelauzun.fr\/index.php\/produit\/magnetisme\/\" \/>\n<meta property=\"og:locale\" content=\"fr_FR\" \/>\n<meta property=\"og:type\" content=\"article\" \/>\n<meta property=\"og:title\" content=\"Magn\u00e9tisme - D\u00e9tente Bien-\u00eatre Th\u00e9rapies \u00e0 St Colomb de Lauzun\" \/>\n<meta property=\"og:description\" content=\"Le Magn\u00e9tisme permet par simple imposition des mains, de soulager en r\u00e9-harmonisant les \u00e9nergies. D\u00e9couvrez, comprenez et contr\u00f4lez ces incroyables pouvoirs qui sont cach\u00e9s en vous !\u00a0\u00a0Le magn\u00e9tisme est l\u2019ensemble Continuer la lecture &rarr;\" \/>\n<meta property=\"og:url\" content=\"https:\/\/detente-aupaysdelauzun.fr\/index.php\/produit\/magnetisme\/\" \/>\n<meta property=\"og:site_name\" content=\"D\u00e9tente Bien-\u00eatre Th\u00e9rapies \u00e0 St Colomb de Lauzun\" \/>\n<meta property=\"article:modified_time\" content=\"2025-11-24T19:42:09+00:00\" \/>\n<meta property=\"og:image\" content=\"https:\/\/detente-aupaysdelauzun.fr\/wp-content\/uploads\/2025\/01\/massage-cranien-300x160-1-1.jpg\" \/>\n\t<meta property=\"og:image:width\" content=\"300\" \/>\n\t<meta property=\"og:image:height\" content=\"160\" \/>\n\t<meta property=\"og:image:type\" content=\"image\/jpeg\" \/>\n<meta name=\"twitter:card\" content=\"summary_large_image\" \/>\n<meta name=\"twitter:label1\" content=\"Dur\u00e9e de lecture estim\u00e9e\" \/>\n\t<meta name=\"twitter:data1\" content=\"1 minute\" \/>\n<script type=\"application\/ld+json\" class=\"yoast-schema-graph\">{\"@context\":\"https:\/\/schema.org\",\"@graph\":[{\"@type\":\"WebPage\",\"@id\":\"https:\/\/detente-aupaysdelauzun.fr\/index.php\/produit\/magnetisme\/\",\"url\":\"https:\/\/detente-aupaysdelauzun.fr\/index.php\/produit\/magnetisme\/\",\"name\":\"Magn\u00e9tisme - D\u00e9tente Bien-\u00eatre Th\u00e9rapies \u00e0 St Colomb de Lauzun\",\"isPartOf\":{\"@id\":\"https:\/\/detente-aupaysdelauzun.fr\/#website\"},\"primaryImageOfPage\":{\"@id\":\"https:\/\/detente-aupaysdelauzun.fr\/index.php\/produit\/magnetisme\/#primaryimage\"},\"image\":{\"@id\":\"https:\/\/detente-aupaysdelauzun.fr\/index.php\/produit\/magnetisme\/#primaryimage\"},\"thumbnailUrl\":\"https:\/\/detente-aupaysdelauzun.fr\/wp-content\/uploads\/2025\/01\/massage-cranien-300x160-1-1.jpg\",\"datePublished\":\"2025-01-07T15:54:15+00:00\",\"dateModified\":\"2025-11-24T19:42:09+00:00\",\"breadcrumb\":{\"@id\":\"https:\/\/detente-aupaysdelauzun.fr\/index.php\/produit\/magnetisme\/#breadcrumb\"},\"inLanguage\":\"fr-FR\",\"potentialAction\":[{\"@type\":\"ReadAction\",\"target\":[\"https:\/\/detente-aupaysdelauzun.fr\/index.php\/produit\/magnetisme\/\"]}]},{\"@type\":\"ImageObject\",\"inLanguage\":\"fr-FR\",\"@id\":\"https:\/\/detente-aupaysdelauzun.fr\/index.php\/produit\/magnetisme\/#primaryimage\",\"url\":\"https:\/\/detente-aupaysdelauzun.fr\/wp-content\/uploads\/2025\/01\/massage-cranien-300x160-1-1.jpg\",\"contentUrl\":\"https:\/\/detente-aupaysdelauzun.fr\/wp-content\/uploads\/2025\/01\/massage-cranien-300x160-1-1.jpg\",\"width\":300,\"height\":160},{\"@type\":\"BreadcrumbList\",\"@id\":\"https:\/\/detente-aupaysdelauzun.fr\/index.php\/produit\/magnetisme\/#breadcrumb\",\"itemListElement\":[{\"@type\":\"ListItem\",\"position\":1,\"name\":\"Accueil\",\"item\":\"https:\/\/detente-aupaysdelauzun.fr\/\"},{\"@type\":\"ListItem\",\"position\":2,\"name\":\"Boutique\",\"item\":\"https:\/\/detente-aupaysdelauzun.fr\/index.php\/boutique\/\"},{\"@type\":\"ListItem\",\"position\":3,\"name\":\"Magn\u00e9tisme\"}]},{\"@type\":\"WebSite\",\"@id\":\"https:\/\/detente-aupaysdelauzun.fr\/#website\",\"url\":\"https:\/\/detente-aupaysdelauzun.fr\/\",\"name\":\"D\u00e9tente Bien-\u00eatre Th\u00e9rapies \u00e0 St Colomb de Lauzun\",\"description\":\"Lieu propice \u00e0 la d\u00e9tente et aux d\u00e9couvertes au triangle de la Dordogne de la Gironde et du Lot et Garonne\",\"potentialAction\":[{\"@type\":\"SearchAction\",\"target\":{\"@type\":\"EntryPoint\",\"urlTemplate\":\"https:\/\/detente-aupaysdelauzun.fr\/?s={search_term_string}\"},\"query-input\":{\"@type\":\"PropertyValueSpecification\",\"valueRequired\":true,\"valueName\":\"search_term_string\"}}],\"inLanguage\":\"fr-FR\"}]}<\/script>\n<!-- \/ Yoast SEO plugin. -->","yoast_head_json":{"title":"Magn\u00e9tisme - D\u00e9tente Bien-\u00eatre Th\u00e9rapies \u00e0 St Colomb de Lauzun","robots":{"index":"index","follow":"follow","max-snippet":"max-snippet:-1","max-image-preview":"max-image-preview:large","max-video-preview":"max-video-preview:-1"},"canonical":"https:\/\/detente-aupaysdelauzun.fr\/index.php\/produit\/magnetisme\/","og_locale":"fr_FR","og_type":"article","og_title":"Magn\u00e9tisme - D\u00e9tente Bien-\u00eatre Th\u00e9rapies \u00e0 St Colomb de Lauzun","og_description":"Le Magn\u00e9tisme permet par simple imposition des mains, de soulager en r\u00e9-harmonisant les \u00e9nergies. D\u00e9couvrez, comprenez et contr\u00f4lez ces incroyables pouvoirs qui sont cach\u00e9s en vous !\u00a0\u00a0Le magn\u00e9tisme est l\u2019ensemble Continuer la lecture &rarr;","og_url":"https:\/\/detente-aupaysdelauzun.fr\/index.php\/produit\/magnetisme\/","og_site_name":"D\u00e9tente Bien-\u00eatre Th\u00e9rapies \u00e0 St Colomb de Lauzun","article_modified_time":"2025-11-24T19:42:09+00:00","og_image":[{"width":300,"height":160,"url":"https:\/\/detente-aupaysdelauzun.fr\/wp-content\/uploads\/2025\/01\/massage-cranien-300x160-1-1.jpg","type":"image\/jpeg"}],"twitter_card":"summary_large_image","twitter_misc":{"Dur\u00e9e de lecture estim\u00e9e":"1 minute"},"schema":{"@context":"https:\/\/schema.org","@graph":[{"@type":"WebPage","@id":"https:\/\/detente-aupaysdelauzun.fr\/index.php\/produit\/magnetisme\/","url":"https:\/\/detente-aupaysdelauzun.fr\/index.php\/produit\/magnetisme\/","name":"Magn\u00e9tisme - D\u00e9tente Bien-\u00eatre Th\u00e9rapies \u00e0 St Colomb de Lauzun","isPartOf":{"@id":"https:\/\/detente-aupaysdelauzun.fr\/#website"},"primaryImageOfPage":{"@id":"https:\/\/detente-aupaysdelauzun.fr\/index.php\/produit\/magnetisme\/#primaryimage"},"image":{"@id":"https:\/\/detente-aupaysdelauzun.fr\/index.php\/produit\/magnetisme\/#primaryimage"},"thumbnailUrl":"https:\/\/detente-aupaysdelauzun.fr\/wp-content\/uploads\/2025\/01\/massage-cranien-300x160-1-1.jpg","datePublished":"2025-01-07T15:54:15+00:00","dateModified":"2025-11-24T19:42:09+00:00","breadcrumb":{"@id":"https:\/\/detente-aupaysdelauzun.fr\/index.php\/produit\/magnetisme\/#breadcrumb"},"inLanguage":"fr-FR","potentialAction":[{"@type":"ReadAction","target":["https:\/\/detente-aupaysdelauzun.fr\/index.php\/produit\/magnetisme\/"]}]},{"@type":"ImageObject","inLanguage":"fr-FR","@id":"https:\/\/detente-aupaysdelauzun.fr\/index.php\/produit\/magnetisme\/#primaryimage","url":"https:\/\/detente-aupaysdelauzun.fr\/wp-content\/uploads\/2025\/01\/massage-cranien-300x160-1-1.jpg","contentUrl":"https:\/\/detente-aupaysdelauzun.fr\/wp-content\/uploads\/2025\/01\/massage-cranien-300x160-1-1.jpg","width":300,"height":160},{"@type":"BreadcrumbList","@id":"https:\/\/detente-aupaysdelauzun.fr\/index.php\/produit\/magnetisme\/#breadcrumb","itemListElement":[{"@type":"ListItem","position":1,"name":"Accueil","item":"https:\/\/detente-aupaysdelauzun.fr\/"},{"@type":"ListItem","position":2,"name":"Boutique","item":"https:\/\/detente-aupaysdelauzun.fr\/index.php\/boutique\/"},{"@type":"ListItem","position":3,"name":"Magn\u00e9tisme"}]},{"@type":"WebSite","@id":"https:\/\/detente-aupaysdelauzun.fr\/#website","url":"https:\/\/detente-aupaysdelauzun.fr\/","name":"D\u00e9tente Bien-\u00eatre Th\u00e9rapies \u00e0 St Colomb de Lauzun","description":"Lieu propice \u00e0 la d\u00e9tente et aux d\u00e9couvertes au triangle de la Dordogne de la Gironde et du Lot et Garonne","potentialAction":[{"@type":"SearchAction","target":{"@type":"EntryPoint","urlTemplate":"https:\/\/detente-aupaysdelauzun.fr\/?s={search_term_string}"},"query-input":{"@type":"PropertyValueSpecification","valueRequired":true,"valueName":"search_term_string"}}],"inLanguage":"fr-FR"}]}},"_links":{"self":[{"href":"https:\/\/detente-aupaysdelauzun.fr\/index.php\/wp-json\/wp\/v2\/product\/917","targetHints":{"allow":["GET"]}}],"collection":[{"href":"https:\/\/detente-aupaysdelauzun.fr\/index.php\/wp-json\/wp\/v2\/product"}],"about":[{"href":"https:\/\/detente-aupaysdelauzun.fr\/index.php\/wp-json\/wp\/v2\/types\/product"}],"wp:featuredmedia":[{"embeddable":true,"href":"https:\/\/detente-aupaysdelauzun.fr\/index.php\/wp-json\/wp\/v2\/media\/918"}],"wp:attachment":[{"href":"https:\/\/detente-aupaysdelauzun.fr\/index.php\/wp-json\/wp\/v2\/media?parent=917"}],"wp:term":[{"taxonomy":"product_brand","embeddable":true,"href":"https:\/\/detente-aupaysdelauzun.fr\/index.php\/wp-json\/wp\/v2\/product_brand?post=917"},{"taxonomy":"product_cat","embeddable":true,"href":"https:\/\/detente-aupaysdelauzun.fr\/index.php\/wp-json\/wp\/v2\/product_cat?post=917"},{"taxonomy":"product_tag","embeddable":true,"href":"https:\/\/detente-aupaysdelauzun.fr\/index.php\/wp-json\/wp\/v2\/product_tag?post=917"}],"curies":[{"name":"wp","href":"https:\/\/api.w.org\/{rel}","templated":true}]}}