{"id":907,"date":"2025-01-07T16:24:46","date_gmt":"2025-01-07T15:24:46","guid":{"rendered":"https:\/\/detente-aupaysdelauzun.fr\/?post_type=product&#038;p=907"},"modified":"2025-11-24T21:56:30","modified_gmt":"2025-11-24T20:56:30","slug":"massage-rituel-do-en-duo","status":"publish","type":"product","link":"https:\/\/detente-aupaysdelauzun.fr\/index.php\/produit\/massage-rituel-do-en-duo\/","title":{"rendered":"Massage Rituel d&rsquo;O en duo"},"content":{"rendered":"<p>Un rituel avec de nouvelles sensations avec un nettoyage des mains et des pieds ;<br \/>\nune brumisation parfum\u00e9e du corps accompagn\u00e9e d\u2019oshiboris,<br \/>\nun modelage \u00e0 l\u2019huile chaude suivit<br \/>\nd\u2019un massage au ballon d\u2019eau chaude.<\/p>\n","protected":false},"excerpt":{"rendered":"<p>Un rituel avec de nouvelles sensations avec un nettoyage des mains et des pieds ; une brumisation parfum\u00e9e du corps accompagn\u00e9e d\u2019oshiboris, un modelage \u00e0 l\u2019huile chaude suivit d\u2019un massage <a class=\"more-link\" href=\"https:\/\/detente-aupaysdelauzun.fr\/index.php\/produit\/massage-rituel-do-en-duo\/\">Continuer la lecture &rarr;<\/a><\/p>\n","protected":false},"featured_media":906,"template":"","meta":[],"product_brand":[],"product_cat":[32],"product_tag":[],"class_list":{"0":"post-907","1":"product","2":"type-product","3":"status-publish","4":"has-post-thumbnail","6":"product_cat-massage-specifique","8":"first","9":"instock","10":"downloadable","11":"shipping-taxable","12":"purchasable","13":"product-type-simple"},"yoast_head":"<!-- This site is optimized with the Yoast SEO plugin v27.2 - https:\/\/yoast.com\/product\/yoast-seo-wordpress\/ -->\n<title>Massage Rituel d&#039;O en duo - D\u00e9tente Bien-\u00eatre Th\u00e9rapies \u00e0 St Colomb de Lauzun<\/title>\n<meta name=\"robots\" content=\"index, follow, max-snippet:-1, max-image-preview:large, max-video-preview:-1\" \/>\n<link rel=\"canonical\" href=\"https:\/\/detente-aupaysdelauzun.fr\/index.php\/produit\/massage-rituel-do-en-duo\/\" \/>\n<meta property=\"og:locale\" content=\"fr_FR\" \/>\n<meta property=\"og:type\" content=\"article\" \/>\n<meta property=\"og:title\" content=\"Massage Rituel d&#039;O en duo - D\u00e9tente Bien-\u00eatre Th\u00e9rapies \u00e0 St Colomb de Lauzun\" \/>\n<meta property=\"og:description\" content=\"Un rituel avec de nouvelles sensations avec un nettoyage des mains et des pieds ; une brumisation parfum\u00e9e du corps accompagn\u00e9e d\u2019oshiboris, un modelage \u00e0 l\u2019huile chaude suivit d\u2019un massage Continuer la lecture &rarr;\" \/>\n<meta property=\"og:url\" content=\"https:\/\/detente-aupaysdelauzun.fr\/index.php\/produit\/massage-rituel-do-en-duo\/\" \/>\n<meta property=\"og:site_name\" content=\"D\u00e9tente Bien-\u00eatre Th\u00e9rapies \u00e0 St Colomb de Lauzun\" \/>\n<meta property=\"article:modified_time\" content=\"2025-11-24T20:56:30+00:00\" \/>\n<meta property=\"og:image\" content=\"https:\/\/detente-aupaysdelauzun.fr\/wp-content\/uploads\/2025\/01\/IMGP0040-scaled-1024x678-1.jpg\" \/>\n\t<meta property=\"og:image:width\" content=\"1024\" \/>\n\t<meta property=\"og:image:height\" content=\"678\" \/>\n\t<meta property=\"og:image:type\" content=\"image\/jpeg\" \/>\n<meta name=\"twitter:card\" content=\"summary_large_image\" \/>\n<meta name=\"twitter:label1\" content=\"Dur\u00e9e de lecture estim\u00e9e\" \/>\n\t<meta name=\"twitter:data1\" content=\"1 minute\" \/>\n<script type=\"application\/ld+json\" class=\"yoast-schema-graph\">{\"@context\":\"https:\/\/schema.org\",\"@graph\":[{\"@type\":\"WebPage\",\"@id\":\"https:\/\/detente-aupaysdelauzun.fr\/index.php\/produit\/massage-rituel-do-en-duo\/\",\"url\":\"https:\/\/detente-aupaysdelauzun.fr\/index.php\/produit\/massage-rituel-do-en-duo\/\",\"name\":\"Massage Rituel d'O en duo - D\u00e9tente Bien-\u00eatre Th\u00e9rapies \u00e0 St Colomb de Lauzun\",\"isPartOf\":{\"@id\":\"https:\/\/detente-aupaysdelauzun.fr\/#website\"},\"primaryImageOfPage\":{\"@id\":\"https:\/\/detente-aupaysdelauzun.fr\/index.php\/produit\/massage-rituel-do-en-duo\/#primaryimage\"},\"image\":{\"@id\":\"https:\/\/detente-aupaysdelauzun.fr\/index.php\/produit\/massage-rituel-do-en-duo\/#primaryimage\"},\"thumbnailUrl\":\"https:\/\/detente-aupaysdelauzun.fr\/wp-content\/uploads\/2025\/01\/IMGP0040-scaled-1024x678-1.jpg\",\"datePublished\":\"2025-01-07T15:24:46+00:00\",\"dateModified\":\"2025-11-24T20:56:30+00:00\",\"breadcrumb\":{\"@id\":\"https:\/\/detente-aupaysdelauzun.fr\/index.php\/produit\/massage-rituel-do-en-duo\/#breadcrumb\"},\"inLanguage\":\"fr-FR\",\"potentialAction\":[{\"@type\":\"ReadAction\",\"target\":[\"https:\/\/detente-aupaysdelauzun.fr\/index.php\/produit\/massage-rituel-do-en-duo\/\"]}]},{\"@type\":\"ImageObject\",\"inLanguage\":\"fr-FR\",\"@id\":\"https:\/\/detente-aupaysdelauzun.fr\/index.php\/produit\/massage-rituel-do-en-duo\/#primaryimage\",\"url\":\"https:\/\/detente-aupaysdelauzun.fr\/wp-content\/uploads\/2025\/01\/IMGP0040-scaled-1024x678-1.jpg\",\"contentUrl\":\"https:\/\/detente-aupaysdelauzun.fr\/wp-content\/uploads\/2025\/01\/IMGP0040-scaled-1024x678-1.jpg\",\"width\":1024,\"height\":678},{\"@type\":\"BreadcrumbList\",\"@id\":\"https:\/\/detente-aupaysdelauzun.fr\/index.php\/produit\/massage-rituel-do-en-duo\/#breadcrumb\",\"itemListElement\":[{\"@type\":\"ListItem\",\"position\":1,\"name\":\"Accueil\",\"item\":\"https:\/\/detente-aupaysdelauzun.fr\/\"},{\"@type\":\"ListItem\",\"position\":2,\"name\":\"Boutique\",\"item\":\"https:\/\/detente-aupaysdelauzun.fr\/index.php\/boutique\/\"},{\"@type\":\"ListItem\",\"position\":3,\"name\":\"Massage Rituel d&rsquo;O en duo\"}]},{\"@type\":\"WebSite\",\"@id\":\"https:\/\/detente-aupaysdelauzun.fr\/#website\",\"url\":\"https:\/\/detente-aupaysdelauzun.fr\/\",\"name\":\"D\u00e9tente Bien-\u00eatre Th\u00e9rapies \u00e0 St Colomb de Lauzun\",\"description\":\"Lieu propice \u00e0 la d\u00e9tente et aux d\u00e9couvertes au triangle de la Dordogne de la Gironde et du Lot et Garonne\",\"potentialAction\":[{\"@type\":\"SearchAction\",\"target\":{\"@type\":\"EntryPoint\",\"urlTemplate\":\"https:\/\/detente-aupaysdelauzun.fr\/?s={search_term_string}\"},\"query-input\":{\"@type\":\"PropertyValueSpecification\",\"valueRequired\":true,\"valueName\":\"search_term_string\"}}],\"inLanguage\":\"fr-FR\"}]}<\/script>\n<!-- \/ Yoast SEO plugin. -->","yoast_head_json":{"title":"Massage Rituel d'O en duo - D\u00e9tente Bien-\u00eatre Th\u00e9rapies \u00e0 St Colomb de Lauzun","robots":{"index":"index","follow":"follow","max-snippet":"max-snippet:-1","max-image-preview":"max-image-preview:large","max-video-preview":"max-video-preview:-1"},"canonical":"https:\/\/detente-aupaysdelauzun.fr\/index.php\/produit\/massage-rituel-do-en-duo\/","og_locale":"fr_FR","og_type":"article","og_title":"Massage Rituel d'O en duo - D\u00e9tente Bien-\u00eatre Th\u00e9rapies \u00e0 St Colomb de Lauzun","og_description":"Un rituel avec de nouvelles sensations avec un nettoyage des mains et des pieds ; une brumisation parfum\u00e9e du corps accompagn\u00e9e d\u2019oshiboris, un modelage \u00e0 l\u2019huile chaude suivit d\u2019un massage Continuer la lecture &rarr;","og_url":"https:\/\/detente-aupaysdelauzun.fr\/index.php\/produit\/massage-rituel-do-en-duo\/","og_site_name":"D\u00e9tente Bien-\u00eatre Th\u00e9rapies \u00e0 St Colomb de Lauzun","article_modified_time":"2025-11-24T20:56:30+00:00","og_image":[{"width":1024,"height":678,"url":"https:\/\/detente-aupaysdelauzun.fr\/wp-content\/uploads\/2025\/01\/IMGP0040-scaled-1024x678-1.jpg","type":"image\/jpeg"}],"twitter_card":"summary_large_image","twitter_misc":{"Dur\u00e9e de lecture estim\u00e9e":"1 minute"},"schema":{"@context":"https:\/\/schema.org","@graph":[{"@type":"WebPage","@id":"https:\/\/detente-aupaysdelauzun.fr\/index.php\/produit\/massage-rituel-do-en-duo\/","url":"https:\/\/detente-aupaysdelauzun.fr\/index.php\/produit\/massage-rituel-do-en-duo\/","name":"Massage Rituel d'O en duo - D\u00e9tente Bien-\u00eatre Th\u00e9rapies \u00e0 St Colomb de Lauzun","isPartOf":{"@id":"https:\/\/detente-aupaysdelauzun.fr\/#website"},"primaryImageOfPage":{"@id":"https:\/\/detente-aupaysdelauzun.fr\/index.php\/produit\/massage-rituel-do-en-duo\/#primaryimage"},"image":{"@id":"https:\/\/detente-aupaysdelauzun.fr\/index.php\/produit\/massage-rituel-do-en-duo\/#primaryimage"},"thumbnailUrl":"https:\/\/detente-aupaysdelauzun.fr\/wp-content\/uploads\/2025\/01\/IMGP0040-scaled-1024x678-1.jpg","datePublished":"2025-01-07T15:24:46+00:00","dateModified":"2025-11-24T20:56:30+00:00","breadcrumb":{"@id":"https:\/\/detente-aupaysdelauzun.fr\/index.php\/produit\/massage-rituel-do-en-duo\/#breadcrumb"},"inLanguage":"fr-FR","potentialAction":[{"@type":"ReadAction","target":["https:\/\/detente-aupaysdelauzun.fr\/index.php\/produit\/massage-rituel-do-en-duo\/"]}]},{"@type":"ImageObject","inLanguage":"fr-FR","@id":"https:\/\/detente-aupaysdelauzun.fr\/index.php\/produit\/massage-rituel-do-en-duo\/#primaryimage","url":"https:\/\/detente-aupaysdelauzun.fr\/wp-content\/uploads\/2025\/01\/IMGP0040-scaled-1024x678-1.jpg","contentUrl":"https:\/\/detente-aupaysdelauzun.fr\/wp-content\/uploads\/2025\/01\/IMGP0040-scaled-1024x678-1.jpg","width":1024,"height":678},{"@type":"BreadcrumbList","@id":"https:\/\/detente-aupaysdelauzun.fr\/index.php\/produit\/massage-rituel-do-en-duo\/#breadcrumb","itemListElement":[{"@type":"ListItem","position":1,"name":"Accueil","item":"https:\/\/detente-aupaysdelauzun.fr\/"},{"@type":"ListItem","position":2,"name":"Boutique","item":"https:\/\/detente-aupaysdelauzun.fr\/index.php\/boutique\/"},{"@type":"ListItem","position":3,"name":"Massage Rituel d&rsquo;O en duo"}]},{"@type":"WebSite","@id":"https:\/\/detente-aupaysdelauzun.fr\/#website","url":"https:\/\/detente-aupaysdelauzun.fr\/","name":"D\u00e9tente Bien-\u00eatre Th\u00e9rapies \u00e0 St Colomb de Lauzun","description":"Lieu propice \u00e0 la d\u00e9tente et aux d\u00e9couvertes au triangle de la Dordogne de la Gironde et du Lot et Garonne","potentialAction":[{"@type":"SearchAction","target":{"@type":"EntryPoint","urlTemplate":"https:\/\/detente-aupaysdelauzun.fr\/?s={search_term_string}"},"query-input":{"@type":"PropertyValueSpecification","valueRequired":true,"valueName":"search_term_string"}}],"inLanguage":"fr-FR"}]}},"_links":{"self":[{"href":"https:\/\/detente-aupaysdelauzun.fr\/index.php\/wp-json\/wp\/v2\/product\/907","targetHints":{"allow":["GET"]}}],"collection":[{"href":"https:\/\/detente-aupaysdelauzun.fr\/index.php\/wp-json\/wp\/v2\/product"}],"about":[{"href":"https:\/\/detente-aupaysdelauzun.fr\/index.php\/wp-json\/wp\/v2\/types\/product"}],"wp:featuredmedia":[{"embeddable":true,"href":"https:\/\/detente-aupaysdelauzun.fr\/index.php\/wp-json\/wp\/v2\/media\/906"}],"wp:attachment":[{"href":"https:\/\/detente-aupaysdelauzun.fr\/index.php\/wp-json\/wp\/v2\/media?parent=907"}],"wp:term":[{"taxonomy":"product_brand","embeddable":true,"href":"https:\/\/detente-aupaysdelauzun.fr\/index.php\/wp-json\/wp\/v2\/product_brand?post=907"},{"taxonomy":"product_cat","embeddable":true,"href":"https:\/\/detente-aupaysdelauzun.fr\/index.php\/wp-json\/wp\/v2\/product_cat?post=907"},{"taxonomy":"product_tag","embeddable":true,"href":"https:\/\/detente-aupaysdelauzun.fr\/index.php\/wp-json\/wp\/v2\/product_tag?post=907"}],"curies":[{"name":"wp","href":"https:\/\/api.w.org\/{rel}","templated":true}]}}