{"id":891,"date":"2025-01-07T15:36:20","date_gmt":"2025-01-07T14:36:20","guid":{"rendered":"https:\/\/detente-aupaysdelauzun.fr\/?post_type=product&#038;p=891"},"modified":"2025-11-25T10:31:32","modified_gmt":"2025-11-25T09:31:32","slug":"hypno-massage-en-solo","status":"publish","type":"product","link":"https:\/\/detente-aupaysdelauzun.fr\/index.php\/produit\/hypno-massage-en-solo\/","title":{"rendered":"Hypno massage en solo"},"content":{"rendered":"<p>L\u2019hypnomassage est une technique puissante combinant l\u2019\u00e9tat de bien-\u00eatre physique par le massage et psychologique, gr\u00e2ce \u00e0 l\u2019hypnose Ericksonienne.<\/p>\n<p>Vous serez mass\u00e9s pendant 45 minutes durant lesquelles la voix d\u2019un hypno-th\u00e9rapeute vous berce afin d\u2019entrer dans une profonde relaxation.<\/p>\n<p><strong>Le d\u00e9roulement du massage<\/strong>\u00a0: Un entretien pr\u00e9alable afin de d\u00e9finir le sujet que vous voulez aborder en hypnose (en hypnomassage nous ne pouvons pas traiter toutes les probl\u00e8matiques comme en consultations normales) puis l hypnomassage et un temps de parole \u00e0 la fin.<\/p>\n","protected":false},"excerpt":{"rendered":"<p>L\u2019hypnomassage est une technique puissante combinant l\u2019\u00e9tat de bien-\u00eatre physique par le massage et psychologique, gr\u00e2ce \u00e0 l\u2019hypnose Ericksonienne. Vous serez mass\u00e9s pendant 45 minutes durant lesquelles la voix d\u2019un <a class=\"more-link\" href=\"https:\/\/detente-aupaysdelauzun.fr\/index.php\/produit\/hypno-massage-en-solo\/\">Continuer la lecture &rarr;<\/a><\/p>\n","protected":false},"featured_media":892,"template":"","meta":[],"product_brand":[],"product_cat":[28],"product_tag":[],"class_list":{"0":"post-891","1":"product","2":"type-product","3":"status-publish","4":"has-post-thumbnail","6":"product_cat-massages","8":"first","9":"instock","10":"downloadable","11":"shipping-taxable","12":"purchasable","13":"product-type-simple"},"yoast_head":"<!-- This site is optimized with the Yoast SEO plugin v27.2 - https:\/\/yoast.com\/product\/yoast-seo-wordpress\/ -->\n<title>Hypno massage en solo - D\u00e9tente Bien-\u00eatre Th\u00e9rapies \u00e0 St Colomb de Lauzun<\/title>\n<meta name=\"robots\" content=\"index, follow, max-snippet:-1, max-image-preview:large, max-video-preview:-1\" \/>\n<link rel=\"canonical\" href=\"https:\/\/detente-aupaysdelauzun.fr\/index.php\/produit\/hypno-massage-en-solo\/\" \/>\n<meta property=\"og:locale\" content=\"fr_FR\" \/>\n<meta property=\"og:type\" content=\"article\" \/>\n<meta property=\"og:title\" content=\"Hypno massage en solo - D\u00e9tente Bien-\u00eatre Th\u00e9rapies \u00e0 St Colomb de Lauzun\" \/>\n<meta property=\"og:description\" content=\"L\u2019hypnomassage est une technique puissante combinant l\u2019\u00e9tat de bien-\u00eatre physique par le massage et psychologique, gr\u00e2ce \u00e0 l\u2019hypnose Ericksonienne. Vous serez mass\u00e9s pendant 45 minutes durant lesquelles la voix d\u2019un Continuer la lecture &rarr;\" \/>\n<meta property=\"og:url\" content=\"https:\/\/detente-aupaysdelauzun.fr\/index.php\/produit\/hypno-massage-en-solo\/\" \/>\n<meta property=\"og:site_name\" content=\"D\u00e9tente Bien-\u00eatre Th\u00e9rapies \u00e0 St Colomb de Lauzun\" \/>\n<meta property=\"article:modified_time\" content=\"2025-11-25T09:31:32+00:00\" \/>\n<meta property=\"og:image\" content=\"https:\/\/detente-aupaysdelauzun.fr\/wp-content\/uploads\/2025\/01\/hypnomassage-300x199-1.jpg\" \/>\n\t<meta property=\"og:image:width\" content=\"300\" \/>\n\t<meta property=\"og:image:height\" content=\"199\" \/>\n\t<meta property=\"og:image:type\" content=\"image\/jpeg\" \/>\n<meta name=\"twitter:card\" content=\"summary_large_image\" \/>\n<meta name=\"twitter:label1\" content=\"Dur\u00e9e de lecture estim\u00e9e\" \/>\n\t<meta name=\"twitter:data1\" content=\"1 minute\" \/>\n<script type=\"application\/ld+json\" class=\"yoast-schema-graph\">{\"@context\":\"https:\/\/schema.org\",\"@graph\":[{\"@type\":\"WebPage\",\"@id\":\"https:\/\/detente-aupaysdelauzun.fr\/index.php\/produit\/hypno-massage-en-solo\/\",\"url\":\"https:\/\/detente-aupaysdelauzun.fr\/index.php\/produit\/hypno-massage-en-solo\/\",\"name\":\"Hypno massage en solo - D\u00e9tente Bien-\u00eatre Th\u00e9rapies \u00e0 St Colomb de Lauzun\",\"isPartOf\":{\"@id\":\"https:\/\/detente-aupaysdelauzun.fr\/#website\"},\"primaryImageOfPage\":{\"@id\":\"https:\/\/detente-aupaysdelauzun.fr\/index.php\/produit\/hypno-massage-en-solo\/#primaryimage\"},\"image\":{\"@id\":\"https:\/\/detente-aupaysdelauzun.fr\/index.php\/produit\/hypno-massage-en-solo\/#primaryimage\"},\"thumbnailUrl\":\"https:\/\/detente-aupaysdelauzun.fr\/wp-content\/uploads\/2025\/01\/hypnomassage-300x199-1.jpg\",\"datePublished\":\"2025-01-07T14:36:20+00:00\",\"dateModified\":\"2025-11-25T09:31:32+00:00\",\"breadcrumb\":{\"@id\":\"https:\/\/detente-aupaysdelauzun.fr\/index.php\/produit\/hypno-massage-en-solo\/#breadcrumb\"},\"inLanguage\":\"fr-FR\",\"potentialAction\":[{\"@type\":\"ReadAction\",\"target\":[\"https:\/\/detente-aupaysdelauzun.fr\/index.php\/produit\/hypno-massage-en-solo\/\"]}]},{\"@type\":\"ImageObject\",\"inLanguage\":\"fr-FR\",\"@id\":\"https:\/\/detente-aupaysdelauzun.fr\/index.php\/produit\/hypno-massage-en-solo\/#primaryimage\",\"url\":\"https:\/\/detente-aupaysdelauzun.fr\/wp-content\/uploads\/2025\/01\/hypnomassage-300x199-1.jpg\",\"contentUrl\":\"https:\/\/detente-aupaysdelauzun.fr\/wp-content\/uploads\/2025\/01\/hypnomassage-300x199-1.jpg\",\"width\":300,\"height\":199},{\"@type\":\"BreadcrumbList\",\"@id\":\"https:\/\/detente-aupaysdelauzun.fr\/index.php\/produit\/hypno-massage-en-solo\/#breadcrumb\",\"itemListElement\":[{\"@type\":\"ListItem\",\"position\":1,\"name\":\"Accueil\",\"item\":\"https:\/\/detente-aupaysdelauzun.fr\/\"},{\"@type\":\"ListItem\",\"position\":2,\"name\":\"Boutique\",\"item\":\"https:\/\/detente-aupaysdelauzun.fr\/index.php\/boutique\/\"},{\"@type\":\"ListItem\",\"position\":3,\"name\":\"Hypno massage en solo\"}]},{\"@type\":\"WebSite\",\"@id\":\"https:\/\/detente-aupaysdelauzun.fr\/#website\",\"url\":\"https:\/\/detente-aupaysdelauzun.fr\/\",\"name\":\"D\u00e9tente Bien-\u00eatre Th\u00e9rapies \u00e0 St Colomb de Lauzun\",\"description\":\"Lieu propice \u00e0 la d\u00e9tente et aux d\u00e9couvertes au triangle de la Dordogne de la Gironde et du Lot et Garonne\",\"potentialAction\":[{\"@type\":\"SearchAction\",\"target\":{\"@type\":\"EntryPoint\",\"urlTemplate\":\"https:\/\/detente-aupaysdelauzun.fr\/?s={search_term_string}\"},\"query-input\":{\"@type\":\"PropertyValueSpecification\",\"valueRequired\":true,\"valueName\":\"search_term_string\"}}],\"inLanguage\":\"fr-FR\"}]}<\/script>\n<!-- \/ Yoast SEO plugin. -->","yoast_head_json":{"title":"Hypno massage en solo - D\u00e9tente Bien-\u00eatre Th\u00e9rapies \u00e0 St Colomb de Lauzun","robots":{"index":"index","follow":"follow","max-snippet":"max-snippet:-1","max-image-preview":"max-image-preview:large","max-video-preview":"max-video-preview:-1"},"canonical":"https:\/\/detente-aupaysdelauzun.fr\/index.php\/produit\/hypno-massage-en-solo\/","og_locale":"fr_FR","og_type":"article","og_title":"Hypno massage en solo - D\u00e9tente Bien-\u00eatre Th\u00e9rapies \u00e0 St Colomb de Lauzun","og_description":"L\u2019hypnomassage est une technique puissante combinant l\u2019\u00e9tat de bien-\u00eatre physique par le massage et psychologique, gr\u00e2ce \u00e0 l\u2019hypnose Ericksonienne. Vous serez mass\u00e9s pendant 45 minutes durant lesquelles la voix d\u2019un Continuer la lecture &rarr;","og_url":"https:\/\/detente-aupaysdelauzun.fr\/index.php\/produit\/hypno-massage-en-solo\/","og_site_name":"D\u00e9tente Bien-\u00eatre Th\u00e9rapies \u00e0 St Colomb de Lauzun","article_modified_time":"2025-11-25T09:31:32+00:00","og_image":[{"width":300,"height":199,"url":"https:\/\/detente-aupaysdelauzun.fr\/wp-content\/uploads\/2025\/01\/hypnomassage-300x199-1.jpg","type":"image\/jpeg"}],"twitter_card":"summary_large_image","twitter_misc":{"Dur\u00e9e de lecture estim\u00e9e":"1 minute"},"schema":{"@context":"https:\/\/schema.org","@graph":[{"@type":"WebPage","@id":"https:\/\/detente-aupaysdelauzun.fr\/index.php\/produit\/hypno-massage-en-solo\/","url":"https:\/\/detente-aupaysdelauzun.fr\/index.php\/produit\/hypno-massage-en-solo\/","name":"Hypno massage en solo - D\u00e9tente Bien-\u00eatre Th\u00e9rapies \u00e0 St Colomb de Lauzun","isPartOf":{"@id":"https:\/\/detente-aupaysdelauzun.fr\/#website"},"primaryImageOfPage":{"@id":"https:\/\/detente-aupaysdelauzun.fr\/index.php\/produit\/hypno-massage-en-solo\/#primaryimage"},"image":{"@id":"https:\/\/detente-aupaysdelauzun.fr\/index.php\/produit\/hypno-massage-en-solo\/#primaryimage"},"thumbnailUrl":"https:\/\/detente-aupaysdelauzun.fr\/wp-content\/uploads\/2025\/01\/hypnomassage-300x199-1.jpg","datePublished":"2025-01-07T14:36:20+00:00","dateModified":"2025-11-25T09:31:32+00:00","breadcrumb":{"@id":"https:\/\/detente-aupaysdelauzun.fr\/index.php\/produit\/hypno-massage-en-solo\/#breadcrumb"},"inLanguage":"fr-FR","potentialAction":[{"@type":"ReadAction","target":["https:\/\/detente-aupaysdelauzun.fr\/index.php\/produit\/hypno-massage-en-solo\/"]}]},{"@type":"ImageObject","inLanguage":"fr-FR","@id":"https:\/\/detente-aupaysdelauzun.fr\/index.php\/produit\/hypno-massage-en-solo\/#primaryimage","url":"https:\/\/detente-aupaysdelauzun.fr\/wp-content\/uploads\/2025\/01\/hypnomassage-300x199-1.jpg","contentUrl":"https:\/\/detente-aupaysdelauzun.fr\/wp-content\/uploads\/2025\/01\/hypnomassage-300x199-1.jpg","width":300,"height":199},{"@type":"BreadcrumbList","@id":"https:\/\/detente-aupaysdelauzun.fr\/index.php\/produit\/hypno-massage-en-solo\/#breadcrumb","itemListElement":[{"@type":"ListItem","position":1,"name":"Accueil","item":"https:\/\/detente-aupaysdelauzun.fr\/"},{"@type":"ListItem","position":2,"name":"Boutique","item":"https:\/\/detente-aupaysdelauzun.fr\/index.php\/boutique\/"},{"@type":"ListItem","position":3,"name":"Hypno massage en solo"}]},{"@type":"WebSite","@id":"https:\/\/detente-aupaysdelauzun.fr\/#website","url":"https:\/\/detente-aupaysdelauzun.fr\/","name":"D\u00e9tente Bien-\u00eatre Th\u00e9rapies \u00e0 St Colomb de Lauzun","description":"Lieu propice \u00e0 la d\u00e9tente et aux d\u00e9couvertes au triangle de la Dordogne de la Gironde et du Lot et Garonne","potentialAction":[{"@type":"SearchAction","target":{"@type":"EntryPoint","urlTemplate":"https:\/\/detente-aupaysdelauzun.fr\/?s={search_term_string}"},"query-input":{"@type":"PropertyValueSpecification","valueRequired":true,"valueName":"search_term_string"}}],"inLanguage":"fr-FR"}]}},"_links":{"self":[{"href":"https:\/\/detente-aupaysdelauzun.fr\/index.php\/wp-json\/wp\/v2\/product\/891","targetHints":{"allow":["GET"]}}],"collection":[{"href":"https:\/\/detente-aupaysdelauzun.fr\/index.php\/wp-json\/wp\/v2\/product"}],"about":[{"href":"https:\/\/detente-aupaysdelauzun.fr\/index.php\/wp-json\/wp\/v2\/types\/product"}],"wp:featuredmedia":[{"embeddable":true,"href":"https:\/\/detente-aupaysdelauzun.fr\/index.php\/wp-json\/wp\/v2\/media\/892"}],"wp:attachment":[{"href":"https:\/\/detente-aupaysdelauzun.fr\/index.php\/wp-json\/wp\/v2\/media?parent=891"}],"wp:term":[{"taxonomy":"product_brand","embeddable":true,"href":"https:\/\/detente-aupaysdelauzun.fr\/index.php\/wp-json\/wp\/v2\/product_brand?post=891"},{"taxonomy":"product_cat","embeddable":true,"href":"https:\/\/detente-aupaysdelauzun.fr\/index.php\/wp-json\/wp\/v2\/product_cat?post=891"},{"taxonomy":"product_tag","embeddable":true,"href":"https:\/\/detente-aupaysdelauzun.fr\/index.php\/wp-json\/wp\/v2\/product_tag?post=891"}],"curies":[{"name":"wp","href":"https:\/\/api.w.org\/{rel}","templated":true}]}}