{"id":882,"date":"2025-01-07T15:19:01","date_gmt":"2025-01-07T14:19:01","guid":{"rendered":"https:\/\/detente-aupaysdelauzun.fr\/?post_type=product&#038;p=882"},"modified":"2025-11-25T10:43:14","modified_gmt":"2025-11-25T09:43:14","slug":"massage-tantra-1h-pour-homme","status":"publish","type":"product","link":"https:\/\/detente-aupaysdelauzun.fr\/index.php\/produit\/massage-tantra-1h-pour-homme\/","title":{"rendered":"Massage Tantra 1h pour homme"},"content":{"rendered":"<p>Le massage Tantra est un massage en harmonie avec le corps et le toucher \u00e9nerg\u00e9tique. Nous avons cr\u00e9\u00e9 notre massage Tantra gr\u00e2ce \u00e0 nos diff\u00e9rentes formations, lectures et ressentis. Tr\u00e8s diff\u00e9rent du massage traditionnel, il est effectu\u00e9 sur un corps nu (si la nudit\u00e9 pose un probl\u00e8me nous pouvons en discuter).<\/p>\n<p>Le massage Tantra prend en compte l\u2019int\u00e9gralit\u00e9 du corps, y compris les organes g\u00e9nitaux car chaque partie du corps fait partie du corps dans son ensemble comme les jambes ou le dos. Par ailleurs il n\u2019y a pas de focalisation sur les parties intimes elles sont mass\u00e9es comme les autres parties du corps<\/p>\n<p>Malgr\u00e9 sa connotation sensuelle, le modelage tantrique n\u2019est pas une prestation \u00e9rotique. Il est, n\u00e9anmoins, un modelage permettant de se sentir en harmonie avec son corps, ce qui peut se r\u00e9v\u00e9ler b\u00e9n\u00e9fique pour sa vie sexuelle. C\u2019est dans un cadre respectueux, bienveillant et sacr\u00e9 que vous acc\u00e9derez \u00e0 un espace o\u00f9 les mots, les performances et les objectifs n\u2019existent plus. Et o\u00f9 il ne reste qu\u2019\u00e0 l\u00e2cher prise, se relaxer et laisser l\u2019\u00e9nergie affluer.<\/p>\n","protected":false},"excerpt":{"rendered":"<p>Le massage Tantra est un massage en harmonie avec le corps et le toucher \u00e9nerg\u00e9tique. Nous avons cr\u00e9\u00e9 notre massage Tantra gr\u00e2ce \u00e0 nos diff\u00e9rentes formations, lectures et ressentis. Tr\u00e8s <a class=\"more-link\" href=\"https:\/\/detente-aupaysdelauzun.fr\/index.php\/produit\/massage-tantra-1h-pour-homme\/\">Continuer la lecture &rarr;<\/a><\/p>\n","protected":false},"featured_media":881,"template":"","meta":[],"product_brand":[],"product_cat":[28],"product_tag":[],"class_list":{"0":"post-882","1":"product","2":"type-product","3":"status-publish","4":"has-post-thumbnail","6":"product_cat-massages","8":"first","9":"instock","10":"downloadable","11":"shipping-taxable","12":"purchasable","13":"product-type-simple"},"yoast_head":"<!-- This site is optimized with the Yoast SEO plugin v27.2 - https:\/\/yoast.com\/product\/yoast-seo-wordpress\/ -->\n<title>Massage Tantra 1h pour homme - D\u00e9tente Bien-\u00eatre Th\u00e9rapies \u00e0 St Colomb de Lauzun<\/title>\n<meta name=\"robots\" content=\"index, follow, max-snippet:-1, max-image-preview:large, max-video-preview:-1\" \/>\n<link rel=\"canonical\" href=\"https:\/\/detente-aupaysdelauzun.fr\/index.php\/produit\/massage-tantra-1h-pour-homme\/\" \/>\n<meta property=\"og:locale\" content=\"fr_FR\" \/>\n<meta property=\"og:type\" content=\"article\" \/>\n<meta property=\"og:title\" content=\"Massage Tantra 1h pour homme - D\u00e9tente Bien-\u00eatre Th\u00e9rapies \u00e0 St Colomb de Lauzun\" \/>\n<meta property=\"og:description\" content=\"Le massage Tantra est un massage en harmonie avec le corps et le toucher \u00e9nerg\u00e9tique. Nous avons cr\u00e9\u00e9 notre massage Tantra gr\u00e2ce \u00e0 nos diff\u00e9rentes formations, lectures et ressentis. Tr\u00e8s Continuer la lecture &rarr;\" \/>\n<meta property=\"og:url\" content=\"https:\/\/detente-aupaysdelauzun.fr\/index.php\/produit\/massage-tantra-1h-pour-homme\/\" \/>\n<meta property=\"og:site_name\" content=\"D\u00e9tente Bien-\u00eatre Th\u00e9rapies \u00e0 St Colomb de Lauzun\" \/>\n<meta property=\"article:modified_time\" content=\"2025-11-25T09:43:14+00:00\" \/>\n<meta property=\"og:image\" content=\"https:\/\/detente-aupaysdelauzun.fr\/wp-content\/uploads\/2025\/01\/massage-g1092f1932_1280-1024x682-1-2.jpg\" \/>\n\t<meta property=\"og:image:width\" content=\"1024\" \/>\n\t<meta property=\"og:image:height\" content=\"682\" \/>\n\t<meta property=\"og:image:type\" content=\"image\/jpeg\" \/>\n<meta name=\"twitter:card\" content=\"summary_large_image\" \/>\n<meta name=\"twitter:label1\" content=\"Dur\u00e9e de lecture estim\u00e9e\" \/>\n\t<meta name=\"twitter:data1\" content=\"2 minutes\" \/>\n<script type=\"application\/ld+json\" class=\"yoast-schema-graph\">{\"@context\":\"https:\/\/schema.org\",\"@graph\":[{\"@type\":\"WebPage\",\"@id\":\"https:\/\/detente-aupaysdelauzun.fr\/index.php\/produit\/massage-tantra-1h-pour-homme\/\",\"url\":\"https:\/\/detente-aupaysdelauzun.fr\/index.php\/produit\/massage-tantra-1h-pour-homme\/\",\"name\":\"Massage Tantra 1h pour homme - D\u00e9tente Bien-\u00eatre Th\u00e9rapies \u00e0 St Colomb de Lauzun\",\"isPartOf\":{\"@id\":\"https:\/\/detente-aupaysdelauzun.fr\/#website\"},\"primaryImageOfPage\":{\"@id\":\"https:\/\/detente-aupaysdelauzun.fr\/index.php\/produit\/massage-tantra-1h-pour-homme\/#primaryimage\"},\"image\":{\"@id\":\"https:\/\/detente-aupaysdelauzun.fr\/index.php\/produit\/massage-tantra-1h-pour-homme\/#primaryimage\"},\"thumbnailUrl\":\"https:\/\/detente-aupaysdelauzun.fr\/wp-content\/uploads\/2025\/01\/massage-g1092f1932_1280-1024x682-1-2.jpg\",\"datePublished\":\"2025-01-07T14:19:01+00:00\",\"dateModified\":\"2025-11-25T09:43:14+00:00\",\"breadcrumb\":{\"@id\":\"https:\/\/detente-aupaysdelauzun.fr\/index.php\/produit\/massage-tantra-1h-pour-homme\/#breadcrumb\"},\"inLanguage\":\"fr-FR\",\"potentialAction\":[{\"@type\":\"ReadAction\",\"target\":[\"https:\/\/detente-aupaysdelauzun.fr\/index.php\/produit\/massage-tantra-1h-pour-homme\/\"]}]},{\"@type\":\"ImageObject\",\"inLanguage\":\"fr-FR\",\"@id\":\"https:\/\/detente-aupaysdelauzun.fr\/index.php\/produit\/massage-tantra-1h-pour-homme\/#primaryimage\",\"url\":\"https:\/\/detente-aupaysdelauzun.fr\/wp-content\/uploads\/2025\/01\/massage-g1092f1932_1280-1024x682-1-2.jpg\",\"contentUrl\":\"https:\/\/detente-aupaysdelauzun.fr\/wp-content\/uploads\/2025\/01\/massage-g1092f1932_1280-1024x682-1-2.jpg\",\"width\":1024,\"height\":682},{\"@type\":\"BreadcrumbList\",\"@id\":\"https:\/\/detente-aupaysdelauzun.fr\/index.php\/produit\/massage-tantra-1h-pour-homme\/#breadcrumb\",\"itemListElement\":[{\"@type\":\"ListItem\",\"position\":1,\"name\":\"Accueil\",\"item\":\"https:\/\/detente-aupaysdelauzun.fr\/\"},{\"@type\":\"ListItem\",\"position\":2,\"name\":\"Boutique\",\"item\":\"https:\/\/detente-aupaysdelauzun.fr\/index.php\/boutique\/\"},{\"@type\":\"ListItem\",\"position\":3,\"name\":\"Massage Tantra 1h pour homme\"}]},{\"@type\":\"WebSite\",\"@id\":\"https:\/\/detente-aupaysdelauzun.fr\/#website\",\"url\":\"https:\/\/detente-aupaysdelauzun.fr\/\",\"name\":\"D\u00e9tente Bien-\u00eatre Th\u00e9rapies \u00e0 St Colomb de Lauzun\",\"description\":\"Lieu propice \u00e0 la d\u00e9tente et aux d\u00e9couvertes au triangle de la Dordogne de la Gironde et du Lot et Garonne\",\"potentialAction\":[{\"@type\":\"SearchAction\",\"target\":{\"@type\":\"EntryPoint\",\"urlTemplate\":\"https:\/\/detente-aupaysdelauzun.fr\/?s={search_term_string}\"},\"query-input\":{\"@type\":\"PropertyValueSpecification\",\"valueRequired\":true,\"valueName\":\"search_term_string\"}}],\"inLanguage\":\"fr-FR\"}]}<\/script>\n<!-- \/ Yoast SEO plugin. -->","yoast_head_json":{"title":"Massage Tantra 1h pour homme - D\u00e9tente Bien-\u00eatre Th\u00e9rapies \u00e0 St Colomb de Lauzun","robots":{"index":"index","follow":"follow","max-snippet":"max-snippet:-1","max-image-preview":"max-image-preview:large","max-video-preview":"max-video-preview:-1"},"canonical":"https:\/\/detente-aupaysdelauzun.fr\/index.php\/produit\/massage-tantra-1h-pour-homme\/","og_locale":"fr_FR","og_type":"article","og_title":"Massage Tantra 1h pour homme - D\u00e9tente Bien-\u00eatre Th\u00e9rapies \u00e0 St Colomb de Lauzun","og_description":"Le massage Tantra est un massage en harmonie avec le corps et le toucher \u00e9nerg\u00e9tique. Nous avons cr\u00e9\u00e9 notre massage Tantra gr\u00e2ce \u00e0 nos diff\u00e9rentes formations, lectures et ressentis. Tr\u00e8s Continuer la lecture &rarr;","og_url":"https:\/\/detente-aupaysdelauzun.fr\/index.php\/produit\/massage-tantra-1h-pour-homme\/","og_site_name":"D\u00e9tente Bien-\u00eatre Th\u00e9rapies \u00e0 St Colomb de Lauzun","article_modified_time":"2025-11-25T09:43:14+00:00","og_image":[{"width":1024,"height":682,"url":"https:\/\/detente-aupaysdelauzun.fr\/wp-content\/uploads\/2025\/01\/massage-g1092f1932_1280-1024x682-1-2.jpg","type":"image\/jpeg"}],"twitter_card":"summary_large_image","twitter_misc":{"Dur\u00e9e de lecture estim\u00e9e":"2 minutes"},"schema":{"@context":"https:\/\/schema.org","@graph":[{"@type":"WebPage","@id":"https:\/\/detente-aupaysdelauzun.fr\/index.php\/produit\/massage-tantra-1h-pour-homme\/","url":"https:\/\/detente-aupaysdelauzun.fr\/index.php\/produit\/massage-tantra-1h-pour-homme\/","name":"Massage Tantra 1h pour homme - D\u00e9tente Bien-\u00eatre Th\u00e9rapies \u00e0 St Colomb de Lauzun","isPartOf":{"@id":"https:\/\/detente-aupaysdelauzun.fr\/#website"},"primaryImageOfPage":{"@id":"https:\/\/detente-aupaysdelauzun.fr\/index.php\/produit\/massage-tantra-1h-pour-homme\/#primaryimage"},"image":{"@id":"https:\/\/detente-aupaysdelauzun.fr\/index.php\/produit\/massage-tantra-1h-pour-homme\/#primaryimage"},"thumbnailUrl":"https:\/\/detente-aupaysdelauzun.fr\/wp-content\/uploads\/2025\/01\/massage-g1092f1932_1280-1024x682-1-2.jpg","datePublished":"2025-01-07T14:19:01+00:00","dateModified":"2025-11-25T09:43:14+00:00","breadcrumb":{"@id":"https:\/\/detente-aupaysdelauzun.fr\/index.php\/produit\/massage-tantra-1h-pour-homme\/#breadcrumb"},"inLanguage":"fr-FR","potentialAction":[{"@type":"ReadAction","target":["https:\/\/detente-aupaysdelauzun.fr\/index.php\/produit\/massage-tantra-1h-pour-homme\/"]}]},{"@type":"ImageObject","inLanguage":"fr-FR","@id":"https:\/\/detente-aupaysdelauzun.fr\/index.php\/produit\/massage-tantra-1h-pour-homme\/#primaryimage","url":"https:\/\/detente-aupaysdelauzun.fr\/wp-content\/uploads\/2025\/01\/massage-g1092f1932_1280-1024x682-1-2.jpg","contentUrl":"https:\/\/detente-aupaysdelauzun.fr\/wp-content\/uploads\/2025\/01\/massage-g1092f1932_1280-1024x682-1-2.jpg","width":1024,"height":682},{"@type":"BreadcrumbList","@id":"https:\/\/detente-aupaysdelauzun.fr\/index.php\/produit\/massage-tantra-1h-pour-homme\/#breadcrumb","itemListElement":[{"@type":"ListItem","position":1,"name":"Accueil","item":"https:\/\/detente-aupaysdelauzun.fr\/"},{"@type":"ListItem","position":2,"name":"Boutique","item":"https:\/\/detente-aupaysdelauzun.fr\/index.php\/boutique\/"},{"@type":"ListItem","position":3,"name":"Massage Tantra 1h pour homme"}]},{"@type":"WebSite","@id":"https:\/\/detente-aupaysdelauzun.fr\/#website","url":"https:\/\/detente-aupaysdelauzun.fr\/","name":"D\u00e9tente Bien-\u00eatre Th\u00e9rapies \u00e0 St Colomb de Lauzun","description":"Lieu propice \u00e0 la d\u00e9tente et aux d\u00e9couvertes au triangle de la Dordogne de la Gironde et du Lot et Garonne","potentialAction":[{"@type":"SearchAction","target":{"@type":"EntryPoint","urlTemplate":"https:\/\/detente-aupaysdelauzun.fr\/?s={search_term_string}"},"query-input":{"@type":"PropertyValueSpecification","valueRequired":true,"valueName":"search_term_string"}}],"inLanguage":"fr-FR"}]}},"_links":{"self":[{"href":"https:\/\/detente-aupaysdelauzun.fr\/index.php\/wp-json\/wp\/v2\/product\/882","targetHints":{"allow":["GET"]}}],"collection":[{"href":"https:\/\/detente-aupaysdelauzun.fr\/index.php\/wp-json\/wp\/v2\/product"}],"about":[{"href":"https:\/\/detente-aupaysdelauzun.fr\/index.php\/wp-json\/wp\/v2\/types\/product"}],"wp:featuredmedia":[{"embeddable":true,"href":"https:\/\/detente-aupaysdelauzun.fr\/index.php\/wp-json\/wp\/v2\/media\/881"}],"wp:attachment":[{"href":"https:\/\/detente-aupaysdelauzun.fr\/index.php\/wp-json\/wp\/v2\/media?parent=882"}],"wp:term":[{"taxonomy":"product_brand","embeddable":true,"href":"https:\/\/detente-aupaysdelauzun.fr\/index.php\/wp-json\/wp\/v2\/product_brand?post=882"},{"taxonomy":"product_cat","embeddable":true,"href":"https:\/\/detente-aupaysdelauzun.fr\/index.php\/wp-json\/wp\/v2\/product_cat?post=882"},{"taxonomy":"product_tag","embeddable":true,"href":"https:\/\/detente-aupaysdelauzun.fr\/index.php\/wp-json\/wp\/v2\/product_tag?post=882"}],"curies":[{"name":"wp","href":"https:\/\/api.w.org\/{rel}","templated":true}]}}