{"id":468,"date":"2024-12-07T19:41:00","date_gmt":"2024-12-07T18:41:00","guid":{"rendered":"https:\/\/detente-aupaysdelauzun.fr\/?page_id=468"},"modified":"2025-11-25T12:02:48","modified_gmt":"2025-11-25T11:02:48","slug":"soins-energetiques","status":"publish","type":"page","link":"https:\/\/detente-aupaysdelauzun.fr\/index.php\/soins-energetiques\/","title":{"rendered":"Soins \u00e9nerg\u00e9tiques"},"content":{"rendered":"\n<figure class=\"wp-block-image size-full\"><img loading=\"lazy\" decoding=\"async\" width=\"1024\" height=\"576\" src=\"https:\/\/detente-aupaysdelauzun.fr\/wp-content\/uploads\/2024\/12\/mains-1024x576-1.jpg\" alt=\"soins reiki cancon\" class=\"wp-image-471\" srcset=\"https:\/\/detente-aupaysdelauzun.fr\/wp-content\/uploads\/2024\/12\/mains-1024x576-1.jpg 1024w, https:\/\/detente-aupaysdelauzun.fr\/wp-content\/uploads\/2024\/12\/mains-1024x576-1-300x169.jpg 300w, https:\/\/detente-aupaysdelauzun.fr\/wp-content\/uploads\/2024\/12\/mains-1024x576-1-768x432.jpg 768w\" sizes=\"auto, (max-width: 1024px) 100vw, 1024px\" \/><\/figure>\n\n\n\n<p>Th\u00e9rapeute \u00e9nerg\u00e9tique en Lot-et-Garonne et Soins \u00e9nerg\u00e9tiques \u00e0 Cancon, Miramont de guyenne<\/p>\n\n\n\n<h2 class=\"wp-block-heading\"><strong>Le Reiki<\/strong><\/h2>\n\n\n\n<p><br>Le Reiki est une technique de soins naturelle et holistique qui harmonise les diff\u00e9rents corps et am\u00e8ne un retour \u00e0 l\u2019\u00e9quilibre physique, mental, \u00e9motionnel et psychique. C\u2019est donc la mise ou la remise en contact de \u00ab l\u2019\u00e9nergie universelle \u00bb et de notre propre \u00ab force vitale \u00bb, dans le but d\u2019\u00e9veiller un processus dynamique de gu\u00e9rison.<br>Ce soin appartient aux approches dites \u00e9nerg\u00e9tiques, dans lesquelles le praticien intervient sur le champ vibratoire de la personne. De ce fait, tout le monde peut en b\u00e9n\u00e9ficier : femmes enceintes, personnes \u00e2g\u00e9es, adultes, enfants, nouveaux n\u00e9s\u2026 M\u00eame durant une convalescence. De plus, la fatigue ponctuelle, constante et\/ou persistante, la spasmophilie, l\u2019ecz\u00e9ma, les allergies sont des indications \u00e0 ce soin. Mais il peut \u00e9galement \u00eatre b\u00e9n\u00e9fique pour g\u00e9rer ses peurs, ses phobies, son stress avant un entretien d\u2019embauche, examens, concours, formation ou encore une d\u00e9pression.<\/p>\n\n\n<div class=\"wp-block-image\">\n<figure class=\"aligncenter size-full\"><a href=\"https:\/\/detente-aupaysdelauzun.fr\/index.php\/rendez-vous\/\"><img loading=\"lazy\" decoding=\"async\" width=\"220\" height=\"220\" src=\"https:\/\/detente-aupaysdelauzun.fr\/wp-content\/uploads\/2025\/01\/pastille-Prendre-RDV.png\" alt=\"\" class=\"wp-image-683\" srcset=\"https:\/\/detente-aupaysdelauzun.fr\/wp-content\/uploads\/2025\/01\/pastille-Prendre-RDV.png 220w, https:\/\/detente-aupaysdelauzun.fr\/wp-content\/uploads\/2025\/01\/pastille-Prendre-RDV-150x150.png 150w, https:\/\/detente-aupaysdelauzun.fr\/wp-content\/uploads\/2025\/01\/pastille-Prendre-RDV-100x100.png 100w\" sizes=\"auto, (max-width: 220px) 100vw, 220px\" \/><\/a><\/figure>\n<\/div>\n\n\n<figure class=\"wp-block-image size-full is-resized\"><img loading=\"lazy\" decoding=\"async\" width=\"300\" height=\"160\" src=\"https:\/\/detente-aupaysdelauzun.fr\/wp-content\/uploads\/2024\/12\/massage-cranien-300x160-1.jpg\" alt=\"Magn\u00e9tisme Miramont de guyenne\" class=\"wp-image-472\" style=\"width:678px;height:auto\"\/><\/figure>\n\n\n\n<h2 class=\"wp-block-heading\"><strong>Le Magn\u00e9tisme<\/strong><\/h2>\n\n\n\n<p>Le Magn\u00e9tisme permet par simple imposition des mains, de soulager en r\u00e9harmonisant les \u00e9nergies.&nbsp;<br>D\u00e9couvrez, comprenez et contr\u00f4lez ces incroyables pouvoirs qui sont cach\u00e9s en vous !&nbsp;&nbsp;Le magn\u00e9tisme est l\u2019ensemble des proc\u00e9d\u00e9s (passes, souffle magn\u00e9tique, imposition des mains\u2026) utilisant le fluide magn\u00e9tique \u00e0 des fins de soulagement et de gu\u00e9rison des maux et maladies. Ce n\u2019est pas simplement un don au sens de \u00ab facult\u00e9 \u00bb, m\u00eame si certaines personnes ont plus la capacit\u00e9 de magn\u00e9tiser que d\u2019autres, mais bien plut\u00f4t un don en termes de \u00ab donner son \u00e9nergie aux autres \u00bb.<\/p>\n\n\n<div class=\"wp-block-image\">\n<figure class=\"aligncenter size-full\"><a href=\"https:\/\/detente-aupaysdelauzun.fr\/index.php\/rendez-vous\/\"><img loading=\"lazy\" decoding=\"async\" width=\"220\" height=\"220\" src=\"https:\/\/detente-aupaysdelauzun.fr\/wp-content\/uploads\/2025\/01\/pastille-Prendre-RDV.png\" alt=\"\" class=\"wp-image-683\" srcset=\"https:\/\/detente-aupaysdelauzun.fr\/wp-content\/uploads\/2025\/01\/pastille-Prendre-RDV.png 220w, https:\/\/detente-aupaysdelauzun.fr\/wp-content\/uploads\/2025\/01\/pastille-Prendre-RDV-150x150.png 150w, https:\/\/detente-aupaysdelauzun.fr\/wp-content\/uploads\/2025\/01\/pastille-Prendre-RDV-100x100.png 100w\" sizes=\"auto, (max-width: 220px) 100vw, 220px\" \/><\/a><\/figure>\n<\/div>\n\n\n<figure class=\"wp-block-image size-full\"><img loading=\"lazy\" decoding=\"async\" width=\"1024\" height=\"682\" src=\"https:\/\/detente-aupaysdelauzun.fr\/wp-content\/uploads\/2024\/12\/massage-g1092f1932_1280-1024x682-1-1.jpg\" alt=\"Massage Tantra en lot et Garonne et Dordogne\" class=\"wp-image-473\" srcset=\"https:\/\/detente-aupaysdelauzun.fr\/wp-content\/uploads\/2024\/12\/massage-g1092f1932_1280-1024x682-1-1.jpg 1024w, https:\/\/detente-aupaysdelauzun.fr\/wp-content\/uploads\/2024\/12\/massage-g1092f1932_1280-1024x682-1-1-300x200.jpg 300w, https:\/\/detente-aupaysdelauzun.fr\/wp-content\/uploads\/2024\/12\/massage-g1092f1932_1280-1024x682-1-1-768x512.jpg 768w\" sizes=\"auto, (max-width: 1024px) 100vw, 1024px\" \/><\/figure>\n\n\n\n<h2 class=\"wp-block-heading\"><strong>Le massage Tantra<\/strong><\/h2>\n\n\n\n<p><br>Le massage Tantra est un massage en harmonie avec le corps et le toucher \u00e9nerg\u00e9tique. Nous avons cr\u00e9\u00e9 notre massage Tantra gr\u00e2ce \u00e0 nos diff\u00e9rentes formations, lectures et ressentis. Tr\u00e8s diff\u00e9rent du massage traditionnel, il est effectu\u00e9 sur un corps nu (si la nudit\u00e9 pose un probl\u00e8me nous pouvons en discuter).<\/p>\n\n\n\n<p><br>Le massage Tantra prend en compte l\u2019int\u00e9gralit\u00e9 du corps, y compris les organes g\u00e9nitaux car chaque partie du corps fait partie du corps dans son ensemble comme les jambes ou le dos. Par ailleurs il n\u2019y a pas de focalisation sur les parties intimes elles sont mass\u00e9es comme les autres parties du corps<br>Malgr\u00e9 sa connotation sensuelle, le modelage tantrique n\u2019est pas une prestation \u00e9rotique. Il est, n\u00e9anmoins, un modelage permettant de se sentir en harmonie avec son corps, ce qui peut se r\u00e9v\u00e9ler b\u00e9n\u00e9fique pour sa vie sexuelle. C\u2019est dans un cadre respectueux, bienveillant et sacr\u00e9 que vous acc\u00e9derez \u00e0 un espace o\u00f9 les mots, les performances et les objectifs n\u2019existent plus. Et o\u00f9 il ne reste qu\u2019\u00e0 l\u00e2cher prise, se relaxer et laisser l\u2019\u00e9nergie affluer.<\/p>\n\n\n<div class=\"wp-block-image\">\n<figure class=\"aligncenter size-full\"><a href=\"https:\/\/detente-aupaysdelauzun.fr\/index.php\/rendez-vous\/\"><img loading=\"lazy\" decoding=\"async\" width=\"220\" height=\"220\" src=\"https:\/\/detente-aupaysdelauzun.fr\/wp-content\/uploads\/2025\/01\/pastille-Prendre-RDV.png\" alt=\"\" class=\"wp-image-683\" srcset=\"https:\/\/detente-aupaysdelauzun.fr\/wp-content\/uploads\/2025\/01\/pastille-Prendre-RDV.png 220w, https:\/\/detente-aupaysdelauzun.fr\/wp-content\/uploads\/2025\/01\/pastille-Prendre-RDV-150x150.png 150w, https:\/\/detente-aupaysdelauzun.fr\/wp-content\/uploads\/2025\/01\/pastille-Prendre-RDV-100x100.png 100w\" sizes=\"auto, (max-width: 220px) 100vw, 220px\" \/><\/a><\/figure>\n<\/div>\n\n\n<figure class=\"wp-block-image size-full\"><img loading=\"lazy\" decoding=\"async\" width=\"1024\" height=\"683\" src=\"https:\/\/detente-aupaysdelauzun.fr\/wp-content\/uploads\/2024\/12\/physical-therapy-2133286_1920-1024x683-1.jpg\" alt=\"r\u00e9flexologie\u00a0plantaire\" class=\"wp-image-474\" srcset=\"https:\/\/detente-aupaysdelauzun.fr\/wp-content\/uploads\/2024\/12\/physical-therapy-2133286_1920-1024x683-1.jpg 1024w, https:\/\/detente-aupaysdelauzun.fr\/wp-content\/uploads\/2024\/12\/physical-therapy-2133286_1920-1024x683-1-300x200.jpg 300w, https:\/\/detente-aupaysdelauzun.fr\/wp-content\/uploads\/2024\/12\/physical-therapy-2133286_1920-1024x683-1-768x512.jpg 768w\" sizes=\"auto, (max-width: 1024px) 100vw, 1024px\" \/><\/figure>\n\n\n\n<h2 class=\"wp-block-heading\"><strong>La&nbsp;<dfn>r\u00e9flexologie<\/dfn>&nbsp;plantaire<\/strong><\/h2>\n\n\n\n<p>La&nbsp;<dfn>r\u00e9flexologie<\/dfn>&nbsp;est une&nbsp;pratique se pr\u00e9sentant comme th\u00e9rapeutique&nbsp;et utilisant le&nbsp;massage. Elle repose sur le pr\u00e9cepte&nbsp;pseudo-scientifique&nbsp;que chaque&nbsp;organe, partie du corps ou&nbsp;fonction physiologique&nbsp;correspondrait \u00e0 une zone ou un point sur les mains, les pieds ou les oreilles (appel\u00e9e&nbsp;\u00ab&nbsp;zone r\u00e9flexe&nbsp;\u00bb, d\u2019o\u00f9 le nom de cette pratique.<\/p>\n\n\n<div class=\"wp-block-image\">\n<figure class=\"aligncenter size-full\"><a href=\"https:\/\/detente-aupaysdelauzun.fr\/index.php\/rendez-vous\/\"><img loading=\"lazy\" decoding=\"async\" width=\"220\" height=\"220\" src=\"https:\/\/detente-aupaysdelauzun.fr\/wp-content\/uploads\/2025\/01\/pastille-Prendre-RDV.png\" alt=\"\" class=\"wp-image-683\" srcset=\"https:\/\/detente-aupaysdelauzun.fr\/wp-content\/uploads\/2025\/01\/pastille-Prendre-RDV.png 220w, https:\/\/detente-aupaysdelauzun.fr\/wp-content\/uploads\/2025\/01\/pastille-Prendre-RDV-150x150.png 150w, https:\/\/detente-aupaysdelauzun.fr\/wp-content\/uploads\/2025\/01\/pastille-Prendre-RDV-100x100.png 100w\" sizes=\"auto, (max-width: 220px) 100vw, 220px\" \/><\/a><\/figure>\n<\/div>\n\n\n<p>suivez nous <a href=\"https:\/\/www.instagram.com\/detenteaupaysdelauzun\/\" target=\"_blank\" rel=\"noreferrer noopener\">sur instagram<\/a><\/p>\n\n\n<div class=\"wp-block-image\">\n<figure class=\"aligncenter size-full is-resized\"><a href=\"https:\/\/detente-aupaysdelauzun.fr\/index.php\/boutique\/\"><img loading=\"lazy\" decoding=\"async\" width=\"640\" height=\"408\" src=\"https:\/\/detente-aupaysdelauzun.fr\/wp-content\/uploads\/2025\/11\/Boutique-en-ligne-Cartes-cadeaux-Soins-Produits.png\" alt=\"\" class=\"wp-image-1339\" style=\"width:233px;height:auto\" srcset=\"https:\/\/detente-aupaysdelauzun.fr\/wp-content\/uploads\/2025\/11\/Boutique-en-ligne-Cartes-cadeaux-Soins-Produits.png 640w, https:\/\/detente-aupaysdelauzun.fr\/wp-content\/uploads\/2025\/11\/Boutique-en-ligne-Cartes-cadeaux-Soins-Produits-300x191.png 300w\" sizes=\"auto, (max-width: 640px) 100vw, 640px\" \/><\/a><\/figure>\n<\/div>\n\n\n<p>Th\u00e9rapeute \u00e9nerg\u00e9tique en Lot-et-Garonne et Soins \u00e9nerg\u00e9tiques \u00e0 Cancon, Miramont de guyenne<\/p>\n","protected":false},"excerpt":{"rendered":"<p>Th\u00e9rapeute \u00e9nerg\u00e9tique en Lot-et-Garonne et Soins \u00e9nerg\u00e9tiques \u00e0 Cancon, Miramont de guyenne Le Reiki Le Reiki est une technique de soins naturelle et holistique qui harmonise les diff\u00e9rents corps et <a class=\"more-link\" href=\"https:\/\/detente-aupaysdelauzun.fr\/index.php\/soins-energetiques\/\">Continuer la lecture &rarr;<\/a><\/p>\n","protected":false},"author":2,"featured_media":0,"parent":0,"menu_order":0,"comment_status":"closed","ping_status":"closed","template":"","meta":{"footnotes":""},"class_list":["post-468","page","type-page","status-publish","hentry"],"yoast_head":"<!-- This site is optimized with the Yoast SEO plugin v27.2 - https:\/\/yoast.com\/product\/yoast-seo-wordpress\/ -->\n<title>Soins \u00e9nerg\u00e9tiques - D\u00e9tente Bien-\u00eatre Th\u00e9rapies \u00e0 St Colomb de Lauzun<\/title>\n<meta name=\"description\" content=\"Th\u00e9rapeute \u00e9nerg\u00e9tique en Lot-et-Garonne et Soins \u00e9nerg\u00e9tiques \u00e0 Cancon. Magn\u00e9tisme, reiki et th\u00e9rapie \u00e9nerg\u00e9tique en Lot-et-Garonne\" \/>\n<meta name=\"robots\" content=\"index, follow, max-snippet:-1, max-image-preview:large, max-video-preview:-1\" \/>\n<link rel=\"canonical\" href=\"https:\/\/detente-aupaysdelauzun.fr\/index.php\/soins-energetiques\/\" \/>\n<meta property=\"og:locale\" content=\"fr_FR\" \/>\n<meta property=\"og:type\" content=\"article\" \/>\n<meta property=\"og:title\" content=\"Soins \u00e9nerg\u00e9tiques - D\u00e9tente Bien-\u00eatre Th\u00e9rapies \u00e0 St Colomb de Lauzun\" \/>\n<meta property=\"og:description\" content=\"Th\u00e9rapeute \u00e9nerg\u00e9tique en Lot-et-Garonne et Soins \u00e9nerg\u00e9tiques \u00e0 Cancon. Magn\u00e9tisme, reiki et th\u00e9rapie \u00e9nerg\u00e9tique en Lot-et-Garonne\" \/>\n<meta property=\"og:url\" content=\"https:\/\/detente-aupaysdelauzun.fr\/index.php\/soins-energetiques\/\" \/>\n<meta property=\"og:site_name\" content=\"D\u00e9tente Bien-\u00eatre Th\u00e9rapies \u00e0 St Colomb de Lauzun\" \/>\n<meta property=\"article:modified_time\" content=\"2025-11-25T11:02:48+00:00\" \/>\n<meta property=\"og:image\" content=\"https:\/\/detente-aupaysdelauzun.fr\/wp-content\/uploads\/2024\/12\/mains-1024x576-1.jpg\" \/>\n\t<meta property=\"og:image:width\" content=\"1024\" \/>\n\t<meta property=\"og:image:height\" content=\"576\" \/>\n\t<meta property=\"og:image:type\" content=\"image\/jpeg\" \/>\n<meta name=\"twitter:card\" content=\"summary_large_image\" \/>\n<meta name=\"twitter:label1\" content=\"Dur\u00e9e de lecture estim\u00e9e\" \/>\n\t<meta name=\"twitter:data1\" content=\"5 minutes\" \/>\n<script type=\"application\/ld+json\" class=\"yoast-schema-graph\">{\"@context\":\"https:\/\/schema.org\",\"@graph\":[{\"@type\":\"WebPage\",\"@id\":\"https:\/\/detente-aupaysdelauzun.fr\/index.php\/soins-energetiques\/\",\"url\":\"https:\/\/detente-aupaysdelauzun.fr\/index.php\/soins-energetiques\/\",\"name\":\"Soins \u00e9nerg\u00e9tiques - D\u00e9tente Bien-\u00eatre Th\u00e9rapies \u00e0 St Colomb de Lauzun\",\"isPartOf\":{\"@id\":\"https:\/\/detente-aupaysdelauzun.fr\/#website\"},\"primaryImageOfPage\":{\"@id\":\"https:\/\/detente-aupaysdelauzun.fr\/index.php\/soins-energetiques\/#primaryimage\"},\"image\":{\"@id\":\"https:\/\/detente-aupaysdelauzun.fr\/index.php\/soins-energetiques\/#primaryimage\"},\"thumbnailUrl\":\"https:\/\/detente-aupaysdelauzun.fr\/wp-content\/uploads\/2024\/12\/mains-1024x576-1.jpg\",\"datePublished\":\"2024-12-07T18:41:00+00:00\",\"dateModified\":\"2025-11-25T11:02:48+00:00\",\"description\":\"Th\u00e9rapeute \u00e9nerg\u00e9tique en Lot-et-Garonne et Soins \u00e9nerg\u00e9tiques \u00e0 Cancon. Magn\u00e9tisme, reiki et th\u00e9rapie \u00e9nerg\u00e9tique en Lot-et-Garonne\",\"breadcrumb\":{\"@id\":\"https:\/\/detente-aupaysdelauzun.fr\/index.php\/soins-energetiques\/#breadcrumb\"},\"inLanguage\":\"fr-FR\",\"potentialAction\":[{\"@type\":\"ReadAction\",\"target\":[\"https:\/\/detente-aupaysdelauzun.fr\/index.php\/soins-energetiques\/\"]}]},{\"@type\":\"ImageObject\",\"inLanguage\":\"fr-FR\",\"@id\":\"https:\/\/detente-aupaysdelauzun.fr\/index.php\/soins-energetiques\/#primaryimage\",\"url\":\"https:\/\/detente-aupaysdelauzun.fr\/wp-content\/uploads\/2024\/12\/mains-1024x576-1.jpg\",\"contentUrl\":\"https:\/\/detente-aupaysdelauzun.fr\/wp-content\/uploads\/2024\/12\/mains-1024x576-1.jpg\",\"width\":1024,\"height\":576},{\"@type\":\"BreadcrumbList\",\"@id\":\"https:\/\/detente-aupaysdelauzun.fr\/index.php\/soins-energetiques\/#breadcrumb\",\"itemListElement\":[{\"@type\":\"ListItem\",\"position\":1,\"name\":\"Accueil\",\"item\":\"https:\/\/detente-aupaysdelauzun.fr\/\"},{\"@type\":\"ListItem\",\"position\":2,\"name\":\"Soins \u00e9nerg\u00e9tiques\"}]},{\"@type\":\"WebSite\",\"@id\":\"https:\/\/detente-aupaysdelauzun.fr\/#website\",\"url\":\"https:\/\/detente-aupaysdelauzun.fr\/\",\"name\":\"D\u00e9tente Bien-\u00eatre Th\u00e9rapies \u00e0 St Colomb de Lauzun\",\"description\":\"Lieu propice \u00e0 la d\u00e9tente et aux d\u00e9couvertes au triangle de la Dordogne de la Gironde et du Lot et Garonne\",\"potentialAction\":[{\"@type\":\"SearchAction\",\"target\":{\"@type\":\"EntryPoint\",\"urlTemplate\":\"https:\/\/detente-aupaysdelauzun.fr\/?s={search_term_string}\"},\"query-input\":{\"@type\":\"PropertyValueSpecification\",\"valueRequired\":true,\"valueName\":\"search_term_string\"}}],\"inLanguage\":\"fr-FR\"}]}<\/script>\n<!-- \/ Yoast SEO plugin. -->","yoast_head_json":{"title":"Soins \u00e9nerg\u00e9tiques - D\u00e9tente Bien-\u00eatre Th\u00e9rapies \u00e0 St Colomb de Lauzun","description":"Th\u00e9rapeute \u00e9nerg\u00e9tique en Lot-et-Garonne et Soins \u00e9nerg\u00e9tiques \u00e0 Cancon. Magn\u00e9tisme, reiki et th\u00e9rapie \u00e9nerg\u00e9tique en Lot-et-Garonne","robots":{"index":"index","follow":"follow","max-snippet":"max-snippet:-1","max-image-preview":"max-image-preview:large","max-video-preview":"max-video-preview:-1"},"canonical":"https:\/\/detente-aupaysdelauzun.fr\/index.php\/soins-energetiques\/","og_locale":"fr_FR","og_type":"article","og_title":"Soins \u00e9nerg\u00e9tiques - D\u00e9tente Bien-\u00eatre Th\u00e9rapies \u00e0 St Colomb de Lauzun","og_description":"Th\u00e9rapeute \u00e9nerg\u00e9tique en Lot-et-Garonne et Soins \u00e9nerg\u00e9tiques \u00e0 Cancon. Magn\u00e9tisme, reiki et th\u00e9rapie \u00e9nerg\u00e9tique en Lot-et-Garonne","og_url":"https:\/\/detente-aupaysdelauzun.fr\/index.php\/soins-energetiques\/","og_site_name":"D\u00e9tente Bien-\u00eatre Th\u00e9rapies \u00e0 St Colomb de Lauzun","article_modified_time":"2025-11-25T11:02:48+00:00","og_image":[{"width":1024,"height":576,"url":"https:\/\/detente-aupaysdelauzun.fr\/wp-content\/uploads\/2024\/12\/mains-1024x576-1.jpg","type":"image\/jpeg"}],"twitter_card":"summary_large_image","twitter_misc":{"Dur\u00e9e de lecture estim\u00e9e":"5 minutes"},"schema":{"@context":"https:\/\/schema.org","@graph":[{"@type":"WebPage","@id":"https:\/\/detente-aupaysdelauzun.fr\/index.php\/soins-energetiques\/","url":"https:\/\/detente-aupaysdelauzun.fr\/index.php\/soins-energetiques\/","name":"Soins \u00e9nerg\u00e9tiques - D\u00e9tente Bien-\u00eatre Th\u00e9rapies \u00e0 St Colomb de Lauzun","isPartOf":{"@id":"https:\/\/detente-aupaysdelauzun.fr\/#website"},"primaryImageOfPage":{"@id":"https:\/\/detente-aupaysdelauzun.fr\/index.php\/soins-energetiques\/#primaryimage"},"image":{"@id":"https:\/\/detente-aupaysdelauzun.fr\/index.php\/soins-energetiques\/#primaryimage"},"thumbnailUrl":"https:\/\/detente-aupaysdelauzun.fr\/wp-content\/uploads\/2024\/12\/mains-1024x576-1.jpg","datePublished":"2024-12-07T18:41:00+00:00","dateModified":"2025-11-25T11:02:48+00:00","description":"Th\u00e9rapeute \u00e9nerg\u00e9tique en Lot-et-Garonne et Soins \u00e9nerg\u00e9tiques \u00e0 Cancon. Magn\u00e9tisme, reiki et th\u00e9rapie \u00e9nerg\u00e9tique en Lot-et-Garonne","breadcrumb":{"@id":"https:\/\/detente-aupaysdelauzun.fr\/index.php\/soins-energetiques\/#breadcrumb"},"inLanguage":"fr-FR","potentialAction":[{"@type":"ReadAction","target":["https:\/\/detente-aupaysdelauzun.fr\/index.php\/soins-energetiques\/"]}]},{"@type":"ImageObject","inLanguage":"fr-FR","@id":"https:\/\/detente-aupaysdelauzun.fr\/index.php\/soins-energetiques\/#primaryimage","url":"https:\/\/detente-aupaysdelauzun.fr\/wp-content\/uploads\/2024\/12\/mains-1024x576-1.jpg","contentUrl":"https:\/\/detente-aupaysdelauzun.fr\/wp-content\/uploads\/2024\/12\/mains-1024x576-1.jpg","width":1024,"height":576},{"@type":"BreadcrumbList","@id":"https:\/\/detente-aupaysdelauzun.fr\/index.php\/soins-energetiques\/#breadcrumb","itemListElement":[{"@type":"ListItem","position":1,"name":"Accueil","item":"https:\/\/detente-aupaysdelauzun.fr\/"},{"@type":"ListItem","position":2,"name":"Soins \u00e9nerg\u00e9tiques"}]},{"@type":"WebSite","@id":"https:\/\/detente-aupaysdelauzun.fr\/#website","url":"https:\/\/detente-aupaysdelauzun.fr\/","name":"D\u00e9tente Bien-\u00eatre Th\u00e9rapies \u00e0 St Colomb de Lauzun","description":"Lieu propice \u00e0 la d\u00e9tente et aux d\u00e9couvertes au triangle de la Dordogne de la Gironde et du Lot et Garonne","potentialAction":[{"@type":"SearchAction","target":{"@type":"EntryPoint","urlTemplate":"https:\/\/detente-aupaysdelauzun.fr\/?s={search_term_string}"},"query-input":{"@type":"PropertyValueSpecification","valueRequired":true,"valueName":"search_term_string"}}],"inLanguage":"fr-FR"}]}},"_links":{"self":[{"href":"https:\/\/detente-aupaysdelauzun.fr\/index.php\/wp-json\/wp\/v2\/pages\/468","targetHints":{"allow":["GET"]}}],"collection":[{"href":"https:\/\/detente-aupaysdelauzun.fr\/index.php\/wp-json\/wp\/v2\/pages"}],"about":[{"href":"https:\/\/detente-aupaysdelauzun.fr\/index.php\/wp-json\/wp\/v2\/types\/page"}],"author":[{"embeddable":true,"href":"https:\/\/detente-aupaysdelauzun.fr\/index.php\/wp-json\/wp\/v2\/users\/2"}],"replies":[{"embeddable":true,"href":"https:\/\/detente-aupaysdelauzun.fr\/index.php\/wp-json\/wp\/v2\/comments?post=468"}],"version-history":[{"count":8,"href":"https:\/\/detente-aupaysdelauzun.fr\/index.php\/wp-json\/wp\/v2\/pages\/468\/revisions"}],"predecessor-version":[{"id":1347,"href":"https:\/\/detente-aupaysdelauzun.fr\/index.php\/wp-json\/wp\/v2\/pages\/468\/revisions\/1347"}],"wp:attachment":[{"href":"https:\/\/detente-aupaysdelauzun.fr\/index.php\/wp-json\/wp\/v2\/media?parent=468"}],"curies":[{"name":"wp","href":"https:\/\/api.w.org\/{rel}","templated":true}]}}