{"id":331,"date":"2023-07-29T21:09:07","date_gmt":"2023-07-29T19:09:07","guid":{"rendered":"https:\/\/detente-aupaysdelauzun.fr\/?page_id=331"},"modified":"2025-11-25T12:12:11","modified_gmt":"2025-11-25T11:12:11","slug":"nos-tarifs","status":"publish","type":"page","link":"https:\/\/detente-aupaysdelauzun.fr\/index.php\/nos-tarifs\/","title":{"rendered":"Tarif chambre"},"content":{"rendered":"\n<figure class=\"wp-block-image size-large\"><img loading=\"lazy\" decoding=\"async\" width=\"1024\" height=\"614\" src=\"https:\/\/detente-aupaysdelauzun.fr\/wp-content\/uploads\/2023\/07\/panneau-pub-chambre-1024x614.jpg\" alt=\"\" class=\"wp-image-333\" srcset=\"https:\/\/detente-aupaysdelauzun.fr\/wp-content\/uploads\/2023\/07\/panneau-pub-chambre-1024x614.jpg 1024w, https:\/\/detente-aupaysdelauzun.fr\/wp-content\/uploads\/2023\/07\/panneau-pub-chambre-300x180.jpg 300w, https:\/\/detente-aupaysdelauzun.fr\/wp-content\/uploads\/2023\/07\/panneau-pub-chambre-768x461.jpg 768w, https:\/\/detente-aupaysdelauzun.fr\/wp-content\/uploads\/2023\/07\/panneau-pub-chambre-1536x922.jpg 1536w, https:\/\/detente-aupaysdelauzun.fr\/wp-content\/uploads\/2023\/07\/panneau-pub-chambre-2048x1229.jpg 2048w\" sizes=\"auto, (max-width: 1024px) 100vw, 1024px\" \/><\/figure>\n\n\n\n<p><strong><u>Notre Chambre&nbsp;:<\/u><\/strong><\/p>\n\n\n\n<p><em>Inclus dans le tarif nuit\u00e9e :<\/em><br>Le petit d\u00e9jeuner,<br>Peignoirs,<br>Serviettes,<br>S\u00e8che cheveux,<br>Lit fait \u00e0 votre arriv\u00e9e.<\/p>\n\n\n\n<p><strong><u>Nos services suppl\u00e9mentaires gratuit :<\/u><\/strong><\/p>\n\n\n\n<p>l\u2019acc\u00e8s \u00e0 la piscine en saison, <br>l\u2019acc\u00e8s \u00e0 la cuisine ext\u00e9rieure<br>l\u2019acc\u00e8s au boulodrome, <br>l\u2019acc\u00e8s au badminton avec pr\u00eat de raquettes et volants, <br>l\u2019acc\u00e8s \u00e0 l\u2019espace musculation, <br>table de ping-pong avec pr\u00eat de raquettes et balles<br>mise \u00e0 disposition d\u2019un barbecue. <br>Vous avez \u00e9galement acc\u00e8s \u00e0 la salle commune avec diverses activit\u00e9s comme le billard, un grand \u00e9cran TV avec console de jeu et Netflix, un jeu de fl\u00e9chettes et des jeux de soci\u00e9t\u00e9.<br>mise \u00e0 disposition de v\u00e9lo (classique te electrique)<\/p>\n\n\n\n<figure class=\"wp-block-table aligncenter\"><table><tbody><tr><td><strong><u>P\u00e9riodes<\/u><\/strong><\/td><td><strong><u>Basse Saison<\/u><\/strong><\/td><td><strong><u>Pleine Saison<\/u><\/strong><\/td><\/tr><tr><td><strong><u>Chambre Zen<\/u><\/strong><\/td><td>70 \u20ac\/nuit 1 \u00e0 2 pers<\/td><td>80 \u20ac\/nuit 1 \u00e0 2 pers<\/td><\/tr><\/tbody><\/table><\/figure>\n\n\n\n<p>Basse Saison&nbsp; : janvier, f\u00e9vrier, mars, avril, mai, octobre, novembre et d\u00e9cembre<br>Pleine Saison&nbsp;: juin, juillet, ao\u00fbt et septembre<\/p>\n\n\n\n<p>Le tarif \u00e0 la nuit\u00e9e avec un minimum de 2 nuit\u00e9es (petit d\u00e9jeuner inclus)<br>En suppl\u00e9ment&nbsp;: Taxe s\u00e9jour&nbsp;: 0.80 \u20ac\/nuit\/pers<\/p>\n\n\n\n<p><strong><u>Nos services suppl\u00e9mentaires payants :<\/u><\/strong><\/p>\n\n\n\n<p>Table d\u2019h\u00f4te&nbsp;: Tarif en fonction du repas de 15 \u20ac \u00e0 25 \u20ac\/personne<br>Location casque de r\u00e9alit\u00e9 virtuelle&nbsp;: 10 \u20ac la journ\u00e9e par casque<br>S\u00e9ance de luminoth\u00e9rapie et relaxoth\u00e9rapie combin\u00e9es. 10 \u20ac la s\u00e9ance par personne<\/p>\n\n\n\n<p><strong><u>Les Massages&nbsp;: <\/u><\/strong><\/p>\n\n\n\n<p>voir notre page tarifs<\/p>\n\n\n\n<figure class=\"wp-block-image size-large\"><img decoding=\"async\" src=\"https:\/\/detente-aupaysdelauzun.fr\/wp-content\/uploads\/2023\/07\/20230521_181400-1024x768.jpg\" alt=\"\" class=\"wp-image-334\"\/><\/figure>\n\n\n\n<p>*Modelage et Massages li\u00e9s uniquement au bien-\u00eatre et non \u00e0 une pratique m\u00e9dicale ou sexuelle. Les massages sont pratiqu\u00e9s par une femme et un homme dipl\u00f4m\u00e9.<br>Nos massages sont des prestations de d\u00e9tente faite de caresses et d\u2019effleurements et ne sont en aucune mani\u00e8re des actes th\u00e9rapeutiques ou m\u00e9dicaux tels que d\u00e9finis par l\u2019Article R4321-3 du Code de la Sant\u00e9 publique, dispositions r\u00e9glementaires (D\u00e9cret n\u00b0 2004-802 du 29 juillet 2004 \u2013 JO du 8 ao\u00fbt 2004). Pour toute volont\u00e9 th\u00e9rapeutique, il est indispensable de consulter votre m\u00e9decin et\/ou kin\u00e9sith\u00e9rapeute qui lui seul pourra r\u00e9pondre \u00e0 vos besoins.<\/p>\n\n\n<div class=\"wp-block-image\">\n<figure class=\"aligncenter size-full is-resized\"><a href=\"https:\/\/detente-aupaysdelauzun.fr\/index.php\/boutique\/\"><img loading=\"lazy\" decoding=\"async\" width=\"640\" height=\"408\" src=\"https:\/\/detente-aupaysdelauzun.fr\/wp-content\/uploads\/2025\/11\/Boutique-en-ligne-Cartes-cadeaux-Soins-Produits.png\" alt=\"\" class=\"wp-image-1339\" style=\"width:233px;height:auto\" srcset=\"https:\/\/detente-aupaysdelauzun.fr\/wp-content\/uploads\/2025\/11\/Boutique-en-ligne-Cartes-cadeaux-Soins-Produits.png 640w, https:\/\/detente-aupaysdelauzun.fr\/wp-content\/uploads\/2025\/11\/Boutique-en-ligne-Cartes-cadeaux-Soins-Produits-300x191.png 300w\" sizes=\"auto, (max-width: 640px) 100vw, 640px\" \/><\/a><\/figure>\n<\/div>","protected":false},"excerpt":{"rendered":"<p>Notre Chambre&nbsp;: Inclus dans le tarif nuit\u00e9e :Le petit d\u00e9jeuner,Peignoirs,Serviettes,S\u00e8che cheveux,Lit fait \u00e0 votre arriv\u00e9e. Nos services suppl\u00e9mentaires gratuit : l\u2019acc\u00e8s \u00e0 la piscine en saison, l\u2019acc\u00e8s \u00e0 la cuisine <a class=\"more-link\" href=\"https:\/\/detente-aupaysdelauzun.fr\/index.php\/nos-tarifs\/\">Continuer la lecture &rarr;<\/a><\/p>\n","protected":false},"author":2,"featured_media":0,"parent":0,"menu_order":0,"comment_status":"closed","ping_status":"closed","template":"","meta":{"footnotes":""},"class_list":["post-331","page","type-page","status-publish","hentry"],"yoast_head":"<!-- This site is optimized with the Yoast SEO plugin v27.2 - https:\/\/yoast.com\/product\/yoast-seo-wordpress\/ -->\n<title>Tarif chambre - D\u00e9tente Bien-\u00eatre Th\u00e9rapies \u00e0 St Colomb de Lauzun<\/title>\n<meta name=\"robots\" content=\"index, follow, max-snippet:-1, max-image-preview:large, max-video-preview:-1\" \/>\n<link rel=\"canonical\" href=\"https:\/\/detente-aupaysdelauzun.fr\/index.php\/nos-tarifs\/\" \/>\n<meta property=\"og:locale\" content=\"fr_FR\" \/>\n<meta property=\"og:type\" content=\"article\" \/>\n<meta property=\"og:title\" content=\"Tarif chambre - D\u00e9tente Bien-\u00eatre Th\u00e9rapies \u00e0 St Colomb de Lauzun\" \/>\n<meta property=\"og:description\" content=\"Notre Chambre&nbsp;: Inclus dans le tarif nuit\u00e9e :Le petit d\u00e9jeuner,Peignoirs,Serviettes,S\u00e8che cheveux,Lit fait \u00e0 votre arriv\u00e9e. Nos services suppl\u00e9mentaires gratuit : l\u2019acc\u00e8s \u00e0 la piscine en saison, l\u2019acc\u00e8s \u00e0 la cuisine Continuer la lecture &rarr;\" \/>\n<meta property=\"og:url\" content=\"https:\/\/detente-aupaysdelauzun.fr\/index.php\/nos-tarifs\/\" \/>\n<meta property=\"og:site_name\" content=\"D\u00e9tente Bien-\u00eatre Th\u00e9rapies \u00e0 St Colomb de Lauzun\" \/>\n<meta property=\"article:modified_time\" content=\"2025-11-25T11:12:11+00:00\" \/>\n<meta property=\"og:image\" content=\"https:\/\/detente-aupaysdelauzun.fr\/wp-content\/uploads\/2023\/07\/panneau-pub-chambre-scaled.jpg\" \/>\n\t<meta property=\"og:image:width\" content=\"2560\" \/>\n\t<meta property=\"og:image:height\" content=\"1536\" \/>\n\t<meta property=\"og:image:type\" content=\"image\/jpeg\" \/>\n<meta name=\"twitter:card\" content=\"summary_large_image\" \/>\n<meta name=\"twitter:label1\" content=\"Dur\u00e9e de lecture estim\u00e9e\" \/>\n\t<meta name=\"twitter:data1\" content=\"2 minutes\" \/>\n<script type=\"application\/ld+json\" class=\"yoast-schema-graph\">{\"@context\":\"https:\/\/schema.org\",\"@graph\":[{\"@type\":\"WebPage\",\"@id\":\"https:\/\/detente-aupaysdelauzun.fr\/index.php\/nos-tarifs\/\",\"url\":\"https:\/\/detente-aupaysdelauzun.fr\/index.php\/nos-tarifs\/\",\"name\":\"Tarif chambre - D\u00e9tente Bien-\u00eatre Th\u00e9rapies \u00e0 St Colomb de Lauzun\",\"isPartOf\":{\"@id\":\"https:\/\/detente-aupaysdelauzun.fr\/#website\"},\"primaryImageOfPage\":{\"@id\":\"https:\/\/detente-aupaysdelauzun.fr\/index.php\/nos-tarifs\/#primaryimage\"},\"image\":{\"@id\":\"https:\/\/detente-aupaysdelauzun.fr\/index.php\/nos-tarifs\/#primaryimage\"},\"thumbnailUrl\":\"https:\/\/detente-aupaysdelauzun.fr\/wp-content\/uploads\/2023\/07\/panneau-pub-chambre-1024x614.jpg\",\"datePublished\":\"2023-07-29T19:09:07+00:00\",\"dateModified\":\"2025-11-25T11:12:11+00:00\",\"breadcrumb\":{\"@id\":\"https:\/\/detente-aupaysdelauzun.fr\/index.php\/nos-tarifs\/#breadcrumb\"},\"inLanguage\":\"fr-FR\",\"potentialAction\":[{\"@type\":\"ReadAction\",\"target\":[\"https:\/\/detente-aupaysdelauzun.fr\/index.php\/nos-tarifs\/\"]}]},{\"@type\":\"ImageObject\",\"inLanguage\":\"fr-FR\",\"@id\":\"https:\/\/detente-aupaysdelauzun.fr\/index.php\/nos-tarifs\/#primaryimage\",\"url\":\"https:\/\/detente-aupaysdelauzun.fr\/wp-content\/uploads\/2023\/07\/panneau-pub-chambre-scaled.jpg\",\"contentUrl\":\"https:\/\/detente-aupaysdelauzun.fr\/wp-content\/uploads\/2023\/07\/panneau-pub-chambre-scaled.jpg\",\"width\":2560,\"height\":1536},{\"@type\":\"BreadcrumbList\",\"@id\":\"https:\/\/detente-aupaysdelauzun.fr\/index.php\/nos-tarifs\/#breadcrumb\",\"itemListElement\":[{\"@type\":\"ListItem\",\"position\":1,\"name\":\"Accueil\",\"item\":\"https:\/\/detente-aupaysdelauzun.fr\/\"},{\"@type\":\"ListItem\",\"position\":2,\"name\":\"Tarif chambre\"}]},{\"@type\":\"WebSite\",\"@id\":\"https:\/\/detente-aupaysdelauzun.fr\/#website\",\"url\":\"https:\/\/detente-aupaysdelauzun.fr\/\",\"name\":\"D\u00e9tente Bien-\u00eatre Th\u00e9rapies \u00e0 St Colomb de Lauzun\",\"description\":\"Lieu propice \u00e0 la d\u00e9tente et aux d\u00e9couvertes au triangle de la Dordogne de la Gironde et du Lot et Garonne\",\"potentialAction\":[{\"@type\":\"SearchAction\",\"target\":{\"@type\":\"EntryPoint\",\"urlTemplate\":\"https:\/\/detente-aupaysdelauzun.fr\/?s={search_term_string}\"},\"query-input\":{\"@type\":\"PropertyValueSpecification\",\"valueRequired\":true,\"valueName\":\"search_term_string\"}}],\"inLanguage\":\"fr-FR\"}]}<\/script>\n<!-- \/ Yoast SEO plugin. -->","yoast_head_json":{"title":"Tarif chambre - D\u00e9tente Bien-\u00eatre Th\u00e9rapies \u00e0 St Colomb de Lauzun","robots":{"index":"index","follow":"follow","max-snippet":"max-snippet:-1","max-image-preview":"max-image-preview:large","max-video-preview":"max-video-preview:-1"},"canonical":"https:\/\/detente-aupaysdelauzun.fr\/index.php\/nos-tarifs\/","og_locale":"fr_FR","og_type":"article","og_title":"Tarif chambre - D\u00e9tente Bien-\u00eatre Th\u00e9rapies \u00e0 St Colomb de Lauzun","og_description":"Notre Chambre&nbsp;: Inclus dans le tarif nuit\u00e9e :Le petit d\u00e9jeuner,Peignoirs,Serviettes,S\u00e8che cheveux,Lit fait \u00e0 votre arriv\u00e9e. Nos services suppl\u00e9mentaires gratuit : l\u2019acc\u00e8s \u00e0 la piscine en saison, l\u2019acc\u00e8s \u00e0 la cuisine Continuer la lecture &rarr;","og_url":"https:\/\/detente-aupaysdelauzun.fr\/index.php\/nos-tarifs\/","og_site_name":"D\u00e9tente Bien-\u00eatre Th\u00e9rapies \u00e0 St Colomb de Lauzun","article_modified_time":"2025-11-25T11:12:11+00:00","og_image":[{"width":2560,"height":1536,"url":"https:\/\/detente-aupaysdelauzun.fr\/wp-content\/uploads\/2023\/07\/panneau-pub-chambre-scaled.jpg","type":"image\/jpeg"}],"twitter_card":"summary_large_image","twitter_misc":{"Dur\u00e9e de lecture estim\u00e9e":"2 minutes"},"schema":{"@context":"https:\/\/schema.org","@graph":[{"@type":"WebPage","@id":"https:\/\/detente-aupaysdelauzun.fr\/index.php\/nos-tarifs\/","url":"https:\/\/detente-aupaysdelauzun.fr\/index.php\/nos-tarifs\/","name":"Tarif chambre - D\u00e9tente Bien-\u00eatre Th\u00e9rapies \u00e0 St Colomb de Lauzun","isPartOf":{"@id":"https:\/\/detente-aupaysdelauzun.fr\/#website"},"primaryImageOfPage":{"@id":"https:\/\/detente-aupaysdelauzun.fr\/index.php\/nos-tarifs\/#primaryimage"},"image":{"@id":"https:\/\/detente-aupaysdelauzun.fr\/index.php\/nos-tarifs\/#primaryimage"},"thumbnailUrl":"https:\/\/detente-aupaysdelauzun.fr\/wp-content\/uploads\/2023\/07\/panneau-pub-chambre-1024x614.jpg","datePublished":"2023-07-29T19:09:07+00:00","dateModified":"2025-11-25T11:12:11+00:00","breadcrumb":{"@id":"https:\/\/detente-aupaysdelauzun.fr\/index.php\/nos-tarifs\/#breadcrumb"},"inLanguage":"fr-FR","potentialAction":[{"@type":"ReadAction","target":["https:\/\/detente-aupaysdelauzun.fr\/index.php\/nos-tarifs\/"]}]},{"@type":"ImageObject","inLanguage":"fr-FR","@id":"https:\/\/detente-aupaysdelauzun.fr\/index.php\/nos-tarifs\/#primaryimage","url":"https:\/\/detente-aupaysdelauzun.fr\/wp-content\/uploads\/2023\/07\/panneau-pub-chambre-scaled.jpg","contentUrl":"https:\/\/detente-aupaysdelauzun.fr\/wp-content\/uploads\/2023\/07\/panneau-pub-chambre-scaled.jpg","width":2560,"height":1536},{"@type":"BreadcrumbList","@id":"https:\/\/detente-aupaysdelauzun.fr\/index.php\/nos-tarifs\/#breadcrumb","itemListElement":[{"@type":"ListItem","position":1,"name":"Accueil","item":"https:\/\/detente-aupaysdelauzun.fr\/"},{"@type":"ListItem","position":2,"name":"Tarif chambre"}]},{"@type":"WebSite","@id":"https:\/\/detente-aupaysdelauzun.fr\/#website","url":"https:\/\/detente-aupaysdelauzun.fr\/","name":"D\u00e9tente Bien-\u00eatre Th\u00e9rapies \u00e0 St Colomb de Lauzun","description":"Lieu propice \u00e0 la d\u00e9tente et aux d\u00e9couvertes au triangle de la Dordogne de la Gironde et du Lot et Garonne","potentialAction":[{"@type":"SearchAction","target":{"@type":"EntryPoint","urlTemplate":"https:\/\/detente-aupaysdelauzun.fr\/?s={search_term_string}"},"query-input":{"@type":"PropertyValueSpecification","valueRequired":true,"valueName":"search_term_string"}}],"inLanguage":"fr-FR"}]}},"_links":{"self":[{"href":"https:\/\/detente-aupaysdelauzun.fr\/index.php\/wp-json\/wp\/v2\/pages\/331","targetHints":{"allow":["GET"]}}],"collection":[{"href":"https:\/\/detente-aupaysdelauzun.fr\/index.php\/wp-json\/wp\/v2\/pages"}],"about":[{"href":"https:\/\/detente-aupaysdelauzun.fr\/index.php\/wp-json\/wp\/v2\/types\/page"}],"author":[{"embeddable":true,"href":"https:\/\/detente-aupaysdelauzun.fr\/index.php\/wp-json\/wp\/v2\/users\/2"}],"replies":[{"embeddable":true,"href":"https:\/\/detente-aupaysdelauzun.fr\/index.php\/wp-json\/wp\/v2\/comments?post=331"}],"version-history":[{"count":10,"href":"https:\/\/detente-aupaysdelauzun.fr\/index.php\/wp-json\/wp\/v2\/pages\/331\/revisions"}],"predecessor-version":[{"id":1353,"href":"https:\/\/detente-aupaysdelauzun.fr\/index.php\/wp-json\/wp\/v2\/pages\/331\/revisions\/1353"}],"wp:attachment":[{"href":"https:\/\/detente-aupaysdelauzun.fr\/index.php\/wp-json\/wp\/v2\/media?parent=331"}],"curies":[{"name":"wp","href":"https:\/\/api.w.org\/{rel}","templated":true}]}}