{"id":20,"date":"2023-02-12T12:45:35","date_gmt":"2023-02-12T11:45:35","guid":{"rendered":"http:\/\/detente-aupaysdelauzun.fr\/?page_id=20"},"modified":"2024-12-06T20:35:13","modified_gmt":"2024-12-06T19:35:13","slug":"a-proximite","status":"publish","type":"page","link":"https:\/\/detente-aupaysdelauzun.fr\/index.php\/a-proximite\/","title":{"rendered":"A proximit\u00e9"},"content":{"rendered":"\n<h2 class=\"wp-block-heading\">Guide Touristique 2024 <a href=\"https:\/\/detente-aupaysdelauzun.fr\/wp-content\/uploads\/2024\/04\/guide2024-vweb_compressed.pdf\" target=\"_blank\" rel=\"noreferrer noopener\">\u00e0 t\u00e9l\u00e9charger<\/a><br>Carte Touristique 2024 <a href=\"https:\/\/detente-aupaysdelauzun.fr\/wp-content\/uploads\/2024\/04\/deupliant_carte-tourisme-2024_web_compressed.pdf\" target=\"_blank\" rel=\"noreferrer noopener\">\u00e0 t\u00e9l\u00e9charger<\/a><\/h2>\n\n\n\n<p><strong>3 en 1 touristique et pratique<\/strong>, qui recense&nbsp;<strong>le patrimoine, les activit\u00e9s,<\/strong>&nbsp;<strong>les restaurants, les producteurs,<\/strong>&nbsp;etc&#8230; &nbsp;de notre territoire. Vous trouverez ci-dessous quelques exemples :<\/p>\n\n\n\n<h1 class=\"wp-block-heading\">LAC DE LOUGRATTE &#8211; 16 kms<\/h1>\n\n\n\n<figure class=\"wp-block-image size-full\"><img loading=\"lazy\" decoding=\"async\" width=\"620\" height=\"268\" src=\"https:\/\/detente-aupaysdelauzun.fr\/wp-content\/uploads\/2023\/02\/lougratte-2-wrp-620x268-1.jpg\" alt=\"\" class=\"wp-image-72\" srcset=\"https:\/\/detente-aupaysdelauzun.fr\/wp-content\/uploads\/2023\/02\/lougratte-2-wrp-620x268-1.jpg 620w, https:\/\/detente-aupaysdelauzun.fr\/wp-content\/uploads\/2023\/02\/lougratte-2-wrp-620x268-1-300x130.jpg 300w\" sizes=\"auto, (max-width: 620px) 100vw, 620px\" \/><\/figure>\n\n\n\n<p>D\u00e9couvrez \u00e0 Lougratte le lac et sa plage de sable fin, les plaisirs d&rsquo;une baignade surveill\u00e9e en \u00e9t\u00e9 de 14h \u00e0 19h par 2 ma\u00eetres nageurs, une qualit\u00e9 d&rsquo;eau contr\u00f4l\u00e9e r\u00e9guli\u00e8rement, un plongeoir, un toboggan aquatique, des p\u00e9dalos, des cano\u00ebs, de la p\u00eache \u00e0 la ligne, un terrain de beach-volley, un terrain de tennis, panier de basket, une aire de jeux pour les enfants, une buvette-snack, un terrain de p\u00e9tanque, des aires de pique-nique, barbecues, un parking ombrag\u00e9. Baignade conforme aux normes europ\u00e9ennes. Label pavillon bleu.<\/p>\n\n\n\n<h1 class=\"wp-block-heading\">PISCINE MIRAMONT-DE-GUYENNE &#8211; 11 kms<\/h1>\n\n\n\n<figure class=\"wp-block-image size-full\"><img loading=\"lazy\" decoding=\"async\" width=\"500\" height=\"332\" src=\"https:\/\/detente-aupaysdelauzun.fr\/wp-content\/uploads\/2023\/02\/piscine-miramont.jpg\" alt=\"\" class=\"wp-image-77\" srcset=\"https:\/\/detente-aupaysdelauzun.fr\/wp-content\/uploads\/2023\/02\/piscine-miramont.jpg 500w, https:\/\/detente-aupaysdelauzun.fr\/wp-content\/uploads\/2023\/02\/piscine-miramont-300x199.jpg 300w\" sizes=\"auto, (max-width: 500px) 100vw, 500px\" \/><\/figure>\n\n\n\n<p>Une piscine d&rsquo;\u00e9t\u00e9 (d\u00e9couverte) qui comprend : un bassin de 25 X 12 m de 1,40 \u00e0 3,50 de profondeur, un bassin de 12 X 12 m de 0,40 \u00e0 1,50 de profondeur et une pataugeoire de 40 m\u00b2. Le tout dans un espace vert et arbor\u00e9 avec terrain de volley-ball.<\/p>\n\n\n\n<h1 class=\"wp-block-heading\"><strong>CHATEAU DE DURAS<\/strong> &#8211; 27 kms<\/h1>\n\n\n\n<figure class=\"wp-block-image size-full is-resized\"><img loading=\"lazy\" decoding=\"async\" width=\"2560\" height=\"1696\" src=\"https:\/\/detente-aupaysdelauzun.fr\/wp-content\/uploads\/2024\/04\/IMGP0830-scaled.jpg\" alt=\"\" class=\"wp-image-416\" style=\"width:504px;height:378px\" srcset=\"https:\/\/detente-aupaysdelauzun.fr\/wp-content\/uploads\/2024\/04\/IMGP0830-scaled.jpg 2560w, https:\/\/detente-aupaysdelauzun.fr\/wp-content\/uploads\/2024\/04\/IMGP0830-300x199.jpg 300w, https:\/\/detente-aupaysdelauzun.fr\/wp-content\/uploads\/2024\/04\/IMGP0830-1024x678.jpg 1024w, https:\/\/detente-aupaysdelauzun.fr\/wp-content\/uploads\/2024\/04\/IMGP0830-768x509.jpg 768w, https:\/\/detente-aupaysdelauzun.fr\/wp-content\/uploads\/2024\/04\/IMGP0830-1536x1017.jpg 1536w, https:\/\/detente-aupaysdelauzun.fr\/wp-content\/uploads\/2024\/04\/IMGP0830-2048x1356.jpg 2048w\" sizes=\"auto, (max-width: 2560px) 100vw, 2560px\" \/><\/figure>\n\n\n\n<p>Le Ch\u00e2teau de Duras est situ\u00e9 en Lot-et-Garonne, \u00e0 la fronti\u00e8re avec la Gironde et \u00e0 deux pas de la Dordogne. Il est un exemple atypique de l\u2019alliance entre architecture du Moyen-Age et style Renaissance<\/p>\n\n\n\n<h1 class=\"wp-block-heading\">CH\u00c2TEAU DE MONBAZILLAC &#8211; 24 kms<\/h1>\n\n\n\n<figure class=\"wp-block-image size-full is-resized\"><img loading=\"lazy\" decoding=\"async\" width=\"620\" height=\"413\" src=\"https:\/\/detente-aupaysdelauzun.fr\/wp-content\/uploads\/2023\/02\/chateau-de-monbazillac-3-620x413-1.jpg\" alt=\"\" class=\"wp-image-81\" style=\"width:492px;height:328px\" srcset=\"https:\/\/detente-aupaysdelauzun.fr\/wp-content\/uploads\/2023\/02\/chateau-de-monbazillac-3-620x413-1.jpg 620w, https:\/\/detente-aupaysdelauzun.fr\/wp-content\/uploads\/2023\/02\/chateau-de-monbazillac-3-620x413-1-300x200.jpg 300w\" sizes=\"auto, (max-width: 620px) 100vw, 620px\" \/><\/figure>\n\n\n\n<p>Enracin\u00e9 dans le vignoble depuis le XVIe si\u00e8cle, le Ch\u00e2teau de Monbazillac est un incontournable du Bergeracois. Apr\u00e8s d&rsquo;importants travaux de r\u00e9am\u00e9nagement, cet \u00e9difice class\u00e9 \u00e0 fait peau neuve et propose une exp\u00e9rience de visite in\u00e9dite. Le nouveau mus\u00e9e d\u00e9di\u00e9 aux vins de Monbazillac vous plongera au c\u0153ur du plus grand vignoble de liquoreux au monde, des expositions immersives vous emm\u00e8neront sur les traces de la famille Bacalan, propri\u00e9taire du Ch\u00e2teau pendant le R\u00e9volution Fran\u00e7aise. N&rsquo;oubliez pas de descendre dans les caves o\u00f9 des \u00e9nigmes attendent petits et grands. Prenez le temps de profiter du panorama sur la vall\u00e9e de Bergerac avant de vous initier \u00e0 l&rsquo;art de la d\u00e9gustation.<\/p>\n\n\n\n<h1 class=\"wp-block-heading\">BALADE D\u00c9COUVERTE \u00c0 LAUZUN &#8211; Proche LAUZUN<\/h1>\n\n\n\n<figure class=\"wp-block-image size-full\"><img loading=\"lazy\" decoding=\"async\" width=\"600\" height=\"369\" src=\"https:\/\/detente-aupaysdelauzun.fr\/wp-content\/uploads\/2023\/02\/otpl-balade-decouverte-lauzun.jpg\" alt=\"\" class=\"wp-image-86\" srcset=\"https:\/\/detente-aupaysdelauzun.fr\/wp-content\/uploads\/2023\/02\/otpl-balade-decouverte-lauzun.jpg 600w, https:\/\/detente-aupaysdelauzun.fr\/wp-content\/uploads\/2023\/02\/otpl-balade-decouverte-lauzun-300x185.jpg 300w\" sizes=\"auto, (max-width: 600px) 100vw, 600px\" \/><\/figure>\n\n\n\n<p>Balade d\u00e9couverte autours du village de Lauzun. Parcours balis\u00e9 de 1.4km pour une dur\u00e9e moyenne de 45min.<\/p>\n\n\n\n<h1 class=\"wp-block-heading\">BALADE D\u00c9COUVERTE \u00c0 MONTIGNAC-DE-LAUZUN &#8211; 6 kms<\/h1>\n\n\n\n<figure class=\"wp-block-image size-full\"><img loading=\"lazy\" decoding=\"async\" width=\"600\" height=\"370\" src=\"https:\/\/detente-aupaysdelauzun.fr\/wp-content\/uploads\/2023\/02\/otpl-balade-decouverte-montignac-de-lauzun.jpg\" alt=\"\" class=\"wp-image-88\" srcset=\"https:\/\/detente-aupaysdelauzun.fr\/wp-content\/uploads\/2023\/02\/otpl-balade-decouverte-montignac-de-lauzun.jpg 600w, https:\/\/detente-aupaysdelauzun.fr\/wp-content\/uploads\/2023\/02\/otpl-balade-decouverte-montignac-de-lauzun-300x185.jpg 300w\" sizes=\"auto, (max-width: 600px) 100vw, 600px\" \/><\/figure>\n\n\n\n<p>Balade d\u00e9couverte autours du village de Montignac de lauzun. Parcours balis\u00e9 de 6.6km pour une dur\u00e9e moyenne de 2h30mn.<\/p>\n\n\n\n<h1 class=\"wp-block-heading\">PARCOURS DE P\u00caCHE FAMILLE, LAC DE LAUZUN &#8211; Proche LAUZUN<\/h1>\n\n\n\n<figure class=\"wp-block-image size-full is-resized\"><img loading=\"lazy\" decoding=\"async\" width=\"620\" height=\"412\" src=\"https:\/\/detente-aupaysdelauzun.fr\/wp-content\/uploads\/2023\/02\/lauzun-lac-2-620x412-1.jpg\" alt=\"\" class=\"wp-image-92\" style=\"width:604px;height:401px\" srcset=\"https:\/\/detente-aupaysdelauzun.fr\/wp-content\/uploads\/2023\/02\/lauzun-lac-2-620x412-1.jpg 620w, https:\/\/detente-aupaysdelauzun.fr\/wp-content\/uploads\/2023\/02\/lauzun-lac-2-620x412-1-300x199.jpg 300w\" sizes=\"auto, (max-width: 620px) 100vw, 620px\" \/><\/figure>\n\n\n\n<p>Situ\u00e9 dans la Vall\u00e9e du Dropt, ce parcours de 1ha est situ\u00e9 aux abords du village de Lauzun. Sa proximit\u00e9 avec le Ch\u00e2teau et le bourg en fait un lieu attractif.<br>Point d\u2019attrait touristique de la ville avec ses nombreux am\u00e9nagements (buvette, \u00e9quipements sportifs, aires de pique-nique, parkings voitures et camping-cars, jeux pour les enfants, ponton de p\u00eache accessible aux personnes \u00e0 mobilit\u00e9 r\u00e9duite (PMR), abri p\u00eacheurs), il est tr\u00e8s appr\u00e9ci\u00e9 par les familles voulant venir pique-niquer aux abords du lac, les groupes d\u2019amis venant se d\u00e9tendre ou bien les p\u00eacheurs d\u00e9butants comme aguerris qui souhaitent passer un bon moment. Un cheminement serpente autour du lac, permettant un acc\u00e8s facile aux nombreux postes de p\u00eache. Ce parcours de p\u00eache, nich\u00e9 dans un environnement accueillant et verdoyant est donc id\u00e9al pour les touristes mais \u00e9galement les locaux, que vous soyez p\u00eacheur ou non !<\/p>\n","protected":false},"excerpt":{"rendered":"<p>Guide Touristique 2024 \u00e0 t\u00e9l\u00e9chargerCarte Touristique 2024 \u00e0 t\u00e9l\u00e9charger 3 en 1 touristique et pratique, qui recense&nbsp;le patrimoine, les activit\u00e9s,&nbsp;les restaurants, les producteurs,&nbsp;etc&#8230; &nbsp;de notre territoire. Vous trouverez ci-dessous quelques <a class=\"more-link\" href=\"https:\/\/detente-aupaysdelauzun.fr\/index.php\/a-proximite\/\">Continuer la lecture &rarr;<\/a><\/p>\n","protected":false},"author":1,"featured_media":0,"parent":0,"menu_order":0,"comment_status":"closed","ping_status":"closed","template":"","meta":{"footnotes":""},"class_list":["post-20","page","type-page","status-publish","hentry"],"yoast_head":"<!-- This site is optimized with the Yoast SEO plugin v27.4 - https:\/\/yoast.com\/product\/yoast-seo-wordpress\/ -->\n<title>A proximit\u00e9 - D\u00e9tente Bien-\u00eatre Th\u00e9rapies \u00e0 St Colomb de Lauzun<\/title>\n<meta name=\"robots\" content=\"index, follow, max-snippet:-1, max-image-preview:large, max-video-preview:-1\" \/>\n<link rel=\"canonical\" href=\"https:\/\/detente-aupaysdelauzun.fr\/index.php\/a-proximite\/\" \/>\n<meta property=\"og:locale\" content=\"fr_FR\" \/>\n<meta property=\"og:type\" content=\"article\" \/>\n<meta property=\"og:title\" content=\"A proximit\u00e9 - D\u00e9tente Bien-\u00eatre Th\u00e9rapies \u00e0 St Colomb de Lauzun\" \/>\n<meta property=\"og:description\" content=\"Guide Touristique 2024 \u00e0 t\u00e9l\u00e9chargerCarte Touristique 2024 \u00e0 t\u00e9l\u00e9charger 3 en 1 touristique et pratique, qui recense&nbsp;le patrimoine, les activit\u00e9s,&nbsp;les restaurants, les producteurs,&nbsp;etc&#8230; &nbsp;de notre territoire. Vous trouverez ci-dessous quelques Continuer la lecture &rarr;\" \/>\n<meta property=\"og:url\" content=\"https:\/\/detente-aupaysdelauzun.fr\/index.php\/a-proximite\/\" \/>\n<meta property=\"og:site_name\" content=\"D\u00e9tente Bien-\u00eatre Th\u00e9rapies \u00e0 St Colomb de Lauzun\" \/>\n<meta property=\"article:modified_time\" content=\"2024-12-06T19:35:13+00:00\" \/>\n<meta property=\"og:image\" content=\"http:\/\/detente-aupaysdelauzun.fr\/wp-content\/uploads\/2023\/02\/lougratte-2-wrp-620x268-1.jpg\" \/>\n<meta name=\"twitter:card\" content=\"summary_large_image\" \/>\n<meta name=\"twitter:label1\" content=\"Dur\u00e9e de lecture estim\u00e9e\" \/>\n\t<meta name=\"twitter:data1\" content=\"5 minutes\" \/>\n<script type=\"application\/ld+json\" class=\"yoast-schema-graph\">{\"@context\":\"https:\\\/\\\/schema.org\",\"@graph\":[{\"@type\":\"WebPage\",\"@id\":\"https:\\\/\\\/detente-aupaysdelauzun.fr\\\/index.php\\\/a-proximite\\\/\",\"url\":\"https:\\\/\\\/detente-aupaysdelauzun.fr\\\/index.php\\\/a-proximite\\\/\",\"name\":\"A proximit\u00e9 - D\u00e9tente Bien-\u00eatre Th\u00e9rapies \u00e0 St Colomb de Lauzun\",\"isPartOf\":{\"@id\":\"https:\\\/\\\/detente-aupaysdelauzun.fr\\\/#website\"},\"primaryImageOfPage\":{\"@id\":\"https:\\\/\\\/detente-aupaysdelauzun.fr\\\/index.php\\\/a-proximite\\\/#primaryimage\"},\"image\":{\"@id\":\"https:\\\/\\\/detente-aupaysdelauzun.fr\\\/index.php\\\/a-proximite\\\/#primaryimage\"},\"thumbnailUrl\":\"http:\\\/\\\/detente-aupaysdelauzun.fr\\\/wp-content\\\/uploads\\\/2023\\\/02\\\/lougratte-2-wrp-620x268-1.jpg\",\"datePublished\":\"2023-02-12T11:45:35+00:00\",\"dateModified\":\"2024-12-06T19:35:13+00:00\",\"breadcrumb\":{\"@id\":\"https:\\\/\\\/detente-aupaysdelauzun.fr\\\/index.php\\\/a-proximite\\\/#breadcrumb\"},\"inLanguage\":\"fr-FR\",\"potentialAction\":[{\"@type\":\"ReadAction\",\"target\":[\"https:\\\/\\\/detente-aupaysdelauzun.fr\\\/index.php\\\/a-proximite\\\/\"]}]},{\"@type\":\"ImageObject\",\"inLanguage\":\"fr-FR\",\"@id\":\"https:\\\/\\\/detente-aupaysdelauzun.fr\\\/index.php\\\/a-proximite\\\/#primaryimage\",\"url\":\"http:\\\/\\\/detente-aupaysdelauzun.fr\\\/wp-content\\\/uploads\\\/2023\\\/02\\\/lougratte-2-wrp-620x268-1.jpg\",\"contentUrl\":\"http:\\\/\\\/detente-aupaysdelauzun.fr\\\/wp-content\\\/uploads\\\/2023\\\/02\\\/lougratte-2-wrp-620x268-1.jpg\"},{\"@type\":\"BreadcrumbList\",\"@id\":\"https:\\\/\\\/detente-aupaysdelauzun.fr\\\/index.php\\\/a-proximite\\\/#breadcrumb\",\"itemListElement\":[{\"@type\":\"ListItem\",\"position\":1,\"name\":\"Accueil\",\"item\":\"https:\\\/\\\/detente-aupaysdelauzun.fr\\\/\"},{\"@type\":\"ListItem\",\"position\":2,\"name\":\"A proximit\u00e9\"}]},{\"@type\":\"WebSite\",\"@id\":\"https:\\\/\\\/detente-aupaysdelauzun.fr\\\/#website\",\"url\":\"https:\\\/\\\/detente-aupaysdelauzun.fr\\\/\",\"name\":\"D\u00e9tente Bien-\u00eatre Th\u00e9rapies \u00e0 St Colomb de Lauzun\",\"description\":\"Lieu propice \u00e0 la d\u00e9tente et aux d\u00e9couvertes au triangle de la Dordogne de la Gironde et du Lot et Garonne\",\"potentialAction\":[{\"@type\":\"SearchAction\",\"target\":{\"@type\":\"EntryPoint\",\"urlTemplate\":\"https:\\\/\\\/detente-aupaysdelauzun.fr\\\/?s={search_term_string}\"},\"query-input\":{\"@type\":\"PropertyValueSpecification\",\"valueRequired\":true,\"valueName\":\"search_term_string\"}}],\"inLanguage\":\"fr-FR\"}]}<\/script>\n<!-- \/ Yoast SEO plugin. -->","yoast_head_json":{"title":"A proximit\u00e9 - D\u00e9tente Bien-\u00eatre Th\u00e9rapies \u00e0 St Colomb de Lauzun","robots":{"index":"index","follow":"follow","max-snippet":"max-snippet:-1","max-image-preview":"max-image-preview:large","max-video-preview":"max-video-preview:-1"},"canonical":"https:\/\/detente-aupaysdelauzun.fr\/index.php\/a-proximite\/","og_locale":"fr_FR","og_type":"article","og_title":"A proximit\u00e9 - D\u00e9tente Bien-\u00eatre Th\u00e9rapies \u00e0 St Colomb de Lauzun","og_description":"Guide Touristique 2024 \u00e0 t\u00e9l\u00e9chargerCarte Touristique 2024 \u00e0 t\u00e9l\u00e9charger 3 en 1 touristique et pratique, qui recense&nbsp;le patrimoine, les activit\u00e9s,&nbsp;les restaurants, les producteurs,&nbsp;etc&#8230; &nbsp;de notre territoire. Vous trouverez ci-dessous quelques Continuer la lecture &rarr;","og_url":"https:\/\/detente-aupaysdelauzun.fr\/index.php\/a-proximite\/","og_site_name":"D\u00e9tente Bien-\u00eatre Th\u00e9rapies \u00e0 St Colomb de Lauzun","article_modified_time":"2024-12-06T19:35:13+00:00","og_image":[{"url":"http:\/\/detente-aupaysdelauzun.fr\/wp-content\/uploads\/2023\/02\/lougratte-2-wrp-620x268-1.jpg","type":"","width":"","height":""}],"twitter_card":"summary_large_image","twitter_misc":{"Dur\u00e9e de lecture estim\u00e9e":"5 minutes"},"schema":{"@context":"https:\/\/schema.org","@graph":[{"@type":"WebPage","@id":"https:\/\/detente-aupaysdelauzun.fr\/index.php\/a-proximite\/","url":"https:\/\/detente-aupaysdelauzun.fr\/index.php\/a-proximite\/","name":"A proximit\u00e9 - D\u00e9tente Bien-\u00eatre Th\u00e9rapies \u00e0 St Colomb de Lauzun","isPartOf":{"@id":"https:\/\/detente-aupaysdelauzun.fr\/#website"},"primaryImageOfPage":{"@id":"https:\/\/detente-aupaysdelauzun.fr\/index.php\/a-proximite\/#primaryimage"},"image":{"@id":"https:\/\/detente-aupaysdelauzun.fr\/index.php\/a-proximite\/#primaryimage"},"thumbnailUrl":"http:\/\/detente-aupaysdelauzun.fr\/wp-content\/uploads\/2023\/02\/lougratte-2-wrp-620x268-1.jpg","datePublished":"2023-02-12T11:45:35+00:00","dateModified":"2024-12-06T19:35:13+00:00","breadcrumb":{"@id":"https:\/\/detente-aupaysdelauzun.fr\/index.php\/a-proximite\/#breadcrumb"},"inLanguage":"fr-FR","potentialAction":[{"@type":"ReadAction","target":["https:\/\/detente-aupaysdelauzun.fr\/index.php\/a-proximite\/"]}]},{"@type":"ImageObject","inLanguage":"fr-FR","@id":"https:\/\/detente-aupaysdelauzun.fr\/index.php\/a-proximite\/#primaryimage","url":"http:\/\/detente-aupaysdelauzun.fr\/wp-content\/uploads\/2023\/02\/lougratte-2-wrp-620x268-1.jpg","contentUrl":"http:\/\/detente-aupaysdelauzun.fr\/wp-content\/uploads\/2023\/02\/lougratte-2-wrp-620x268-1.jpg"},{"@type":"BreadcrumbList","@id":"https:\/\/detente-aupaysdelauzun.fr\/index.php\/a-proximite\/#breadcrumb","itemListElement":[{"@type":"ListItem","position":1,"name":"Accueil","item":"https:\/\/detente-aupaysdelauzun.fr\/"},{"@type":"ListItem","position":2,"name":"A proximit\u00e9"}]},{"@type":"WebSite","@id":"https:\/\/detente-aupaysdelauzun.fr\/#website","url":"https:\/\/detente-aupaysdelauzun.fr\/","name":"D\u00e9tente Bien-\u00eatre Th\u00e9rapies \u00e0 St Colomb de Lauzun","description":"Lieu propice \u00e0 la d\u00e9tente et aux d\u00e9couvertes au triangle de la Dordogne de la Gironde et du Lot et Garonne","potentialAction":[{"@type":"SearchAction","target":{"@type":"EntryPoint","urlTemplate":"https:\/\/detente-aupaysdelauzun.fr\/?s={search_term_string}"},"query-input":{"@type":"PropertyValueSpecification","valueRequired":true,"valueName":"search_term_string"}}],"inLanguage":"fr-FR"}]}},"_links":{"self":[{"href":"https:\/\/detente-aupaysdelauzun.fr\/index.php\/wp-json\/wp\/v2\/pages\/20","targetHints":{"allow":["GET"]}}],"collection":[{"href":"https:\/\/detente-aupaysdelauzun.fr\/index.php\/wp-json\/wp\/v2\/pages"}],"about":[{"href":"https:\/\/detente-aupaysdelauzun.fr\/index.php\/wp-json\/wp\/v2\/types\/page"}],"author":[{"embeddable":true,"href":"https:\/\/detente-aupaysdelauzun.fr\/index.php\/wp-json\/wp\/v2\/users\/1"}],"replies":[{"embeddable":true,"href":"https:\/\/detente-aupaysdelauzun.fr\/index.php\/wp-json\/wp\/v2\/comments?post=20"}],"version-history":[{"count":17,"href":"https:\/\/detente-aupaysdelauzun.fr\/index.php\/wp-json\/wp\/v2\/pages\/20\/revisions"}],"predecessor-version":[{"id":436,"href":"https:\/\/detente-aupaysdelauzun.fr\/index.php\/wp-json\/wp\/v2\/pages\/20\/revisions\/436"}],"wp:attachment":[{"href":"https:\/\/detente-aupaysdelauzun.fr\/index.php\/wp-json\/wp\/v2\/media?parent=20"}],"curies":[{"name":"wp","href":"https:\/\/api.w.org\/{rel}","templated":true}]}}