{"id":118,"date":"2023-03-05T21:30:01","date_gmt":"2023-03-05T20:30:01","guid":{"rendered":"http:\/\/detente-aupaysdelauzun.fr\/?page_id=118"},"modified":"2024-12-18T21:29:31","modified_gmt":"2024-12-18T20:29:31","slug":"en-interieur","status":"publish","type":"page","link":"https:\/\/detente-aupaysdelauzun.fr\/index.php\/en-interieur\/","title":{"rendered":"En int\u00e9rieur"},"content":{"rendered":"\n<p>Si la m\u00e9t\u00e9o est d\u00e9favorable ou pour un autre moment de d\u00e9tente profitez de notre salle commune avec diverses activit\u00e9s<\/p>\n\n\n\n<figure class=\"wp-block-image size-large\"><img loading=\"lazy\" decoding=\"async\" width=\"1024\" height=\"768\" src=\"https:\/\/detente-aupaysdelauzun.fr\/wp-content\/uploads\/2023\/07\/20230708_201534-1024x768.jpg\" alt=\"\" class=\"wp-image-304\" srcset=\"https:\/\/detente-aupaysdelauzun.fr\/wp-content\/uploads\/2023\/07\/20230708_201534-1024x768.jpg 1024w, https:\/\/detente-aupaysdelauzun.fr\/wp-content\/uploads\/2023\/07\/20230708_201534-300x225.jpg 300w, https:\/\/detente-aupaysdelauzun.fr\/wp-content\/uploads\/2023\/07\/20230708_201534-768x576.jpg 768w, https:\/\/detente-aupaysdelauzun.fr\/wp-content\/uploads\/2023\/07\/20230708_201534-1536x1152.jpg 1536w, https:\/\/detente-aupaysdelauzun.fr\/wp-content\/uploads\/2023\/07\/20230708_201534-2048x1536.jpg 2048w\" sizes=\"auto, (max-width: 1024px) 100vw, 1024px\" \/><\/figure>\n\n\n\n<p>Un billard, <br>Un grand \u00e9cran TV avec console de jeu<br>Un jeu de fl\u00e9chettes <br>Casques de r\u00e9alit\u00e9 Virtuel en suppl\u00e9ment<br>Des jeux de soci\u00e9t\u00e9 <br>S\u00e9ance de Psio en suppl\u00e9ment. Psio est le premier appareil de luminoth\u00e9rapie et relaxoth\u00e9rapie combin\u00e9es. Le produit repose sur une technologie qui allie des lunettes de luminoth\u00e9rapie et un lecteur mp3 avec une synchronisation son-lumi\u00e8re \u00ab relaxante \u00bb.<br>et \u00e9galement <a href=\"https:\/\/detente-aupaysdelauzun.fr\/index.php\/nos-massages\/\">nos massages<\/a><a data-type=\"page\" data-id=\"101\" href=\"https:\/\/detente-aupaysdelauzun.fr\/index.php\/massages\/\"> <\/a>en suppl\u00e9ment<\/p>\n\n\n\n<div class=\"wp-block-columns is-layout-flex wp-container-core-columns-is-layout-9d6595d7 wp-block-columns-is-layout-flex\">\n<div class=\"wp-block-column is-layout-flow wp-block-column-is-layout-flow\">\n<figure class=\"wp-block-image size-large\"><img loading=\"lazy\" decoding=\"async\" width=\"1024\" height=\"768\" src=\"https:\/\/detente-aupaysdelauzun.fr\/wp-content\/uploads\/2023\/07\/20230708_200735-1024x768.jpg\" alt=\"\" class=\"wp-image-305\" srcset=\"https:\/\/detente-aupaysdelauzun.fr\/wp-content\/uploads\/2023\/07\/20230708_200735-1024x768.jpg 1024w, https:\/\/detente-aupaysdelauzun.fr\/wp-content\/uploads\/2023\/07\/20230708_200735-300x225.jpg 300w, https:\/\/detente-aupaysdelauzun.fr\/wp-content\/uploads\/2023\/07\/20230708_200735-768x576.jpg 768w, https:\/\/detente-aupaysdelauzun.fr\/wp-content\/uploads\/2023\/07\/20230708_200735-1536x1152.jpg 1536w, https:\/\/detente-aupaysdelauzun.fr\/wp-content\/uploads\/2023\/07\/20230708_200735-2048x1536.jpg 2048w\" sizes=\"auto, (max-width: 1024px) 100vw, 1024px\" \/><\/figure>\n<\/div>\n\n\n\n<div class=\"wp-block-column is-layout-flow wp-block-column-is-layout-flow\">\n<figure class=\"wp-block-image size-large\"><img loading=\"lazy\" decoding=\"async\" width=\"1024\" height=\"768\" src=\"https:\/\/detente-aupaysdelauzun.fr\/wp-content\/uploads\/2023\/07\/20230708_200705-1024x768.jpg\" alt=\"\" class=\"wp-image-306\" srcset=\"https:\/\/detente-aupaysdelauzun.fr\/wp-content\/uploads\/2023\/07\/20230708_200705-1024x768.jpg 1024w, https:\/\/detente-aupaysdelauzun.fr\/wp-content\/uploads\/2023\/07\/20230708_200705-300x225.jpg 300w, https:\/\/detente-aupaysdelauzun.fr\/wp-content\/uploads\/2023\/07\/20230708_200705-768x576.jpg 768w, https:\/\/detente-aupaysdelauzun.fr\/wp-content\/uploads\/2023\/07\/20230708_200705-1536x1152.jpg 1536w, https:\/\/detente-aupaysdelauzun.fr\/wp-content\/uploads\/2023\/07\/20230708_200705-2048x1536.jpg 2048w\" sizes=\"auto, (max-width: 1024px) 100vw, 1024px\" \/><\/figure>\n<\/div>\n<\/div>\n\n\n\n<div class=\"wp-block-columns is-layout-flex wp-container-core-columns-is-layout-9d6595d7 wp-block-columns-is-layout-flex\">\n<div class=\"wp-block-column is-layout-flow wp-block-column-is-layout-flow\">\n<figure class=\"wp-block-image size-large\"><img loading=\"lazy\" decoding=\"async\" width=\"768\" height=\"1024\" src=\"https:\/\/detente-aupaysdelauzun.fr\/wp-content\/uploads\/2023\/07\/20230708_201646-768x1024.jpg\" alt=\"\" class=\"wp-image-307\" srcset=\"https:\/\/detente-aupaysdelauzun.fr\/wp-content\/uploads\/2023\/07\/20230708_201646-768x1024.jpg 768w, https:\/\/detente-aupaysdelauzun.fr\/wp-content\/uploads\/2023\/07\/20230708_201646-scaled-300x400.jpg 300w, https:\/\/detente-aupaysdelauzun.fr\/wp-content\/uploads\/2023\/07\/20230708_201646-225x300.jpg 225w, https:\/\/detente-aupaysdelauzun.fr\/wp-content\/uploads\/2023\/07\/20230708_201646-1152x1536.jpg 1152w, https:\/\/detente-aupaysdelauzun.fr\/wp-content\/uploads\/2023\/07\/20230708_201646-1536x2048.jpg 1536w, https:\/\/detente-aupaysdelauzun.fr\/wp-content\/uploads\/2023\/07\/20230708_201646-scaled.jpg 1920w\" sizes=\"auto, (max-width: 768px) 100vw, 768px\" \/><\/figure>\n<\/div>\n\n\n\n<div class=\"wp-block-column is-layout-flow wp-block-column-is-layout-flow\">\n<figure class=\"wp-block-image size-large\"><img loading=\"lazy\" decoding=\"async\" width=\"768\" height=\"1024\" src=\"https:\/\/detente-aupaysdelauzun.fr\/wp-content\/uploads\/2023\/07\/20230708_200218-768x1024.jpg\" alt=\"\" class=\"wp-image-308\" srcset=\"https:\/\/detente-aupaysdelauzun.fr\/wp-content\/uploads\/2023\/07\/20230708_200218-768x1024.jpg 768w, https:\/\/detente-aupaysdelauzun.fr\/wp-content\/uploads\/2023\/07\/20230708_200218-scaled-300x400.jpg 300w, https:\/\/detente-aupaysdelauzun.fr\/wp-content\/uploads\/2023\/07\/20230708_200218-225x300.jpg 225w, https:\/\/detente-aupaysdelauzun.fr\/wp-content\/uploads\/2023\/07\/20230708_200218-1152x1536.jpg 1152w, https:\/\/detente-aupaysdelauzun.fr\/wp-content\/uploads\/2023\/07\/20230708_200218-1536x2048.jpg 1536w, https:\/\/detente-aupaysdelauzun.fr\/wp-content\/uploads\/2023\/07\/20230708_200218-scaled.jpg 1920w\" sizes=\"auto, (max-width: 768px) 100vw, 768px\" \/><\/figure>\n<\/div>\n<\/div>\n","protected":false},"excerpt":{"rendered":"<p>Si la m\u00e9t\u00e9o est d\u00e9favorable ou pour un autre moment de d\u00e9tente profitez de notre salle commune avec diverses activit\u00e9s Un billard, Un grand \u00e9cran TV avec console de jeuUn <a class=\"more-link\" href=\"https:\/\/detente-aupaysdelauzun.fr\/index.php\/en-interieur\/\">Continuer la lecture &rarr;<\/a><\/p>\n","protected":false},"author":2,"featured_media":0,"parent":0,"menu_order":0,"comment_status":"closed","ping_status":"closed","template":"","meta":{"footnotes":""},"class_list":["post-118","page","type-page","status-publish","hentry"],"yoast_head":"<!-- This site is optimized with the Yoast SEO plugin v27.4 - https:\/\/yoast.com\/product\/yoast-seo-wordpress\/ -->\n<title>En int\u00e9rieur - D\u00e9tente Bien-\u00eatre Th\u00e9rapies \u00e0 St Colomb de Lauzun<\/title>\n<meta name=\"robots\" content=\"index, follow, max-snippet:-1, max-image-preview:large, max-video-preview:-1\" \/>\n<link rel=\"canonical\" href=\"https:\/\/detente-aupaysdelauzun.fr\/index.php\/en-interieur\/\" \/>\n<meta property=\"og:locale\" content=\"fr_FR\" \/>\n<meta property=\"og:type\" content=\"article\" \/>\n<meta property=\"og:title\" content=\"En int\u00e9rieur - D\u00e9tente Bien-\u00eatre Th\u00e9rapies \u00e0 St Colomb de Lauzun\" \/>\n<meta property=\"og:description\" content=\"Si la m\u00e9t\u00e9o est d\u00e9favorable ou pour un autre moment de d\u00e9tente profitez de notre salle commune avec diverses activit\u00e9s Un billard, Un grand \u00e9cran TV avec console de jeuUn Continuer la lecture &rarr;\" \/>\n<meta property=\"og:url\" content=\"https:\/\/detente-aupaysdelauzun.fr\/index.php\/en-interieur\/\" \/>\n<meta property=\"og:site_name\" content=\"D\u00e9tente Bien-\u00eatre Th\u00e9rapies \u00e0 St Colomb de Lauzun\" \/>\n<meta property=\"article:modified_time\" content=\"2024-12-18T20:29:31+00:00\" \/>\n<meta property=\"og:image\" content=\"https:\/\/detente-aupaysdelauzun.fr\/wp-content\/uploads\/2023\/07\/20230708_201534-scaled.jpg\" \/>\n\t<meta property=\"og:image:width\" content=\"2560\" \/>\n\t<meta property=\"og:image:height\" content=\"1920\" \/>\n\t<meta property=\"og:image:type\" content=\"image\/jpeg\" \/>\n<meta name=\"twitter:card\" content=\"summary_large_image\" \/>\n<meta name=\"twitter:label1\" content=\"Dur\u00e9e de lecture estim\u00e9e\" \/>\n\t<meta name=\"twitter:data1\" content=\"2 minutes\" \/>\n<script type=\"application\/ld+json\" class=\"yoast-schema-graph\">{\"@context\":\"https:\\\/\\\/schema.org\",\"@graph\":[{\"@type\":\"WebPage\",\"@id\":\"https:\\\/\\\/detente-aupaysdelauzun.fr\\\/index.php\\\/en-interieur\\\/\",\"url\":\"https:\\\/\\\/detente-aupaysdelauzun.fr\\\/index.php\\\/en-interieur\\\/\",\"name\":\"En int\u00e9rieur - D\u00e9tente Bien-\u00eatre Th\u00e9rapies \u00e0 St Colomb de Lauzun\",\"isPartOf\":{\"@id\":\"https:\\\/\\\/detente-aupaysdelauzun.fr\\\/#website\"},\"primaryImageOfPage\":{\"@id\":\"https:\\\/\\\/detente-aupaysdelauzun.fr\\\/index.php\\\/en-interieur\\\/#primaryimage\"},\"image\":{\"@id\":\"https:\\\/\\\/detente-aupaysdelauzun.fr\\\/index.php\\\/en-interieur\\\/#primaryimage\"},\"thumbnailUrl\":\"https:\\\/\\\/detente-aupaysdelauzun.fr\\\/wp-content\\\/uploads\\\/2023\\\/07\\\/20230708_201534-1024x768.jpg\",\"datePublished\":\"2023-03-05T20:30:01+00:00\",\"dateModified\":\"2024-12-18T20:29:31+00:00\",\"breadcrumb\":{\"@id\":\"https:\\\/\\\/detente-aupaysdelauzun.fr\\\/index.php\\\/en-interieur\\\/#breadcrumb\"},\"inLanguage\":\"fr-FR\",\"potentialAction\":[{\"@type\":\"ReadAction\",\"target\":[\"https:\\\/\\\/detente-aupaysdelauzun.fr\\\/index.php\\\/en-interieur\\\/\"]}]},{\"@type\":\"ImageObject\",\"inLanguage\":\"fr-FR\",\"@id\":\"https:\\\/\\\/detente-aupaysdelauzun.fr\\\/index.php\\\/en-interieur\\\/#primaryimage\",\"url\":\"https:\\\/\\\/detente-aupaysdelauzun.fr\\\/wp-content\\\/uploads\\\/2023\\\/07\\\/20230708_201534-scaled.jpg\",\"contentUrl\":\"https:\\\/\\\/detente-aupaysdelauzun.fr\\\/wp-content\\\/uploads\\\/2023\\\/07\\\/20230708_201534-scaled.jpg\",\"width\":2560,\"height\":1920},{\"@type\":\"BreadcrumbList\",\"@id\":\"https:\\\/\\\/detente-aupaysdelauzun.fr\\\/index.php\\\/en-interieur\\\/#breadcrumb\",\"itemListElement\":[{\"@type\":\"ListItem\",\"position\":1,\"name\":\"Accueil\",\"item\":\"https:\\\/\\\/detente-aupaysdelauzun.fr\\\/\"},{\"@type\":\"ListItem\",\"position\":2,\"name\":\"En int\u00e9rieur\"}]},{\"@type\":\"WebSite\",\"@id\":\"https:\\\/\\\/detente-aupaysdelauzun.fr\\\/#website\",\"url\":\"https:\\\/\\\/detente-aupaysdelauzun.fr\\\/\",\"name\":\"D\u00e9tente Bien-\u00eatre Th\u00e9rapies \u00e0 St Colomb de Lauzun\",\"description\":\"Lieu propice \u00e0 la d\u00e9tente et aux d\u00e9couvertes au triangle de la Dordogne de la Gironde et du Lot et Garonne\",\"potentialAction\":[{\"@type\":\"SearchAction\",\"target\":{\"@type\":\"EntryPoint\",\"urlTemplate\":\"https:\\\/\\\/detente-aupaysdelauzun.fr\\\/?s={search_term_string}\"},\"query-input\":{\"@type\":\"PropertyValueSpecification\",\"valueRequired\":true,\"valueName\":\"search_term_string\"}}],\"inLanguage\":\"fr-FR\"}]}<\/script>\n<!-- \/ Yoast SEO plugin. -->","yoast_head_json":{"title":"En int\u00e9rieur - D\u00e9tente Bien-\u00eatre Th\u00e9rapies \u00e0 St Colomb de Lauzun","robots":{"index":"index","follow":"follow","max-snippet":"max-snippet:-1","max-image-preview":"max-image-preview:large","max-video-preview":"max-video-preview:-1"},"canonical":"https:\/\/detente-aupaysdelauzun.fr\/index.php\/en-interieur\/","og_locale":"fr_FR","og_type":"article","og_title":"En int\u00e9rieur - D\u00e9tente Bien-\u00eatre Th\u00e9rapies \u00e0 St Colomb de Lauzun","og_description":"Si la m\u00e9t\u00e9o est d\u00e9favorable ou pour un autre moment de d\u00e9tente profitez de notre salle commune avec diverses activit\u00e9s Un billard, Un grand \u00e9cran TV avec console de jeuUn Continuer la lecture &rarr;","og_url":"https:\/\/detente-aupaysdelauzun.fr\/index.php\/en-interieur\/","og_site_name":"D\u00e9tente Bien-\u00eatre Th\u00e9rapies \u00e0 St Colomb de Lauzun","article_modified_time":"2024-12-18T20:29:31+00:00","og_image":[{"width":2560,"height":1920,"url":"https:\/\/detente-aupaysdelauzun.fr\/wp-content\/uploads\/2023\/07\/20230708_201534-scaled.jpg","type":"image\/jpeg"}],"twitter_card":"summary_large_image","twitter_misc":{"Dur\u00e9e de lecture estim\u00e9e":"2 minutes"},"schema":{"@context":"https:\/\/schema.org","@graph":[{"@type":"WebPage","@id":"https:\/\/detente-aupaysdelauzun.fr\/index.php\/en-interieur\/","url":"https:\/\/detente-aupaysdelauzun.fr\/index.php\/en-interieur\/","name":"En int\u00e9rieur - D\u00e9tente Bien-\u00eatre Th\u00e9rapies \u00e0 St Colomb de Lauzun","isPartOf":{"@id":"https:\/\/detente-aupaysdelauzun.fr\/#website"},"primaryImageOfPage":{"@id":"https:\/\/detente-aupaysdelauzun.fr\/index.php\/en-interieur\/#primaryimage"},"image":{"@id":"https:\/\/detente-aupaysdelauzun.fr\/index.php\/en-interieur\/#primaryimage"},"thumbnailUrl":"https:\/\/detente-aupaysdelauzun.fr\/wp-content\/uploads\/2023\/07\/20230708_201534-1024x768.jpg","datePublished":"2023-03-05T20:30:01+00:00","dateModified":"2024-12-18T20:29:31+00:00","breadcrumb":{"@id":"https:\/\/detente-aupaysdelauzun.fr\/index.php\/en-interieur\/#breadcrumb"},"inLanguage":"fr-FR","potentialAction":[{"@type":"ReadAction","target":["https:\/\/detente-aupaysdelauzun.fr\/index.php\/en-interieur\/"]}]},{"@type":"ImageObject","inLanguage":"fr-FR","@id":"https:\/\/detente-aupaysdelauzun.fr\/index.php\/en-interieur\/#primaryimage","url":"https:\/\/detente-aupaysdelauzun.fr\/wp-content\/uploads\/2023\/07\/20230708_201534-scaled.jpg","contentUrl":"https:\/\/detente-aupaysdelauzun.fr\/wp-content\/uploads\/2023\/07\/20230708_201534-scaled.jpg","width":2560,"height":1920},{"@type":"BreadcrumbList","@id":"https:\/\/detente-aupaysdelauzun.fr\/index.php\/en-interieur\/#breadcrumb","itemListElement":[{"@type":"ListItem","position":1,"name":"Accueil","item":"https:\/\/detente-aupaysdelauzun.fr\/"},{"@type":"ListItem","position":2,"name":"En int\u00e9rieur"}]},{"@type":"WebSite","@id":"https:\/\/detente-aupaysdelauzun.fr\/#website","url":"https:\/\/detente-aupaysdelauzun.fr\/","name":"D\u00e9tente Bien-\u00eatre Th\u00e9rapies \u00e0 St Colomb de Lauzun","description":"Lieu propice \u00e0 la d\u00e9tente et aux d\u00e9couvertes au triangle de la Dordogne de la Gironde et du Lot et Garonne","potentialAction":[{"@type":"SearchAction","target":{"@type":"EntryPoint","urlTemplate":"https:\/\/detente-aupaysdelauzun.fr\/?s={search_term_string}"},"query-input":{"@type":"PropertyValueSpecification","valueRequired":true,"valueName":"search_term_string"}}],"inLanguage":"fr-FR"}]}},"_links":{"self":[{"href":"https:\/\/detente-aupaysdelauzun.fr\/index.php\/wp-json\/wp\/v2\/pages\/118","targetHints":{"allow":["GET"]}}],"collection":[{"href":"https:\/\/detente-aupaysdelauzun.fr\/index.php\/wp-json\/wp\/v2\/pages"}],"about":[{"href":"https:\/\/detente-aupaysdelauzun.fr\/index.php\/wp-json\/wp\/v2\/types\/page"}],"author":[{"embeddable":true,"href":"https:\/\/detente-aupaysdelauzun.fr\/index.php\/wp-json\/wp\/v2\/users\/2"}],"replies":[{"embeddable":true,"href":"https:\/\/detente-aupaysdelauzun.fr\/index.php\/wp-json\/wp\/v2\/comments?post=118"}],"version-history":[{"count":11,"href":"https:\/\/detente-aupaysdelauzun.fr\/index.php\/wp-json\/wp\/v2\/pages\/118\/revisions"}],"predecessor-version":[{"id":577,"href":"https:\/\/detente-aupaysdelauzun.fr\/index.php\/wp-json\/wp\/v2\/pages\/118\/revisions\/577"}],"wp:attachment":[{"href":"https:\/\/detente-aupaysdelauzun.fr\/index.php\/wp-json\/wp\/v2\/media?parent=118"}],"curies":[{"name":"wp","href":"https:\/\/api.w.org\/{rel}","templated":true}]}}