{"id":101,"date":"2023-02-20T21:25:05","date_gmt":"2023-02-20T20:25:05","guid":{"rendered":"http:\/\/detente-aupaysdelauzun.fr\/?page_id=101"},"modified":"2023-08-13T21:35:48","modified_gmt":"2023-08-13T19:35:48","slug":"massages","status":"publish","type":"page","link":"https:\/\/detente-aupaysdelauzun.fr\/index.php\/massages\/","title":{"rendered":"Nos Massages"},"content":{"rendered":"\n<figure class=\"wp-block-image size-large\"><img loading=\"lazy\" decoding=\"async\" width=\"1024\" height=\"768\" src=\"https:\/\/detente-aupaysdelauzun.fr\/wp-content\/uploads\/2023\/05\/20230521_181400-1024x768.jpg\" alt=\"\" class=\"wp-image-247\" srcset=\"https:\/\/detente-aupaysdelauzun.fr\/wp-content\/uploads\/2023\/05\/20230521_181400-1024x768.jpg 1024w, https:\/\/detente-aupaysdelauzun.fr\/wp-content\/uploads\/2023\/05\/20230521_181400-300x225.jpg 300w, https:\/\/detente-aupaysdelauzun.fr\/wp-content\/uploads\/2023\/05\/20230521_181400-768x576.jpg 768w, https:\/\/detente-aupaysdelauzun.fr\/wp-content\/uploads\/2023\/05\/20230521_181400-1536x1152.jpg 1536w, https:\/\/detente-aupaysdelauzun.fr\/wp-content\/uploads\/2023\/05\/20230521_181400-2048x1536.jpg 2048w\" sizes=\"auto, (max-width: 1024px) 100vw, 1024px\" \/><\/figure>\n\n\n\n<p>Faites vous masser par vos h\u00f4tes femme et homme dipl\u00f4m\u00e9s (formation dispens\u00e9e par un Kin\u00e9sith\u00e9rapeute dipl\u00f4m\u00e9 d\u2019\u00e9tat). En fonction de la m\u00e9t\u00e9o et de votre envie, le massage peut \u00eatre dispens\u00e9 en ext\u00e9rieur \u00e0 c\u00f4t\u00e9 de la piscine ou dans notre salle de massage en int\u00e9rieur. Nous vous proposons comme diff\u00e9rents massages :<\/p>\n\n\n\n<div class=\"wp-block-columns is-layout-flex wp-container-core-columns-is-layout-9d6595d7 wp-block-columns-is-layout-flex\">\n<div class=\"wp-block-column is-layout-flow wp-block-column-is-layout-flow\" style=\"flex-basis:33.33%\">\n<figure class=\"wp-block-image size-full\"><img loading=\"lazy\" decoding=\"async\" width=\"1024\" height=\"768\" src=\"https:\/\/detente-aupaysdelauzun.fr\/wp-content\/uploads\/2023\/05\/physiotherapy-567021-1024x768-1.jpg\" alt=\"\" class=\"wp-image-180\" srcset=\"https:\/\/detente-aupaysdelauzun.fr\/wp-content\/uploads\/2023\/05\/physiotherapy-567021-1024x768-1.jpg 1024w, https:\/\/detente-aupaysdelauzun.fr\/wp-content\/uploads\/2023\/05\/physiotherapy-567021-1024x768-1-300x225.jpg 300w, https:\/\/detente-aupaysdelauzun.fr\/wp-content\/uploads\/2023\/05\/physiotherapy-567021-1024x768-1-768x576.jpg 768w\" sizes=\"auto, (max-width: 1024px) 100vw, 1024px\" \/><\/figure>\n<\/div>\n\n\n\n<div class=\"wp-block-column is-layout-flow wp-block-column-is-layout-flow\" style=\"flex-basis:66.66%\">\n<p><strong>Massage Californien<\/strong><br>Ce modelage est conseill\u00e9 pour les personnes stress\u00e9es, d\u00e9prim\u00e9es, fatigu\u00e9es, il peut d\u00e9clencher beaucoup d\u2019\u00e9motions\u2026 De plus, il permet de se retrouver soi-m\u00eame ou encore de retrouver une certaine harmonie avec son corps apr\u00e8s de gros changements (notamment prise ou perte de poids, apr\u00e8s grossesse&#8230;). Il d\u00e9nouera vos tensions musculaires et vous apportera un sentiment de d\u00e9tente absolue.<br>En outre, il est le modelage relaxant par excellence.<\/p>\n<\/div>\n<\/div>\n\n\n\n<div class=\"wp-block-columns is-layout-flex wp-container-core-columns-is-layout-9d6595d7 wp-block-columns-is-layout-flex\">\n<div class=\"wp-block-column is-layout-flow wp-block-column-is-layout-flow\" style=\"flex-basis:33.33%\">\n<figure class=\"wp-block-image size-full\"><img loading=\"lazy\" decoding=\"async\" width=\"300\" height=\"200\" src=\"https:\/\/detente-aupaysdelauzun.fr\/wp-content\/uploads\/2023\/05\/massage-2717431-300x200-1.jpg\" alt=\"\" class=\"wp-image-182\"\/><\/figure>\n<\/div>\n\n\n\n<div class=\"wp-block-column is-layout-flow wp-block-column-is-layout-flow\" style=\"flex-basis:66.66%\">\n<p><strong>Massage Pierres Chaudes<\/strong><br>D&rsquo;origine am\u00e9rindien et hawa\u00efen, le modelage aux pierres chaudes (ou la \u00ab stone therapy \u00bb) est un modelage demandant une technique sp\u00e9cifique. En effet, nous utilisons des pierres de Basalte d\u2019origine volcanique qui sont compos\u00e9es de lave pure. Tr\u00e8s lisses, elles contiennent un taux \u00e9lev\u00e9 en Fer et emmagasinent la chaleur. Ces pierres, une fois chauff\u00e9es dans de l&rsquo;eau allant de 50 \u00e0 65 degr\u00e9s, procurent une sensation de bien-\u00eatre et de chaleur absolue. Ensuite, les pierres chaudes sont dispos\u00e9es sur les points sensibles voire douloureux du corps tels que le ventre, le dos, les mains, les pieds et le front. La chaleur irradie le corps et permet une relaxation compl\u00e8te.<\/p>\n<\/div>\n<\/div>\n\n\n\n<div class=\"wp-block-columns is-layout-flex wp-container-core-columns-is-layout-9d6595d7 wp-block-columns-is-layout-flex\">\n<div class=\"wp-block-column is-layout-flow wp-block-column-is-layout-flow\" style=\"flex-basis:33.33%\">\n<figure class=\"wp-block-image size-large\"><img loading=\"lazy\" decoding=\"async\" width=\"1024\" height=\"683\" src=\"https:\/\/detente-aupaysdelauzun.fr\/wp-content\/uploads\/2023\/05\/wellness-589774-1024x683.jpg\" alt=\"\" class=\"wp-image-185\" srcset=\"https:\/\/detente-aupaysdelauzun.fr\/wp-content\/uploads\/2023\/05\/wellness-589774-1024x683.jpg 1024w, https:\/\/detente-aupaysdelauzun.fr\/wp-content\/uploads\/2023\/05\/wellness-589774-300x200.jpg 300w, https:\/\/detente-aupaysdelauzun.fr\/wp-content\/uploads\/2023\/05\/wellness-589774-768x512.jpg 768w, https:\/\/detente-aupaysdelauzun.fr\/wp-content\/uploads\/2023\/05\/wellness-589774-1536x1024.jpg 1536w, https:\/\/detente-aupaysdelauzun.fr\/wp-content\/uploads\/2023\/05\/wellness-589774-2048x1365.jpg 2048w\" sizes=\"auto, (max-width: 1024px) 100vw, 1024px\" \/><\/figure>\n<\/div>\n\n\n\n<div class=\"wp-block-column is-layout-flow wp-block-column-is-layout-flow\" style=\"flex-basis:66.66%\">\n<p><strong>Massage Bougie<\/strong><br>Le modelage \u00e0 la bougie est fait pour d\u00e9tendre vos muscles et supprimer les tensions de votre quotidien. Cependant, au-del\u00e0 de ses vertus relaxantes, la cire de bougie nourrira votre peau en profondeur et la rendra plus douce, gr\u00e2ce aux bougies soigneusement choisies pour vous.<\/p>\n\n\n\n<p>Une fois le modelage commenc\u00e9, vous serez plong\u00e9s au milieu des senteurs enivrantes, tout en ayant le contact de la cire chaude sur la peau. Ainsi, cette exp\u00e9rience s\u00e9duira tous les adeptes du&nbsp; bien-\u00eatre et des modelages.&nbsp;<\/p>\n<\/div>\n<\/div>\n\n\n\n<div class=\"wp-block-columns is-layout-flex wp-container-core-columns-is-layout-9d6595d7 wp-block-columns-is-layout-flex\">\n<div class=\"wp-block-column is-layout-flow wp-block-column-is-layout-flow\" style=\"flex-basis:33.33%\">\n<figure class=\"wp-block-image size-full\"><img loading=\"lazy\" decoding=\"async\" width=\"1024\" height=\"682\" src=\"https:\/\/detente-aupaysdelauzun.fr\/wp-content\/uploads\/2023\/05\/massage-g1092f1932_1280-1024x682-1.jpg\" alt=\"\" class=\"wp-image-190\" srcset=\"https:\/\/detente-aupaysdelauzun.fr\/wp-content\/uploads\/2023\/05\/massage-g1092f1932_1280-1024x682-1.jpg 1024w, https:\/\/detente-aupaysdelauzun.fr\/wp-content\/uploads\/2023\/05\/massage-g1092f1932_1280-1024x682-1-300x200.jpg 300w, https:\/\/detente-aupaysdelauzun.fr\/wp-content\/uploads\/2023\/05\/massage-g1092f1932_1280-1024x682-1-768x512.jpg 768w\" sizes=\"auto, (max-width: 1024px) 100vw, 1024px\" \/><\/figure>\n\n\n\n<figure class=\"wp-block-image size-full\"><img loading=\"lazy\" decoding=\"async\" width=\"816\" height=\"540\" src=\"https:\/\/detente-aupaysdelauzun.fr\/wp-content\/uploads\/2023\/05\/317994440_198195136068051_8508057918570231700_n.jpg\" alt=\"\" class=\"wp-image-191\" srcset=\"https:\/\/detente-aupaysdelauzun.fr\/wp-content\/uploads\/2023\/05\/317994440_198195136068051_8508057918570231700_n.jpg 816w, https:\/\/detente-aupaysdelauzun.fr\/wp-content\/uploads\/2023\/05\/317994440_198195136068051_8508057918570231700_n-300x199.jpg 300w, https:\/\/detente-aupaysdelauzun.fr\/wp-content\/uploads\/2023\/05\/317994440_198195136068051_8508057918570231700_n-768x508.jpg 768w\" sizes=\"auto, (max-width: 816px) 100vw, 816px\" \/><\/figure>\n\n\n\n<figure class=\"wp-block-image size-full\"><img loading=\"lazy\" decoding=\"async\" width=\"768\" height=\"512\" src=\"https:\/\/detente-aupaysdelauzun.fr\/wp-content\/uploads\/2023\/05\/buddha-4642497_1280-768x512-1.jpg\" alt=\"\" class=\"wp-image-192\" srcset=\"https:\/\/detente-aupaysdelauzun.fr\/wp-content\/uploads\/2023\/05\/buddha-4642497_1280-768x512-1.jpg 768w, https:\/\/detente-aupaysdelauzun.fr\/wp-content\/uploads\/2023\/05\/buddha-4642497_1280-768x512-1-300x200.jpg 300w\" sizes=\"auto, (max-width: 768px) 100vw, 768px\" \/><\/figure>\n\n\n\n<figure class=\"wp-block-image size-full\"><img loading=\"lazy\" decoding=\"async\" width=\"768\" height=\"554\" src=\"https:\/\/detente-aupaysdelauzun.fr\/wp-content\/uploads\/2023\/05\/spiritualism-4552237_1280-768x554-1.jpg\" alt=\"\" class=\"wp-image-193\" srcset=\"https:\/\/detente-aupaysdelauzun.fr\/wp-content\/uploads\/2023\/05\/spiritualism-4552237_1280-768x554-1.jpg 768w, https:\/\/detente-aupaysdelauzun.fr\/wp-content\/uploads\/2023\/05\/spiritualism-4552237_1280-768x554-1-300x216.jpg 300w\" sizes=\"auto, (max-width: 768px) 100vw, 768px\" \/><\/figure>\n<\/div>\n\n\n\n<div class=\"wp-block-column is-layout-flow wp-block-column-is-layout-flow\" style=\"flex-basis:66.66%\">\n<p><strong>Le massage Tantra<\/strong><br>Le massage Tantra est un massage en harmonie avec le corps et le toucher \u00e9nerg\u00e9tique. Nous avons cr\u00e9\u00e9 notre massage Tantra gr\u00e2ce \u00e0 nos diff\u00e9rentes formations, lectures et ressentis. Tr\u00e8s diff\u00e9rent du massage traditionnel, il est effectu\u00e9 sur un corps nu (si la nudit\u00e9 pose un probl\u00e8me nous pouvons en discuter).<\/p>\n\n\n\n<p>Le massage Tantra prend en compte l\u2019int\u00e9gralit\u00e9 du corps, y compris les organes g\u00e9nitaux car chaque partie du corps fait partie du corps dans son ensemble comme les jambes ou le dos. Par ailleurs il n\u2019y a pas de focalisation sur les parties intimes elles sont mass\u00e9es comme les autres parties du corps. Malgr\u00e9 sa connotation sensuelle, le modelage tantrique n\u2019est pas une prestation \u00e9rotique. Il est, n\u00e9anmoins, un modelage permettant de se sentir en harmonie avec son corps, ce qui peut se r\u00e9v\u00e9ler b\u00e9n\u00e9fique pour sa vie sexuelle. C\u2019est dans un cadre respectueux, bienveillant et sacr\u00e9 que vous acc\u00e9derez \u00e0 un espace o\u00f9 les mots, les performances et les objectifs n\u2019existent plus. Et o\u00f9 il ne reste qu\u2019\u00e0 l\u00e2cher prise, se relaxer et laisser l\u2019\u00e9nergie affluer.<br>Le modelage tantrique a \u00e9galement un aspect th\u00e9rapeutique, car il permet de mettre le doigt sur des blocages notamment chez les hommes, pour qui les probl\u00e8mes d\u2019\u00e9rections et d\u2019\u00e9jaculations pr\u00e9coces sont des complexes. De plus, le travail sur les chakras vous fera \u00e9merger des \u00e9motions, des sentiments, des comportements. Le d\u00e9ploiement de la circulation de l\u2019\u00e9nergie dans le corps peut se traduire par des picotements, une sensation d\u2019\u00e9lectricit\u00e9, de chaleur.<\/p>\n<\/div>\n<\/div>\n\n\n\n<div class=\"wp-block-columns is-layout-flex wp-container-core-columns-is-layout-9d6595d7 wp-block-columns-is-layout-flex\">\n<div class=\"wp-block-column is-layout-flow wp-block-column-is-layout-flow\" style=\"flex-basis:33.33%\">\n<figure class=\"wp-block-image size-full\"><img loading=\"lazy\" decoding=\"async\" width=\"300\" height=\"200\" src=\"https:\/\/detente-aupaysdelauzun.fr\/wp-content\/uploads\/2023\/05\/relaxation-3065578-300x200-1.jpg\" alt=\"\" class=\"wp-image-194\"\/><\/figure>\n<\/div>\n\n\n\n<div class=\"wp-block-column is-layout-flow wp-block-column-is-layout-flow\" style=\"flex-basis:66.66%\">\n<p><strong>Le modelage \u00e0 4 mains<\/strong><br>Le modelage \u00e0 4 mains vous apporte le m\u00eame r\u00e9sultat qu\u2019un modelage traditionnel. Ici, l\u2019avantage sera de profiter d\u2019une relaxation encore plus profonde ainsi qu&rsquo;un l\u00e2cher prise exceptionnel. En effet, vous serez plong\u00e9s dans un \u00e9tat de s\u00e9r\u00e9nit\u00e9 absolue et votre corps sera compl\u00e8tement d\u00e9tendu.<\/p>\n<\/div>\n<\/div>\n\n\n\n<div class=\"wp-block-columns is-layout-flex wp-container-core-columns-is-layout-9d6595d7 wp-block-columns-is-layout-flex\">\n<div class=\"wp-block-column is-layout-flow wp-block-column-is-layout-flow\" style=\"flex-basis:33.33%\">\n<figure class=\"wp-block-image size-full\"><img loading=\"lazy\" decoding=\"async\" width=\"228\" height=\"221\" src=\"https:\/\/detente-aupaysdelauzun.fr\/wp-content\/uploads\/2023\/05\/hypno-Massage.jpg\" alt=\"\" class=\"wp-image-198\"\/><\/figure>\n<\/div>\n\n\n\n<div class=\"wp-block-column is-layout-flow wp-block-column-is-layout-flow\" style=\"flex-basis:66.66%\">\n<p><strong>L&rsquo;hypnomassage<\/strong><br>L&rsquo;hypnomassage est une technique puissante qui combine l\u2019\u00e9tat de bien-\u00eatre physique \u00e0 un \u00e9tat de bien \u00eatre psychologique gr\u00e2ce \u00e0 l&rsquo;hypnose Ericksonienne. Vous \u00eates mass\u00e9s pendant environ 45 minutes tout en \u00e9tant en profonde relaxation berc\u00e9e par la voix d&rsquo;un hypno-th\u00e9rapeute<\/p>\n<\/div>\n<\/div>\n\n\n\n<p><\/p>\n\n\n\n<p><strong>Les Massages\u00a0: tarifs r\u00e9serv\u00e9s aux locataires :<\/strong><br>Californien solo 45 mns 50,00 \u20ac<br>Californien duo 45 mns 80,00 \u20ac<br>Bougie solo 45 mns 55,00 \u20ac<br>Bougie duo 45 mns 90,00 \u20ac<br>Pierres Chaudes solo 60 mns 60,00 \u20ac<br>Pierres Chaudes duo 60 mns 100,00\u20ac<br>Tantra solo 60 mns 60,00 \u20ac en duo 60 mns 100,00 \u20ac<br>Tantra solo avec massage de la Yoni\/Lingam 90 mns 100,00 \u20ac en duo 90 mns 120,00 \u20ac<br>Massage \u00e0 4 mains solo 60 mns 100,00 \u20ac<br>Hypno-massage solo 60 mns 70,00 \u20ac<br><\/p>\n\n\n\n<p>*Modelage et Massages li\u00e9s uniquement au bien-\u00eatre et non \u00e0 une pratique m\u00e9dicale ou sexuelle. Les massages sont pratiqu\u00e9s par une femme et un homme dipl\u00f4m\u00e9<\/p>\n\n\n\n<p>Nos massages sont des prestations de d\u00e9tente faits de caresses et d\u2019effleurements et ne sont en aucune mani\u00e8re des actes th\u00e9rapeutiques ou m\u00e9dicaux tels que d\u00e9finis par l\u2019Article R4321-3 du Code de la Sant\u00e9 Publique, dispositions r\u00e9glementaires (D\u00e9cret n\u00b0 2004-802 du 29 juillet 2004 \u2013 JO du 8 ao\u00fbt 2004). Pour toute volont\u00e9 th\u00e9rapeutique, il est indispensable de consulter votre m\u00e9decin et\/ou kin\u00e9sith\u00e9rapeute qui lui seul pourra r\u00e9pondre \u00e0 vos besoins<\/p>\n\n\n\n<p>Nos autres activites <a href=\"https:\/\/detente-aupaysdelauzun.fr\/index.php\/en-interieur\/\">en int\u00e9rieur<\/a>, <a href=\"http:\/\/en ext\u00e9rieur\">en ext\u00e9rieur<\/a> et <a href=\"https:\/\/detente-aupaysdelauzun.fr\/index.php\/a-proximite\/\">\u00e0 proximit\u00e9.<\/a> <\/p>\n","protected":false},"excerpt":{"rendered":"<p>Faites vous masser par vos h\u00f4tes femme et homme dipl\u00f4m\u00e9s (formation dispens\u00e9e par un Kin\u00e9sith\u00e9rapeute dipl\u00f4m\u00e9 d\u2019\u00e9tat). En fonction de la m\u00e9t\u00e9o et de votre envie, le massage peut \u00eatre <a class=\"more-link\" href=\"https:\/\/detente-aupaysdelauzun.fr\/index.php\/massages\/\">Continuer la lecture &rarr;<\/a><\/p>\n","protected":false},"author":2,"featured_media":0,"parent":0,"menu_order":0,"comment_status":"closed","ping_status":"closed","template":"","meta":{"footnotes":""},"class_list":["post-101","page","type-page","status-publish","hentry"],"yoast_head":"<!-- This site is optimized with the Yoast SEO plugin v27.4 - https:\/\/yoast.com\/product\/yoast-seo-wordpress\/ -->\n<title>Nos Massages - D\u00e9tente Bien-\u00eatre Th\u00e9rapies \u00e0 St Colomb de Lauzun<\/title>\n<meta name=\"description\" content=\"Profitez de vos vacances pour vous relaxer avec nos diff\u00e9tents massages. Nous pouvons \u00e9galement nous deplacer sur le lieu de vos vacances.\" \/>\n<meta name=\"robots\" content=\"index, follow, max-snippet:-1, max-image-preview:large, max-video-preview:-1\" \/>\n<link rel=\"canonical\" href=\"https:\/\/detente-aupaysdelauzun.fr\/index.php\/massages\/\" \/>\n<meta property=\"og:locale\" content=\"fr_FR\" \/>\n<meta property=\"og:type\" content=\"article\" \/>\n<meta property=\"og:title\" content=\"Nos Massages - D\u00e9tente Bien-\u00eatre Th\u00e9rapies \u00e0 St Colomb de Lauzun\" \/>\n<meta property=\"og:description\" content=\"Profitez de vos vacances pour vous relaxer avec nos diff\u00e9tents massages. Nous pouvons \u00e9galement nous deplacer sur le lieu de vos vacances.\" \/>\n<meta property=\"og:url\" content=\"https:\/\/detente-aupaysdelauzun.fr\/index.php\/massages\/\" \/>\n<meta property=\"og:site_name\" content=\"D\u00e9tente Bien-\u00eatre Th\u00e9rapies \u00e0 St Colomb de Lauzun\" \/>\n<meta property=\"article:modified_time\" content=\"2023-08-13T19:35:48+00:00\" \/>\n<meta property=\"og:image\" content=\"https:\/\/detente-aupaysdelauzun.fr\/wp-content\/uploads\/2023\/05\/20230521_181400-1024x768.jpg\" \/>\n<meta name=\"twitter:card\" content=\"summary_large_image\" \/>\n<meta name=\"twitter:label1\" content=\"Dur\u00e9e de lecture estim\u00e9e\" \/>\n\t<meta name=\"twitter:data1\" content=\"7 minutes\" \/>\n<script type=\"application\/ld+json\" class=\"yoast-schema-graph\">{\"@context\":\"https:\\\/\\\/schema.org\",\"@graph\":[{\"@type\":\"WebPage\",\"@id\":\"https:\\\/\\\/detente-aupaysdelauzun.fr\\\/index.php\\\/massages\\\/\",\"url\":\"https:\\\/\\\/detente-aupaysdelauzun.fr\\\/index.php\\\/massages\\\/\",\"name\":\"Nos Massages - D\u00e9tente Bien-\u00eatre Th\u00e9rapies \u00e0 St Colomb de Lauzun\",\"isPartOf\":{\"@id\":\"https:\\\/\\\/detente-aupaysdelauzun.fr\\\/#website\"},\"primaryImageOfPage\":{\"@id\":\"https:\\\/\\\/detente-aupaysdelauzun.fr\\\/index.php\\\/massages\\\/#primaryimage\"},\"image\":{\"@id\":\"https:\\\/\\\/detente-aupaysdelauzun.fr\\\/index.php\\\/massages\\\/#primaryimage\"},\"thumbnailUrl\":\"https:\\\/\\\/detente-aupaysdelauzun.fr\\\/wp-content\\\/uploads\\\/2023\\\/05\\\/20230521_181400-1024x768.jpg\",\"datePublished\":\"2023-02-20T20:25:05+00:00\",\"dateModified\":\"2023-08-13T19:35:48+00:00\",\"description\":\"Profitez de vos vacances pour vous relaxer avec nos diff\u00e9tents massages. Nous pouvons \u00e9galement nous deplacer sur le lieu de vos vacances.\",\"breadcrumb\":{\"@id\":\"https:\\\/\\\/detente-aupaysdelauzun.fr\\\/index.php\\\/massages\\\/#breadcrumb\"},\"inLanguage\":\"fr-FR\",\"potentialAction\":[{\"@type\":\"ReadAction\",\"target\":[\"https:\\\/\\\/detente-aupaysdelauzun.fr\\\/index.php\\\/massages\\\/\"]}]},{\"@type\":\"ImageObject\",\"inLanguage\":\"fr-FR\",\"@id\":\"https:\\\/\\\/detente-aupaysdelauzun.fr\\\/index.php\\\/massages\\\/#primaryimage\",\"url\":\"https:\\\/\\\/detente-aupaysdelauzun.fr\\\/wp-content\\\/uploads\\\/2023\\\/05\\\/20230521_181400-scaled.jpg\",\"contentUrl\":\"https:\\\/\\\/detente-aupaysdelauzun.fr\\\/wp-content\\\/uploads\\\/2023\\\/05\\\/20230521_181400-scaled.jpg\",\"width\":2560,\"height\":1920},{\"@type\":\"BreadcrumbList\",\"@id\":\"https:\\\/\\\/detente-aupaysdelauzun.fr\\\/index.php\\\/massages\\\/#breadcrumb\",\"itemListElement\":[{\"@type\":\"ListItem\",\"position\":1,\"name\":\"Accueil\",\"item\":\"https:\\\/\\\/detente-aupaysdelauzun.fr\\\/\"},{\"@type\":\"ListItem\",\"position\":2,\"name\":\"Nos Massages\"}]},{\"@type\":\"WebSite\",\"@id\":\"https:\\\/\\\/detente-aupaysdelauzun.fr\\\/#website\",\"url\":\"https:\\\/\\\/detente-aupaysdelauzun.fr\\\/\",\"name\":\"D\u00e9tente Bien-\u00eatre Th\u00e9rapies \u00e0 St Colomb de Lauzun\",\"description\":\"Lieu propice \u00e0 la d\u00e9tente et aux d\u00e9couvertes au triangle de la Dordogne de la Gironde et du Lot et Garonne\",\"potentialAction\":[{\"@type\":\"SearchAction\",\"target\":{\"@type\":\"EntryPoint\",\"urlTemplate\":\"https:\\\/\\\/detente-aupaysdelauzun.fr\\\/?s={search_term_string}\"},\"query-input\":{\"@type\":\"PropertyValueSpecification\",\"valueRequired\":true,\"valueName\":\"search_term_string\"}}],\"inLanguage\":\"fr-FR\"}]}<\/script>\n<!-- \/ Yoast SEO plugin. -->","yoast_head_json":{"title":"Nos Massages - D\u00e9tente Bien-\u00eatre Th\u00e9rapies \u00e0 St Colomb de Lauzun","description":"Profitez de vos vacances pour vous relaxer avec nos diff\u00e9tents massages. Nous pouvons \u00e9galement nous deplacer sur le lieu de vos vacances.","robots":{"index":"index","follow":"follow","max-snippet":"max-snippet:-1","max-image-preview":"max-image-preview:large","max-video-preview":"max-video-preview:-1"},"canonical":"https:\/\/detente-aupaysdelauzun.fr\/index.php\/massages\/","og_locale":"fr_FR","og_type":"article","og_title":"Nos Massages - D\u00e9tente Bien-\u00eatre Th\u00e9rapies \u00e0 St Colomb de Lauzun","og_description":"Profitez de vos vacances pour vous relaxer avec nos diff\u00e9tents massages. Nous pouvons \u00e9galement nous deplacer sur le lieu de vos vacances.","og_url":"https:\/\/detente-aupaysdelauzun.fr\/index.php\/massages\/","og_site_name":"D\u00e9tente Bien-\u00eatre Th\u00e9rapies \u00e0 St Colomb de Lauzun","article_modified_time":"2023-08-13T19:35:48+00:00","og_image":[{"url":"https:\/\/detente-aupaysdelauzun.fr\/wp-content\/uploads\/2023\/05\/20230521_181400-1024x768.jpg","type":"","width":"","height":""}],"twitter_card":"summary_large_image","twitter_misc":{"Dur\u00e9e de lecture estim\u00e9e":"7 minutes"},"schema":{"@context":"https:\/\/schema.org","@graph":[{"@type":"WebPage","@id":"https:\/\/detente-aupaysdelauzun.fr\/index.php\/massages\/","url":"https:\/\/detente-aupaysdelauzun.fr\/index.php\/massages\/","name":"Nos Massages - D\u00e9tente Bien-\u00eatre Th\u00e9rapies \u00e0 St Colomb de Lauzun","isPartOf":{"@id":"https:\/\/detente-aupaysdelauzun.fr\/#website"},"primaryImageOfPage":{"@id":"https:\/\/detente-aupaysdelauzun.fr\/index.php\/massages\/#primaryimage"},"image":{"@id":"https:\/\/detente-aupaysdelauzun.fr\/index.php\/massages\/#primaryimage"},"thumbnailUrl":"https:\/\/detente-aupaysdelauzun.fr\/wp-content\/uploads\/2023\/05\/20230521_181400-1024x768.jpg","datePublished":"2023-02-20T20:25:05+00:00","dateModified":"2023-08-13T19:35:48+00:00","description":"Profitez de vos vacances pour vous relaxer avec nos diff\u00e9tents massages. Nous pouvons \u00e9galement nous deplacer sur le lieu de vos vacances.","breadcrumb":{"@id":"https:\/\/detente-aupaysdelauzun.fr\/index.php\/massages\/#breadcrumb"},"inLanguage":"fr-FR","potentialAction":[{"@type":"ReadAction","target":["https:\/\/detente-aupaysdelauzun.fr\/index.php\/massages\/"]}]},{"@type":"ImageObject","inLanguage":"fr-FR","@id":"https:\/\/detente-aupaysdelauzun.fr\/index.php\/massages\/#primaryimage","url":"https:\/\/detente-aupaysdelauzun.fr\/wp-content\/uploads\/2023\/05\/20230521_181400-scaled.jpg","contentUrl":"https:\/\/detente-aupaysdelauzun.fr\/wp-content\/uploads\/2023\/05\/20230521_181400-scaled.jpg","width":2560,"height":1920},{"@type":"BreadcrumbList","@id":"https:\/\/detente-aupaysdelauzun.fr\/index.php\/massages\/#breadcrumb","itemListElement":[{"@type":"ListItem","position":1,"name":"Accueil","item":"https:\/\/detente-aupaysdelauzun.fr\/"},{"@type":"ListItem","position":2,"name":"Nos Massages"}]},{"@type":"WebSite","@id":"https:\/\/detente-aupaysdelauzun.fr\/#website","url":"https:\/\/detente-aupaysdelauzun.fr\/","name":"D\u00e9tente Bien-\u00eatre Th\u00e9rapies \u00e0 St Colomb de Lauzun","description":"Lieu propice \u00e0 la d\u00e9tente et aux d\u00e9couvertes au triangle de la Dordogne de la Gironde et du Lot et Garonne","potentialAction":[{"@type":"SearchAction","target":{"@type":"EntryPoint","urlTemplate":"https:\/\/detente-aupaysdelauzun.fr\/?s={search_term_string}"},"query-input":{"@type":"PropertyValueSpecification","valueRequired":true,"valueName":"search_term_string"}}],"inLanguage":"fr-FR"}]}},"_links":{"self":[{"href":"https:\/\/detente-aupaysdelauzun.fr\/index.php\/wp-json\/wp\/v2\/pages\/101","targetHints":{"allow":["GET"]}}],"collection":[{"href":"https:\/\/detente-aupaysdelauzun.fr\/index.php\/wp-json\/wp\/v2\/pages"}],"about":[{"href":"https:\/\/detente-aupaysdelauzun.fr\/index.php\/wp-json\/wp\/v2\/types\/page"}],"author":[{"embeddable":true,"href":"https:\/\/detente-aupaysdelauzun.fr\/index.php\/wp-json\/wp\/v2\/users\/2"}],"replies":[{"embeddable":true,"href":"https:\/\/detente-aupaysdelauzun.fr\/index.php\/wp-json\/wp\/v2\/comments?post=101"}],"version-history":[{"count":14,"href":"https:\/\/detente-aupaysdelauzun.fr\/index.php\/wp-json\/wp\/v2\/pages\/101\/revisions"}],"predecessor-version":[{"id":360,"href":"https:\/\/detente-aupaysdelauzun.fr\/index.php\/wp-json\/wp\/v2\/pages\/101\/revisions\/360"}],"wp:attachment":[{"href":"https:\/\/detente-aupaysdelauzun.fr\/index.php\/wp-json\/wp\/v2\/media?parent=101"}],"curies":[{"name":"wp","href":"https:\/\/api.w.org\/{rel}","templated":true}]}}